{"id":70,"date":"2016-03-17T07:43:28","date_gmt":"2016-03-17T07:43:28","guid":{"rendered":"http:\/\/veribilgisayar.com\/web\/?post_type=product&#038;p=70"},"modified":"2017-02-25T10:02:48","modified_gmt":"2017-02-25T10:02:48","slug":"tysso-prp950-yuksek-hizli-termal-fis-yazici","status":"publish","type":"product","link":"https:\/\/www.veribilgisayar.com\/web\/urun\/tysso-prp950-yuksek-hizli-termal-fis-yazici\/","title":{"rendered":"TYSSO PRP950 Y\u00fcksek H\u0131zl\u0131 Termal Fi\u015f Yaz\u0131c\u0131"},"content":{"rendered":"","protected":false},"excerpt":{"rendered":"<p>Tysso Pop950 i\u00e7in termal fi\u015f yaz\u0131c\u0131<\/p>\n","protected":false},"featured_media":71,"comment_status":"open","ping_status":"closed","template":"","meta":[],"_links":{"self":[{"href":"https:\/\/www.veribilgisayar.com\/web\/wp-json\/wp\/v2\/product\/70"}],"collection":[{"href":"https:\/\/www.veribilgisayar.com\/web\/wp-json\/wp\/v2\/product"}],"about":[{"href":"https:\/\/www.veribilgisayar.com\/web\/wp-json\/wp\/v2\/types\/product"}],"replies":[{"embeddable":true,"href":"https:\/\/www.veribilgisayar.com\/web\/wp-json\/wp\/v2\/comments?post=70"}],"wp:featuredmedia":[{"embeddable":true,"href":"https:\/\/www.veribilgisayar.com\/web\/wp-json\/wp\/v2\/media\/71"}],"wp:attachment":[{"href":"https:\/\/www.veribilgisayar.com\/web\/wp-json\/wp\/v2\/media?parent=70"}],"curies":[{"name":"wp","href":"https:\/\/api.w.org\/{rel}","templated":true}]}}