{"id":601,"date":"2019-07-08T08:02:00","date_gmt":"2019-07-08T08:02:00","guid":{"rendered":"http:\/\/veribilgisayar.com\/web\/?post_type=product&#038;p=601"},"modified":"2021-02-21T19:42:57","modified_gmt":"2021-02-21T19:42:57","slug":"sunmi-m2-android-el-terminali","status":"publish","type":"product","link":"https:\/\/www.veribilgisayar.com\/web\/urun\/sunmi-m2-android-el-terminali\/","title":{"rendered":"Sunmi M2 Android El Terminali"},"content":{"rendered":"","protected":false},"excerpt":{"rendered":"<ul>\n<li>Darbeye, Suya ve Tozlanmaya kar\u015f\u0131 dayal\u0131kl\u0131 (IP65)<\/li>\n<li>Qualcomm 1.4 GHz Quad Core \u0130\u015flemci<\/li>\n<li>1 GB RAM ve 8 GB ROM<\/li>\n<li>5.0\u00a8HD Dokunmatik Ekran,IPS 1280\u00d7720 Ekran \u00c7\u00f6z\u00fcn\u00fcrl\u00fc\u011f\u00fc<\/li>\n<li>Android 7.1 Tabanl\u0131 SUNMI O\/S \u0130\u015fletim Sistemi<\/li>\n<li>lEEE 802.11 a\/b\/g\/n Wi-Fi<\/li>\n<li>Bluetooth 2.1\/3.0\/4.2, BLE Deste\u011fi<\/li>\n<li>0,3MP Kamera, H\u0131zl\u0131 1D\/2D Barkod Okuma<\/li>\n<li>Dahili 3.8V, 3,000 mAh Lityum \u0130on Pil<\/li>\n<li>USB Tip-C \u00d7 1<\/li>\n<\/ul>\n","protected":false},"featured_media":602,"comment_status":"closed","ping_status":"closed","template":"","meta":[],"_links":{"self":[{"href":"https:\/\/www.veribilgisayar.com\/web\/wp-json\/wp\/v2\/product\/601"}],"collection":[{"href":"https:\/\/www.veribilgisayar.com\/web\/wp-json\/wp\/v2\/product"}],"about":[{"href":"https:\/\/www.veribilgisayar.com\/web\/wp-json\/wp\/v2\/types\/product"}],"replies":[{"embeddable":true,"href":"https:\/\/www.veribilgisayar.com\/web\/wp-json\/wp\/v2\/comments?post=601"}],"wp:featuredmedia":[{"embeddable":true,"href":"https:\/\/www.veribilgisayar.com\/web\/wp-json\/wp\/v2\/media\/602"}],"wp:attachment":[{"href":"https:\/\/www.veribilgisayar.com\/web\/wp-json\/wp\/v2\/media?parent=601"}],"curies":[{"name":"wp","href":"https:\/\/api.w.org\/{rel}","templated":true}]}}