{"id":589,"date":"2019-04-23T13:57:43","date_gmt":"2019-04-23T13:57:43","guid":{"rendered":"http:\/\/veribilgisayar.com\/web\/?post_type=product&#038;p=589"},"modified":"2019-04-23T13:58:24","modified_gmt":"2019-04-23T13:58:24","slug":"tysso-tp1515-celeron-j1900-2-0ghz-15%e2%80%b3-dokunmatik-pos-bilgisayar","status":"publish","type":"product","link":"https:\/\/www.veribilgisayar.com\/web\/urun\/tysso-tp1515-celeron-j1900-2-0ghz-15%e2%80%b3-dokunmatik-pos-bilgisayar\/","title":{"rendered":"TYSSO TP1515 Celeron J1900 2.0GHz 15\u2033 Dokunmatik POS Bilgisayar"},"content":{"rendered":"","protected":false},"excerpt":{"rendered":"<pre id=\"tw-target-text\" class=\"tw-data-text tw-ta tw-text-small\" dir=\"ltr\" data-fulltext=\"\" data-placeholder=\"\u00c7eviri\"><span lang=\"tr\">CPU Intel\u00ae Bay Trail-D Platformu, Celeron\u00ae \u0130\u015flemci J1900\r\n(2.0 GHz, 2M \u00d6nbellek, 2,42 GHz'e kadar)\r\nYonga seti -\r\nSistem Belle\u011fi DDR3L SO-DIMM 1333MHz x 2, maksimum 8 GB'a kadar\r\nGrafik Intel\u00ae HD Grafik\r\n\u0130\u015fletim Sistemi Deste\u011fi POS Ready 7, Windows 7, Windows 8.1, Windows 10, Linux<\/span><\/pre>\n","protected":false},"featured_media":350,"comment_status":"closed","ping_status":"closed","template":"","meta":[],"_links":{"self":[{"href":"https:\/\/www.veribilgisayar.com\/web\/wp-json\/wp\/v2\/product\/589"}],"collection":[{"href":"https:\/\/www.veribilgisayar.com\/web\/wp-json\/wp\/v2\/product"}],"about":[{"href":"https:\/\/www.veribilgisayar.com\/web\/wp-json\/wp\/v2\/types\/product"}],"replies":[{"embeddable":true,"href":"https:\/\/www.veribilgisayar.com\/web\/wp-json\/wp\/v2\/comments?post=589"}],"wp:featuredmedia":[{"embeddable":true,"href":"https:\/\/www.veribilgisayar.com\/web\/wp-json\/wp\/v2\/media\/350"}],"wp:attachment":[{"href":"https:\/\/www.veribilgisayar.com\/web\/wp-json\/wp\/v2\/media?parent=589"}],"curies":[{"name":"wp","href":"https:\/\/api.w.org\/{rel}","templated":true}]}}