{"id":456,"date":"2018-03-13T16:52:26","date_gmt":"2018-03-13T16:52:26","guid":{"rendered":"http:\/\/veribilgisayar.com\/web\/?post_type=product&#038;p=456"},"modified":"2018-04-11T07:19:22","modified_gmt":"2018-04-11T07:19:22","slug":"vega-kopuk-oto-yikama-ve-oto-kuafor-otomasyonu-programi-yazilimi","status":"publish","type":"product","link":"https:\/\/www.veribilgisayar.com\/web\/urun\/vega-kopuk-oto-yikama-ve-oto-kuafor-otomasyonu-programi-yazilimi\/","title":{"rendered":"Vega K\u00f6p\u00fck Oto Y\u0131kama ve Oto Kuaf\u00f6r Otomasyonu"},"content":{"rendered":"<p>Oto y\u0131kama sekt\u00f6r\u00fcn\u00fcn ihtiya\u00e7lar\u0131na g\u00f6re haz\u0131rlanm\u0131\u015f bir yaz\u0131l\u0131md\u0131r.<\/p>\n<ul>\n<li>Masraflar\u0131 d\u00fc\u015f\u00fcr\u00fcr ve maliyetleri kontrol alt\u0131na alman\u0131z\u0131 sa\u011flar<\/li>\n<li>Personel prim hesaplamalar\u0131n\u0131 yapar<\/li>\n<li>Detayl\u0131 raporlar verir<\/li>\n<li>Firma sahibi istedi\u011fi yerden iste\u011fi cihazdan raporlar\u0131 kontrol edebilir<\/li>\n<li>Bekleyen ara\u00e7lar\u0131, y\u0131kanan ara\u00e7lar\u0131 ve biten ara\u00e7lar\u0131 g\u00f6sterir<\/li>\n<li>\u00c7ift fi\u015f basarak bir n\u00fcsha m\u00fc\u015fteriye bir n\u00fcsha y\u0131kamac\u0131ya verir<\/li>\n<li>Kaybolan fi\u015fler tekrar bas\u0131labilir<\/li>\n<li>Fi\u015fleri ar\u015fivlemeye gerek yoktur<\/li>\n<li>Aksesuar ve \u00fcr\u00fcn sat\u0131\u015f\u0131 yap\u0131labilir<\/li>\n<\/ul>\n","protected":false},"excerpt":{"rendered":"<p>Oto y\u0131kama sekt\u00f6r\u00fcn\u00fcn ihtiya\u00e7lar\u0131na g\u00f6re haz\u0131rlanm\u0131\u015f bir yaz\u0131l\u0131md\u0131r. Masraflar\u0131 d\u00fc\u015f\u00fcr\u00fcr ve maliyetleri kontrol alt\u0131na alman\u0131z\u0131 sa\u011flar Personel prim hesaplamalar\u0131n\u0131 yapar Detayl\u0131 raporlar verir Firma sahibi istedi\u011fi yerden iste\u011fi cihazdan raporlar\u0131 kontrol edebilir Bekleyen ara\u00e7lar\u0131, y\u0131kanan&#8230;<\/p>\n","protected":false},"featured_media":457,"comment_status":"closed","ping_status":"closed","template":"","meta":[],"_links":{"self":[{"href":"https:\/\/www.veribilgisayar.com\/web\/wp-json\/wp\/v2\/product\/456"}],"collection":[{"href":"https:\/\/www.veribilgisayar.com\/web\/wp-json\/wp\/v2\/product"}],"about":[{"href":"https:\/\/www.veribilgisayar.com\/web\/wp-json\/wp\/v2\/types\/product"}],"replies":[{"embeddable":true,"href":"https:\/\/www.veribilgisayar.com\/web\/wp-json\/wp\/v2\/comments?post=456"}],"wp:featuredmedia":[{"embeddable":true,"href":"https:\/\/www.veribilgisayar.com\/web\/wp-json\/wp\/v2\/media\/457"}],"wp:attachment":[{"href":"https:\/\/www.veribilgisayar.com\/web\/wp-json\/wp\/v2\/media?parent=456"}],"curies":[{"name":"wp","href":"https:\/\/api.w.org\/{rel}","templated":true}]}}