{"id":435,"date":"2018-02-10T08:48:52","date_gmt":"2018-02-10T08:48:52","guid":{"rendered":"http:\/\/veribilgisayar.com\/web\/?post_type=product&#038;p=435"},"modified":"2018-02-10T08:48:52","modified_gmt":"2018-02-10T08:48:52","slug":"syscall-gp-1000t-transmitter","status":"publish","type":"product","link":"https:\/\/www.veribilgisayar.com\/web\/urun\/syscall-gp-1000t-transmitter\/","title":{"rendered":"Syscall Gp-1000T Transmitter"},"content":{"rendered":"","protected":false},"excerpt":{"rendered":"<ul>\n<li id=\"tw-target-text\" class=\"tw-data-text tw-ta tw-text-small\" dir=\"ltr\" data-placeholder=\"\u00c7eviri\"><strong><span lang=\"tr\">Basit kurulum<\/span><\/strong><\/li>\n<li class=\"tw-data-text tw-ta tw-text-small\" dir=\"ltr\" data-placeholder=\"\u00c7eviri\"><strong><span lang=\"tr\">Kolay Kullan\u0131m<\/span><\/strong><\/li>\n<li class=\"tw-data-text tw-ta tw-text-small\" dir=\"ltr\" data-placeholder=\"\u00c7eviri\"><strong><span lang=\"tr\">Titre\u015fim, LED, Ses<\/span><\/strong><\/li>\n<li class=\"tw-data-text tw-ta tw-text-small\" dir=\"ltr\" data-placeholder=\"\u00c7eviri\"><strong><span lang=\"tr\">LCD Grafik<\/span><\/strong><\/li>\n<li class=\"tw-data-text tw-ta tw-text-small\" dir=\"ltr\" data-placeholder=\"\u00c7eviri\"><strong><span lang=\"tr\">Boyut: 130 * 170 * 32mm<\/span><\/strong><\/li>\n<\/ul>\n<pre class=\"tw-data-text tw-ta tw-text-small\" dir=\"ltr\" data-fulltext=\"\" data-placeholder=\"\u00c7eviri\"><strong><span lang=\"tr\">* Seri ba\u011flant\u0131 noktas\u0131 olmadan<\/span><\/strong><\/pre>\n<p>&nbsp;<\/p>\n","protected":false},"featured_media":436,"comment_status":"closed","ping_status":"closed","template":"","meta":[],"_links":{"self":[{"href":"https:\/\/www.veribilgisayar.com\/web\/wp-json\/wp\/v2\/product\/435"}],"collection":[{"href":"https:\/\/www.veribilgisayar.com\/web\/wp-json\/wp\/v2\/product"}],"about":[{"href":"https:\/\/www.veribilgisayar.com\/web\/wp-json\/wp\/v2\/types\/product"}],"replies":[{"embeddable":true,"href":"https:\/\/www.veribilgisayar.com\/web\/wp-json\/wp\/v2\/comments?post=435"}],"wp:featuredmedia":[{"embeddable":true,"href":"https:\/\/www.veribilgisayar.com\/web\/wp-json\/wp\/v2\/media\/436"}],"wp:attachment":[{"href":"https:\/\/www.veribilgisayar.com\/web\/wp-json\/wp\/v2\/media?parent=435"}],"curies":[{"name":"wp","href":"https:\/\/api.w.org\/{rel}","templated":true}]}}