{"id":433,"date":"2018-02-10T08:43:40","date_gmt":"2018-02-10T08:43:40","guid":{"rendered":"http:\/\/veribilgisayar.com\/web\/?post_type=product&#038;p=433"},"modified":"2018-02-10T08:43:40","modified_gmt":"2018-02-10T08:43:40","slug":"syscall-gp-300r-telefon-sarji-10parca-set","status":"publish","type":"product","link":"https:\/\/www.veribilgisayar.com\/web\/urun\/syscall-gp-300r-telefon-sarji-10parca-set\/","title":{"rendered":"Syscall Gp-300R Telefon \u015earj\u0131 10Par\u00e7a Set"},"content":{"rendered":"","protected":false},"excerpt":{"rendered":"<p>Syscall Gp-300R Telefon \u015earj\u0131 10Par\u00e7a Set<\/p>\n","protected":false},"featured_media":434,"comment_status":"closed","ping_status":"closed","template":"","meta":[],"_links":{"self":[{"href":"https:\/\/www.veribilgisayar.com\/web\/wp-json\/wp\/v2\/product\/433"}],"collection":[{"href":"https:\/\/www.veribilgisayar.com\/web\/wp-json\/wp\/v2\/product"}],"about":[{"href":"https:\/\/www.veribilgisayar.com\/web\/wp-json\/wp\/v2\/types\/product"}],"replies":[{"embeddable":true,"href":"https:\/\/www.veribilgisayar.com\/web\/wp-json\/wp\/v2\/comments?post=433"}],"wp:featuredmedia":[{"embeddable":true,"href":"https:\/\/www.veribilgisayar.com\/web\/wp-json\/wp\/v2\/media\/434"}],"wp:attachment":[{"href":"https:\/\/www.veribilgisayar.com\/web\/wp-json\/wp\/v2\/media?parent=433"}],"curies":[{"name":"wp","href":"https:\/\/api.w.org\/{rel}","templated":true}]}}