{"id":432,"date":"2018-02-10T08:38:01","date_gmt":"2018-02-10T08:38:01","guid":{"rendered":"http:\/\/veribilgisayar.com\/web\/?post_type=product&#038;p=432"},"modified":"2018-02-10T08:53:40","modified_gmt":"2018-02-10T08:53:40","slug":"syscall-srt-8000-repeater-sinyal-guclendirici","status":"publish","type":"product","link":"https:\/\/www.veribilgisayar.com\/web\/urun\/syscall-srt-8000-repeater-sinyal-guclendirici\/","title":{"rendered":"Syscall Srt-8000 Repeater Sinyal G\u00fc\u00e7lendirici"},"content":{"rendered":"","protected":false},"excerpt":{"rendered":"<ul>\n<li><strong>Verici tekrarlay\u0131c\u0131 [BULGU] <\/strong><\/li>\n<li><strong>Sinyal artt\u0131r\u0131c\u0131 <\/strong><\/li>\n<li><strong>Kablosuz Veri Kopyalama <\/strong><\/li>\n<li><strong>Renk: Siyah <\/strong><\/li>\n<li><strong>Vericiler ve al\u0131c\u0131lar ile uyumlu <\/strong><\/li>\n<\/ul>\n<p><strong>* Al\u0131nan mesafeyi artt\u0131rmak i\u00e7in yakla\u015f\u0131k. 2 kez<\/strong><\/p>\n","protected":false},"featured_media":437,"comment_status":"closed","ping_status":"closed","template":"","meta":[],"_links":{"self":[{"href":"https:\/\/www.veribilgisayar.com\/web\/wp-json\/wp\/v2\/product\/432"}],"collection":[{"href":"https:\/\/www.veribilgisayar.com\/web\/wp-json\/wp\/v2\/product"}],"about":[{"href":"https:\/\/www.veribilgisayar.com\/web\/wp-json\/wp\/v2\/types\/product"}],"replies":[{"embeddable":true,"href":"https:\/\/www.veribilgisayar.com\/web\/wp-json\/wp\/v2\/comments?post=432"}],"wp:featuredmedia":[{"embeddable":true,"href":"https:\/\/www.veribilgisayar.com\/web\/wp-json\/wp\/v2\/media\/437"}],"wp:attachment":[{"href":"https:\/\/www.veribilgisayar.com\/web\/wp-json\/wp\/v2\/media?parent=432"}],"curies":[{"name":"wp","href":"https:\/\/api.w.org\/{rel}","templated":true}]}}