{"id":426,"date":"2018-02-10T08:29:31","date_gmt":"2018-02-10T08:29:31","guid":{"rendered":"http:\/\/veribilgisayar.com\/web\/?post_type=product&#038;p=426"},"modified":"2018-02-10T08:29:31","modified_gmt":"2018-02-10T08:29:31","slug":"syscall-dt-5010-numarator","status":"publish","type":"product","link":"https:\/\/www.veribilgisayar.com\/web\/urun\/syscall-dt-5010-numarator\/","title":{"rendered":"Syscall DT-5010 Numarat\u00f6r"},"content":{"rendered":"","protected":false},"excerpt":{"rendered":"<ul>\n<li id=\"tw-target-text\" class=\"tw-data-text tw-ta tw-text-small\" dir=\"ltr\" data-placeholder=\"\u00c7eviri\"><strong><span lang=\"tr\">Boyut: 130 * 170 * 32mm<\/span><\/strong><\/li>\n<li class=\"tw-data-text tw-ta tw-text-small\" dir=\"ltr\" data-placeholder=\"\u00c7eviri\"><strong>A\u011f\u0131rl\u0131k: 410g<\/strong><\/li>\n<li class=\"tw-data-text tw-ta tw-text-small\" dir=\"ltr\" data-placeholder=\"\u00c7eviri\"><strong><span lang=\"tr\">DC12V \/ 1A (100V ~ 240V) Serbest Gerilim Adapt\u00f6r\u00fc<\/span><\/strong><\/li>\n<li class=\"tw-data-text tw-ta tw-text-small\" dir=\"ltr\" data-placeholder=\"\u00c7eviri\"><strong><span lang=\"tr\">\u00c7a\u011fr\u0131 cihazlar\u0131yla uyumlu (SB-600)<\/span><\/strong><\/li>\n<\/ul>\n<pre class=\"tw-data-text tw-ta tw-text-small\" dir=\"ltr\" data-fulltext=\"\" data-placeholder=\"\u00c7eviri\"><span lang=\"tr\">* Sunucu \u00c7a\u011fr\u0131 Sistemi *\r\nMutfak veya Bar'dan sunucular\u0131  arama  <\/span><\/pre>\n","protected":false},"featured_media":427,"comment_status":"closed","ping_status":"closed","template":"","meta":[],"_links":{"self":[{"href":"https:\/\/www.veribilgisayar.com\/web\/wp-json\/wp\/v2\/product\/426"}],"collection":[{"href":"https:\/\/www.veribilgisayar.com\/web\/wp-json\/wp\/v2\/product"}],"about":[{"href":"https:\/\/www.veribilgisayar.com\/web\/wp-json\/wp\/v2\/types\/product"}],"replies":[{"embeddable":true,"href":"https:\/\/www.veribilgisayar.com\/web\/wp-json\/wp\/v2\/comments?post=426"}],"wp:featuredmedia":[{"embeddable":true,"href":"https:\/\/www.veribilgisayar.com\/web\/wp-json\/wp\/v2\/media\/427"}],"wp:attachment":[{"href":"https:\/\/www.veribilgisayar.com\/web\/wp-json\/wp\/v2\/media?parent=426"}],"curies":[{"name":"wp","href":"https:\/\/api.w.org\/{rel}","templated":true}]}}