{"id":420,"date":"2018-02-10T08:17:36","date_gmt":"2018-02-10T08:17:36","guid":{"rendered":"http:\/\/veribilgisayar.com\/web\/?post_type=product&#038;p=420"},"modified":"2018-02-10T08:55:25","modified_gmt":"2018-02-10T08:55:25","slug":"syscall-st-200-kablosuz-cagri-sistemi-tek-fonksiyonlu-buton","status":"publish","type":"product","link":"https:\/\/www.veribilgisayar.com\/web\/urun\/syscall-st-200-kablosuz-cagri-sistemi-tek-fonksiyonlu-buton\/","title":{"rendered":"Syscall St-200 Kablosuz \u00c7a\u011fr\u0131 Sistemi Tek Fonksiyonlu Buton"},"content":{"rendered":"","protected":false},"excerpt":{"rendered":"<ul>\n<li><strong>Bir arama d\u00fc\u011fmesi <\/strong><\/li>\n<li><strong>Dahili anten <\/strong><\/li>\n<li><strong>\u0130Y\u0130 TASARIM \u00d6d\u00fcl\u00fc <\/strong><\/li>\n<li><strong>Boyut:59x7mm <\/strong><\/li>\n<li><strong>Pil: DC 3V, CR2025 <\/strong><\/li>\n<li><strong>Renk: Siyah, \u015earap<\/strong><\/li>\n<\/ul>\n","protected":false},"featured_media":421,"comment_status":"closed","ping_status":"closed","template":"","meta":[],"_links":{"self":[{"href":"https:\/\/www.veribilgisayar.com\/web\/wp-json\/wp\/v2\/product\/420"}],"collection":[{"href":"https:\/\/www.veribilgisayar.com\/web\/wp-json\/wp\/v2\/product"}],"about":[{"href":"https:\/\/www.veribilgisayar.com\/web\/wp-json\/wp\/v2\/types\/product"}],"replies":[{"embeddable":true,"href":"https:\/\/www.veribilgisayar.com\/web\/wp-json\/wp\/v2\/comments?post=420"}],"wp:featuredmedia":[{"embeddable":true,"href":"https:\/\/www.veribilgisayar.com\/web\/wp-json\/wp\/v2\/media\/421"}],"wp:attachment":[{"href":"https:\/\/www.veribilgisayar.com\/web\/wp-json\/wp\/v2\/media?parent=420"}],"curies":[{"name":"wp","href":"https:\/\/api.w.org\/{rel}","templated":true}]}}