{"id":418,"date":"2018-02-10T08:15:08","date_gmt":"2018-02-10T08:15:08","guid":{"rendered":"http:\/\/veribilgisayar.com\/web\/?post_type=product&#038;p=418"},"modified":"2018-02-10T08:15:08","modified_gmt":"2018-02-10T08:15:08","slug":"syscall-st-400-kablosuz-cagri-sistemi-tek-fonksiyonlu-buton","status":"publish","type":"product","link":"https:\/\/www.veribilgisayar.com\/web\/urun\/syscall-st-400-kablosuz-cagri-sistemi-tek-fonksiyonlu-buton\/","title":{"rendered":"Syscall St-400 Kablosuz \u00c7a\u011fr\u0131 Sistemi Tek Fonksiyonlu Buton"},"content":{"rendered":"","protected":false},"excerpt":{"rendered":"<ul>\n<li><strong>Bir arama d\u00fc\u011fmesi <\/strong><\/li>\n<li><strong>Dahili anten <\/strong><\/li>\n<li><strong>Suya dayan\u0131kl\u0131 <\/strong><\/li>\n<li><strong>Boyut: 53x53x22 mm <\/strong><\/li>\n<li><strong>Ak\u00fc: DC 3V, CR2025 <\/strong><\/li>\n<li><strong>Renk: Siyah, Beyaz<\/strong><\/li>\n<\/ul>\n","protected":false},"featured_media":419,"comment_status":"closed","ping_status":"closed","template":"","meta":[],"_links":{"self":[{"href":"https:\/\/www.veribilgisayar.com\/web\/wp-json\/wp\/v2\/product\/418"}],"collection":[{"href":"https:\/\/www.veribilgisayar.com\/web\/wp-json\/wp\/v2\/product"}],"about":[{"href":"https:\/\/www.veribilgisayar.com\/web\/wp-json\/wp\/v2\/types\/product"}],"replies":[{"embeddable":true,"href":"https:\/\/www.veribilgisayar.com\/web\/wp-json\/wp\/v2\/comments?post=418"}],"wp:featuredmedia":[{"embeddable":true,"href":"https:\/\/www.veribilgisayar.com\/web\/wp-json\/wp\/v2\/media\/419"}],"wp:attachment":[{"href":"https:\/\/www.veribilgisayar.com\/web\/wp-json\/wp\/v2\/media?parent=418"}],"curies":[{"name":"wp","href":"https:\/\/api.w.org\/{rel}","templated":true}]}}