{"id":416,"date":"2018-02-10T08:11:57","date_gmt":"2018-02-10T08:11:57","guid":{"rendered":"http:\/\/veribilgisayar.com\/web\/?post_type=product&#038;p=416"},"modified":"2018-02-10T08:11:57","modified_gmt":"2018-02-10T08:11:57","slug":"syscall-st-600-kablosuz-cagri-sistemi-3-fonksiyonlu-buton","status":"publish","type":"product","link":"https:\/\/www.veribilgisayar.com\/web\/urun\/syscall-st-600-kablosuz-cagri-sistemi-3-fonksiyonlu-buton\/","title":{"rendered":"Syscall St-600 Kablosuz \u00c7a\u011fr\u0131 Sistemi 3 Fonksiyonlu Buton"},"content":{"rendered":"","protected":false},"excerpt":{"rendered":"<ul>\n<li id=\"tw-target-text\" class=\"tw-data-text tw-ta tw-text-small\" dir=\"ltr\" data-placeholder=\"\u00c7eviri\"><strong><span lang=\"tr\">\u00dc\u00e7 \u00e7a\u011fr\u0131 d\u00fc\u011fmesi (\u00c7a\u011fr\u0131, Hesap, \u0130ptal)<br \/>\n<\/span><\/strong><\/li>\n<li dir=\"ltr\" data-placeholder=\"\u00c7eviri\"><strong>\u0130nce tasar\u0131m<\/strong><\/li>\n<li dir=\"ltr\" data-placeholder=\"\u00c7eviri\"><strong>Dahili Anten<\/strong><\/li>\n<li dir=\"ltr\" data-placeholder=\"\u00c7eviri\"><strong>\u0130nce (Slim) Tasar\u0131m<\/strong><\/li>\n<li dir=\"ltr\" data-placeholder=\"\u00c7eviri\"><strong>Boyular\u0131 59x9mm<\/strong><\/li>\n<li dir=\"ltr\" data-placeholder=\"\u00c7eviri\"><strong>Pil DC 3v, CR2025<\/strong><\/li>\n<li dir=\"ltr\" data-placeholder=\"\u00c7eviri\"><strong>Renk : Siyah, \u015earap<\/strong><\/li>\n<\/ul>\n","protected":false},"featured_media":417,"comment_status":"closed","ping_status":"closed","template":"","meta":[],"_links":{"self":[{"href":"https:\/\/www.veribilgisayar.com\/web\/wp-json\/wp\/v2\/product\/416"}],"collection":[{"href":"https:\/\/www.veribilgisayar.com\/web\/wp-json\/wp\/v2\/product"}],"about":[{"href":"https:\/\/www.veribilgisayar.com\/web\/wp-json\/wp\/v2\/types\/product"}],"replies":[{"embeddable":true,"href":"https:\/\/www.veribilgisayar.com\/web\/wp-json\/wp\/v2\/comments?post=416"}],"wp:featuredmedia":[{"embeddable":true,"href":"https:\/\/www.veribilgisayar.com\/web\/wp-json\/wp\/v2\/media\/417"}],"wp:attachment":[{"href":"https:\/\/www.veribilgisayar.com\/web\/wp-json\/wp\/v2\/media?parent=416"}],"curies":[{"name":"wp","href":"https:\/\/api.w.org\/{rel}","templated":true}]}}