{"id":407,"date":"2018-02-10T07:50:46","date_gmt":"2018-02-10T07:50:46","guid":{"rendered":"http:\/\/veribilgisayar.com\/web\/?post_type=product&#038;p=407"},"modified":"2018-02-10T07:50:46","modified_gmt":"2018-02-10T07:50:46","slug":"elzab-konusan-fiyat-gor","status":"publish","type":"product","link":"https:\/\/www.veribilgisayar.com\/web\/urun\/elzab-konusan-fiyat-gor\/","title":{"rendered":"ELZAB Konu\u015fan Fiyat G\u00f6r"},"content":{"rendered":"<p><iframe loading=\"lazy\" width=\"670\" height=\"377\" src=\"https:\/\/www.youtube.com\/embed\/Qj37kya9q-4?feature=oembed\" frameborder=\"0\" allow=\"accelerometer; autoplay; encrypted-media; gyroscope; picture-in-picture\" allowfullscreen><\/iframe><\/p>\n<p><iframe loading=\"lazy\" width=\"670\" height=\"377\" src=\"https:\/\/www.youtube.com\/embed\/aMkWl_IMoYU?feature=oembed\" frameborder=\"0\" allow=\"accelerometer; autoplay; encrypted-media; gyroscope; picture-in-picture\" allowfullscreen><\/iframe><\/p>\n<p><iframe loading=\"lazy\" width=\"670\" height=\"377\" src=\"https:\/\/www.youtube.com\/embed\/Cm9U3QJQ8Bk?feature=oembed\" frameborder=\"0\" allow=\"accelerometer; autoplay; encrypted-media; gyroscope; picture-in-picture\" allowfullscreen><\/iframe><\/p>\n<p><a href=\"https:\/\/www.elzab.com.pl\/download\/en\/price_checker2015_en.pdf\">Detayl\u0131 Bro\u015f\u00fcr<\/a><\/p>\n<p><a href=\"https:\/\/www.elzab.com.pl\/download\/en\/i_tft.zip\">Teknik Bilgi<\/a><\/p>\n","protected":false},"excerpt":{"rendered":"<p>\u00d6zellikler<\/p>\n<ul>\n<li>T\u00fcrk\u00e7e ve \u0130ngilizce Konu\u015fabilme<\/li>\n<li>LAN ve Usb Ba\u011flant\u0131<\/li>\n<li>Online ve Offline \u00e7al\u0131\u015fabilir<\/li>\n<li>T\u00fcm yaz\u0131l\u0131mlar ile uyumlu<\/li>\n<li>EAN13, EAN8, EAN128, UPC-A, UPC-E, Kod 39, Kod 128, Kod 93 ve di\u011fer standart barkodlar<\/li>\n<li>Y\u00fcksek Okuma Kalitesine Sahip Lazer Tek ve \u00c7ok Y\u00f6nl\u00fc Barkod Okuyucu<\/li>\n<li>graphic TFT ve backlight 4,3\u201d (480&#215;272 )Ekran<\/li>\n<li>Boyut 197 mm (W) x 173 mm (S) x 137 mm (G)<\/li>\n<\/ul>\n","protected":false},"featured_media":408,"comment_status":"closed","ping_status":"closed","template":"","meta":[],"_links":{"self":[{"href":"https:\/\/www.veribilgisayar.com\/web\/wp-json\/wp\/v2\/product\/407"}],"collection":[{"href":"https:\/\/www.veribilgisayar.com\/web\/wp-json\/wp\/v2\/product"}],"about":[{"href":"https:\/\/www.veribilgisayar.com\/web\/wp-json\/wp\/v2\/types\/product"}],"replies":[{"embeddable":true,"href":"https:\/\/www.veribilgisayar.com\/web\/wp-json\/wp\/v2\/comments?post=407"}],"wp:featuredmedia":[{"embeddable":true,"href":"https:\/\/www.veribilgisayar.com\/web\/wp-json\/wp\/v2\/media\/408"}],"wp:attachment":[{"href":"https:\/\/www.veribilgisayar.com\/web\/wp-json\/wp\/v2\/media?parent=407"}],"curies":[{"name":"wp","href":"https:\/\/api.w.org\/{rel}","templated":true}]}}