{"id":386,"date":"2018-02-09T19:21:33","date_gmt":"2018-02-09T19:21:33","guid":{"rendered":"http:\/\/veribilgisayar.com\/web\/?post_type=product&#038;p=386"},"modified":"2018-02-09T19:51:28","modified_gmt":"2018-02-09T19:51:28","slug":"sunmi-m1-android-el-terminali","status":"publish","type":"product","link":"https:\/\/www.veribilgisayar.com\/web\/urun\/sunmi-m1-android-el-terminali\/","title":{"rendered":"Sunmi M1 Android El Terminali"},"content":{"rendered":"<p><iframe loading=\"lazy\" width=\"670\" height=\"377\" src=\"https:\/\/www.youtube.com\/embed\/b8esIbl41W4?feature=oembed\" frameborder=\"0\" allow=\"accelerometer; autoplay; encrypted-media; gyroscope; picture-in-picture\" allowfullscreen><\/iframe><\/p>\n<h3>\u00f6zellikler<\/h3>\n<table class=\"center\">\n<tbody>\n<tr>\n<td>\u0130\u015fletim<\/td>\n<td>Android 5.1<\/td>\n<\/tr>\n<tr>\n<td>i\u015flemci<\/td>\n<td>1.3GHz, Quadcore<\/td>\n<\/tr>\n<tr>\n<td>RAM<\/td>\n<td>512 MB<\/td>\n<\/tr>\n<tr>\n<td>ROM<\/td>\n<td>4 GB<\/td>\n<\/tr>\n<tr>\n<td>LCD<\/td>\n<td>4,5 &#8220;, 854 \u00d7 480 piksel<\/td>\n<\/tr>\n<tr>\n<td>kamera<\/td>\n<td>200W FF Makro<\/td>\n<\/tr>\n<tr>\n<td>3G<\/td>\n<td>GSM 900\/1800, WCDMA 900\/2100<\/td>\n<\/tr>\n<tr>\n<td>Kablosuz<\/td>\n<td>802.11 b \/ g \/ n<\/td>\n<\/tr>\n<tr>\n<td>Bluetooth<\/td>\n<td>4.0<\/td>\n<\/tr>\n<tr>\n<td>pil<\/td>\n<td>3.7V \/ 3000mAh<\/td>\n<\/tr>\n<tr>\n<td>boyutlar<\/td>\n<td>148 \u00d7 73 \u00d7 23 mm<\/td>\n<\/tr>\n<tr>\n<td>Be\u015fikteki boyutlar<\/td>\n<td>104 \u00d7 74 \u00d7 68 mm<\/td>\n<\/tr>\n<tr>\n<td>\u00c7al\u0131\u015fma s\u0131cakl\u0131\u011f\u0131<\/td>\n<td>5 &#8211; 40 santigrat derece<\/td>\n<\/tr>\n<\/tbody>\n<\/table>\n","protected":false},"excerpt":{"rendered":"<ul>\n<li>4,5 in\u00e7, TN 854*480 \u00e7\u00f6z\u00fcn\u00fcrl\u00fck<\/li>\n<li>D\u00f6rt \u00c7ekirdekli \u0130\u015flemci,1,3GHz, 4 \u00e7ekirdekli 4GB Nand Flash<\/li>\n<li>GSM 900\/1800, WCDMA 900\/2100 WIFI 802.11b \/ g \/ n (2.4G) Bluetooth 3.0 \/ 4.0 (ibeacon)<\/li>\n<li>\u00c7ift Renk Turuncu ve Siyah<\/li>\n<li>Kolay \u015farj i\u00e7in \u015earj \u0130stasyonu\u00a0INPUT\uff1aAC100~240V\/1.5A 50\/60Hz OUTPUT\uff1aDC5V\/1A<\/li>\n<li>3.7V \/ 3000mAh Y\u00fcksek g\u00fc\u00e7l\u00fc pil<br \/>\n8 saatin \u00fczerinde \u00e7al\u0131\u015fma, Karanl\u0131k ekran bekleme s\u00fcresi: 10 g\u00fcn , 3 saate tamamen \u015farj olur.<\/li>\n<\/ul>\n","protected":false},"featured_media":392,"comment_status":"closed","ping_status":"closed","template":"","meta":[],"_links":{"self":[{"href":"https:\/\/www.veribilgisayar.com\/web\/wp-json\/wp\/v2\/product\/386"}],"collection":[{"href":"https:\/\/www.veribilgisayar.com\/web\/wp-json\/wp\/v2\/product"}],"about":[{"href":"https:\/\/www.veribilgisayar.com\/web\/wp-json\/wp\/v2\/types\/product"}],"replies":[{"embeddable":true,"href":"https:\/\/www.veribilgisayar.com\/web\/wp-json\/wp\/v2\/comments?post=386"}],"wp:featuredmedia":[{"embeddable":true,"href":"https:\/\/www.veribilgisayar.com\/web\/wp-json\/wp\/v2\/media\/392"}],"wp:attachment":[{"href":"https:\/\/www.veribilgisayar.com\/web\/wp-json\/wp\/v2\/media?parent=386"}],"curies":[{"name":"wp","href":"https:\/\/api.w.org\/{rel}","templated":true}]}}