{"id":306,"date":"2017-02-10T08:59:27","date_gmt":"2017-02-10T08:59:27","guid":{"rendered":"http:\/\/veribilgisayar.com\/web\/?post_type=product&#038;p=306"},"modified":"2017-02-25T09:36:32","modified_gmt":"2017-02-25T09:36:32","slug":"e-ticaret-yazilim-uygulamasi","status":"publish","type":"product","link":"https:\/\/www.veribilgisayar.com\/web\/urun\/e-ticaret-yazilim-uygulamasi\/","title":{"rendered":"E-Ticaret Yaz\u0131l\u0131m Uygulamas\u0131"},"content":{"rendered":"<p><strong>E-ticaret sisteminin en \u00f6nemli \u00f6zelli\u011fi kullan\u0131m\u0131, y\u00f6netimi ve deste\u011fi inan\u0131lmaz bir \u015fekilde kolay ve esnek olmas\u0131d\u0131r. A\u015fa\u011f\u0131da genel olarak sistemimizle ilgili ba\u015fl\u0131ca bilgiler payla\u015f\u0131lm\u0131\u015ft\u0131r. Bu payla\u015f\u0131lan bilgilerin d\u0131\u015f\u0131nda bir\u00e7ok \u00f6zellik sistemde alt yap\u0131 olarak bar\u0131nmaktad\u0131r. Bu sayede yapt\u0131\u011f\u0131m\u0131z ak\u0131lc\u0131 geli\u015ftirmelerde basit, sade ve h\u0131zl\u0131 \u00f6zellikler geli\u015ftirilebilmektedir.<\/strong><\/p>\n<p>&nbsp;<\/p>\n<div class=\"ezcol ezcol-one-third\">\n<p><a href=\"http:\/\/www.vegayazilim.com.tr\/wp-content\/uploads\/2014\/12\/e-ticaret1.jpg\" rel=\"wp-prettyPhoto[3045]\"><img decoding=\"async\" loading=\"lazy\" class=\"alignleft wp-image-3069\" src=\"http:\/\/www.vegayazilim.com.tr\/wp-content\/uploads\/2015\/01\/sepet.jpg\" alt=\"e-ticaret1\" width=\"336\" height=\"282\" \/><\/a><\/p>\n<\/div>\n<div class=\"ezcol ezcol-two-third ezcol-last\">\n<div>\n<h3>\u00dcr\u00fcn \u00d6zellikleri<\/h3>\n<ul>\n<li>\u00dcr\u00fcn stok ve kategori y\u00f6netimi \u00f6zelli\u011fi (sat\u0131\u015fa a\u00e7ma(kapama, kategori de\u011fi\u015ftirme vb.) gibi geli\u015fmi\u015f \u00f6zellikler bulunmaktad\u0131r.<\/li>\n<li>\u00dcr\u00fcne s\u0131n\u0131rs\u0131z resim eklenebilmekte ve bir resim \u00f6n tan\u0131ml\u0131 olarak se\u00e7ilebilmektedir.<\/li>\n<li>E-ticaret sitesinde kategori, \u00fcr\u00fcn ad\u0131, \u00fcr\u00fcn kodu, \u00f6zellik tipleri vb. gibi kriterlerle esnek bir arama yap\u0131s\u0131 bulunmaktad\u0131r.<\/li>\n<li>Otomatik resim b\u00fcy\u00fcte\u00e7 \u00f6zelli\u011fi standart bir \u00f6zelliktir.<\/li>\n<li>Serili \u00fcr\u00fcn tan\u0131mlanmas\u0131 (renk, beden vb.) ve sat\u0131\u015fa sunulmas\u0131 standart bir \u00f6zelliktir.<\/li>\n<li>Stokta olmayan \u00fcr\u00fcnleri opsiyonel olarak g\u00f6r\u00fcnmez yapabilme \u00f6zelli\u011fi standart bir \u00f6zelliktir.<\/li>\n<li>Watermark ile \u00fcr\u00fcn resimlerini kopyalamaya kar\u015f\u0131 koruyabilme \u00f6zelli\u011fi standart bir \u00f6zelliktir.<\/li>\n<li>\u00dcr\u00fcne verilen tarih kriterleri aras\u0131nda indirim oran\u0131 veya tutar\u0131 verilebilir.<\/li>\n<\/ul>\n<\/div>\n<\/div>\n<div class=\"ezcol-divider\"><\/div>\n<div class=\"ezcol ezcol-one-third\"><\/div>\n<p>&nbsp;<\/p>\n<div class=\"ezcol ezcol-two-third ezcol-last\">\n<div>\n<h3>\u00dcye Y\u00f6netimi<\/h3>\n<ul>\n<li>\u00dcye olarak al\u0131\u015fveri\u015f yap\u0131labilmektedir.<\/li>\n<li>\u00dcyeler kendi sipari\u015flerini g\u00f6rebilmektedir.<\/li>\n<li>\u00dcyelerin al\u0131\u015fveri\u015f sepetlerini, takip listelerini g\u00f6r\u00fcnt\u00fcleyebilme<\/li>\n<li>\u00dcyeler \u00fcr\u00fcnlere yorum ve etiket ekleyebilir.<\/li>\n<\/ul>\n<\/div>\n<p>&nbsp;<\/p>\n<\/div>\n<div class=\"ezcol-divider\"><\/div>\n<div class=\"ezcol ezcol-one-third\"><\/div>\n<div>\n<h3>Sipari\u015f Y\u00f6netimi<\/h3>\n<ul>\n<li>Sipari\u015f takip y\u00f6netimi<\/li>\n<li>Sipari\u015f durum y\u00f6netimi \/ m\u00fc\u015fteriyi email ile bilgilendirebilme<\/li>\n<li>Sipari\u015f notu tan\u0131mlamalar\u0131<\/li>\n<li>Kargo durum y\u00f6netimi (Kargo firmas\u0131 ve takip numaras\u0131 giri\u015fleri)<\/li>\n<li>Teslimat b\u00f6lgeleri y\u00f6netimi (\u00fcr\u00fcn baz\u0131nda verilebilir.)<\/li>\n<li>2 farkl\u0131 kargo se\u00e7ene\u011fi (\u00fccretsiz \/ m\u00fc\u015fteri \u00f6der)<\/li>\n<\/ul>\n<\/div>\n<p>&nbsp;<\/p>\n<div class=\"ezcol ezcol-one-third\"><\/div>\n<div>\n<h3>Kampanya Y\u00f6netimi<\/h3>\n<ul>\n<li>Bir \u00fcr\u00fcn birden fazla kategoride olabilir mant\u0131\u011f\u0131 ile kurulmu\u015f olan kampanya kategorisi ile istedi\u011finiz kadar kampanya kategorisi olu\u015fturarak satmak istedi\u011finiz \u00fcr\u00fcnleri do\u011frudan \u00f6n plana \u00e7\u0131karabilirsiniz.<\/li>\n<li>Babalar g\u00fcn\u00fc, anneler g\u00fcn\u00fc, sevgililer g\u00fcn\u00fc gibi kampanya kategorileri olu\u015fturabilirsiniz.Olu\u015fturulmu\u015f olan bu kategorilere istedi\u011finiz \u00fcr\u00fcnleri ekleyerek sat\u0131\u015fta \u00f6n plana \u00e7\u0131karabilirsiniz.<\/li>\n<\/ul>\n<\/div>\n<p>&nbsp;<\/p>\n<div class=\"ezcol ezcol-one-third\"><\/div>\n<div>\n<h3>G\u00f6r\u00fcn\u00fcm ve Dizayn \u00d6zellikleri<\/h3>\n<ul>\n<li>S\u0131n\u0131rs\u0131z sayfa ekleme<\/li>\n<li>\u00dcst men\u00fc y\u00f6netimi (men\u00fcdeki butonlar\u0131 bir sayfa, kategori veya \u00fcr\u00fcne, bir arama sorgusuna ba\u011flayabilme)<\/li>\n<li>Html i\u00e7erik y\u00fckleyebilme<\/li>\n<li>\u0130\u00e7erik durum y\u00f6netimi<\/li>\n<li>\u00dcr\u00fcn veya sayfalara youtube, vimeo vb. videolar\u0131 ekleyebilme<\/li>\n<li>Giri\u015f sayfas\u0131nda istenilen esneklikte i\u00e7i i\u00e7e resim, slayt, html, \u00fcr\u00fcn slayt, foto\u011fraf slayt vb. gibi tasar\u0131m yapabilme \u00f6zelli\u011fi. Bu tasar\u0131m\u0131 anl\u0131k olarak de\u011fi\u015ftirebilme \u00f6zelli\u011fi.<\/li>\n<li>Ayr\u0131ca kar\u015f\u0131lama ana sayfas\u0131, kategori, men\u00fc ve \u00fcr\u00fcn baz\u0131nda \u00f6zelle\u015ftirilmi\u015f tasar\u0131m yap\u0131labilmektedir.<\/li>\n<\/ul>\n<\/div>\n<p>&nbsp;<\/p>\n<div class=\"ezcol ezcol-one-third\"><\/div>\n<div>\n<h3>\u00d6deme Sistemleri<\/h3>\n<ul>\n<li>Havale \/ EFT ile \u00f6deme imkan\u0131<\/li>\n<li>Paypal \u00f6deme altyap\u0131s\u0131<\/li>\n<li>Kap\u0131da \u00f6deme altyap\u0131s\u0131 (Nakit veya Kredi Kart\u0131)<\/li>\n<li>\u0130yzico \u00f6deme altyap\u0131s\u0131<\/li>\n<\/ul>\n<\/div>\n<p>&nbsp;<\/p>\n<div class=\"ezcol ezcol-one-third\"><\/div>\n<div>\n<h3>Kargo ve Teslimat<\/h3>\n<ul>\n<li>Kargo firmas\u0131 ve takip numaras\u0131 giri\u015fleri ile bilgilendirme<\/li>\n<li>Teslimat b\u00f6lgeleri y\u00f6netimi (\u00fcr\u00fcn baz\u0131nda verilebilir.)<\/li>\n<li>2 farkl\u0131 kargo se\u00e7ene\u011fi (\u00fccretsiz \/ m\u00fc\u015fteri \u00f6der)<\/li>\n<li>\u00dcr\u00fcnler ve sipari\u015f i\u00e7erikleri raporlar\u0131 VegaWin\u2019den de detayl\u0131ca al\u0131nmaktad\u0131r.<\/li>\n<\/ul>\n<\/div>\n<p>&nbsp;<\/p>\n<div class=\"ezcol ezcol-one-third\"><\/div>\n<div>\n<h3>Genel \u00d6zellikler<\/h3>\n<ul>\n<li>E-ticaret sitesinde taraf\u0131m\u0131zdan yap\u0131lan t\u00fcm g\u00fcncellemeler an\u0131nda hayat ge\u00e7mektedir. Bu sayede g\u00fcncelleme ve g\u00fcncelleme i\u00e7in ayr\u0131ca bir ekip vb. olmas\u0131na gerek bulunmamaktad\u0131r.<\/li>\n<li>E-ticaret sitesi alacak olan ki\u015finin ilgili sitesinin a\u00e7\u0131lmas\u0131 ve giri\u015flere ba\u015flamas\u0131 i\u00e7in gereken i\u015flem s\u00fcresi 1-2 dakikad\u0131r. Ba\u015fvuruda bulunan firma ayarlar\u0131 yapt\u0131ktan sonra 1-2 dakika i\u00e7inde siteye girerek i\u015flem yapmaya ba\u015flayabilir.<\/li>\n<\/ul>\n<\/div>\n<p>&nbsp;<\/p>\n<div class=\"ezcol ezcol-one-third\"><\/div>\n<div>\n<h3>Tema Tasar\u0131m\u0131<\/h3>\n<ul>\n<li>E-ticaret sitesindeki hemen hemen t\u00fcm alanlar g\u00f6rsel olarak \u00f6zelle\u015ftirilebilmektedir.<\/li>\n<li>Normal bir web sitesinde Header, Footer, Content, Sidebar gibi alanlar sabit olarak bulunmaktad\u0131r ve genelde de bir tane tasar\u0131m aktif olabilmektedir. Sistemimizde ise t\u00fcm bu g\u00f6rsel alanlar\u0131 kendiniz tasarlayabilir ve y\u00f6netebilirsiniz. Birden fazla header tasarlay\u0131p istedi\u011finiz \u00fcr\u00fcn kategorisinde veya men\u00fcde kullanabilirsiniz. \u00d6rne\u011fin ilk kar\u015f\u0131lama ekran\u0131nda men\u00fcde Ayakkab\u0131, Tekstil, G\u0131da \u015feklinde bir men\u00fc g\u00f6sterebilirsiniz. Ayakkab\u0131 men\u00fcs\u00fcn\u00fc se\u00e7ti\u011finizde yeni bir tema tasar\u0131m\u0131 (Header, Footer, Content, Sidebar) ve men\u00fc ile m\u00fc\u015fteriye hizmet verebilirsiniz. Ayn\u0131 zamanda Ayakkab\u0131 men\u00fcs\u00fcndeki yaz veya k\u0131\u015f men\u00fclerine bas\u0131nca da tekrar yeni bir tema tasar\u0131m\u0131 (Header, Footer, Content, Sidebar) m\u00fc\u015fteriye g\u00f6sterebilirsiniz.<\/li>\n<li>Tema tasar\u0131m\u0131 ekran\u0131nda iken HTML, CSS ve Javascript kullanarak m\u00fc\u015fterinin ihtiyac\u0131n\u0131 kar\u015f\u0131layacak \u00f6zelle\u015ftirmeler (men\u00fc tasar\u0131m\u0131, i\u00e7erik olu\u015fturma, liste se\u00e7me, se\u00e7ilen listeyi ilgili bir alana aktarma vb. gibi) yapabilirsiniz. Bu k\u0131s\u0131mda tamamen hayal g\u00fcc\u00fcn\u00fczle k\u0131s\u0131tl\u0131 bulunmaktas\u0131n\u0131z.<\/li>\n<li>Birden fazla tema tasar\u0131m\u0131 yapabildi\u011finiz gibi her tasar\u0131m i\u00e7erisindeki alt b\u00f6l\u00fcmleri (header, footer, content, sidebar, dinamik men\u00fc, tab men\u00fc vb.) di\u011fer temalar i\u00e7erisinden de kullanabilirsiniz. Bu sayede kategori, men\u00fc ve \u00fcr\u00fcn bazl\u0131 tasar\u0131mlar yapabilir ve istedi\u011finiz yerde bu tasar\u0131m\u0131 kullanabilirsiniz. Bebek men\u00fcs\u00fcne t\u0131klad\u0131\u011f\u0131n\u0131zda bebek ile ilgili g\u00f6rsel resim ve tasar\u0131mlar ekrana gelebilir. Ayn\u0131 zamanda Bebek men\u00fcs\u00fc alt\u0131ndaki banyo \u00fcr\u00fcnleri alt men\u00fcs\u00fcnde ise daha farkl\u0131 bir tasar\u0131m yapabilirsiniz.<\/li>\n<\/ul>\n<\/div>\n<p>&nbsp;<\/p>\n<div class=\"ezcol ezcol-one-third\"><\/div>\n<div>\n<h3>M\u00fc\u015fteriye \u00f6zel Geli\u015ftirme Yapabilme \u00d6zelli\u011fi<\/h3>\n<ul>\n<li>Sistemimizin altyap\u0131s\u0131nda bulunan geli\u015ftirme \u00f6zellikleri (HTML, CSS, Javascript, Bootstrap, Jquery) son kullan\u0131c\u0131ya a\u00e7\u0131lm\u0131\u015ft\u0131r. Ayn\u0131 zamanda kendi kodlar\u0131n\u0131z\u0131 ekleyerek \u00f6zelle\u015ftirme yapabilirsiniz. Bu sayede tema tasar\u0131m\u0131nda, tema i\u00e7erisindeki bir alan\u0131 b\u00f6l\u00fcmlere b\u00f6lmede herhangi bir engeliniz bulunmamaktad\u0131r. Bir\u00e7ok e-ticaret sitesinde olan haz\u0131r \u015fablonlara ba\u011f\u0131ml\u0131 olan bir tasar\u0131m yerine kendi hayalinizdeki tasar\u0131m\u0131 geli\u015ftirebilirsiniz. Ayr\u0131ca bu tasar\u0131m\u0131 istedi\u011finiz yerde kullanabilirsiniz.<\/li>\n<li>M\u00fc\u015fteriye \u00f6zel dinamik ve etkile\u015fimli geli\u015ftirmeler yapabilirsiniz. \u00d6zellikle sipari\u015f verme noktas\u0131nda son kullan\u0131c\u0131 ile etkile\u015fimli bir se\u00e7im i\u015flemi rahatl\u0131kla yapabilirsiniz. Bu etkile\u015fimli se\u00e7imin sonucunu ise sipari\u015f notuna aktararak m\u00fc\u015fterinize ait \u00f6zel geli\u015ftirmeler yapabilirsiniz.<\/li>\n<\/ul>\n<\/div>\n","protected":false},"excerpt":{"rendered":"<p>E-ticaret sisteminin en \u00f6nemli \u00f6zelli\u011fi kullan\u0131m\u0131, y\u00f6netimi ve deste\u011fi inan\u0131lmaz bir \u015fekilde kolay ve esnek olmas\u0131d\u0131r. A\u015fa\u011f\u0131da genel olarak sistemimizle ilgili ba\u015fl\u0131ca bilgiler payla\u015f\u0131lm\u0131\u015ft\u0131r. Bu payla\u015f\u0131lan bilgilerin d\u0131\u015f\u0131nda bir\u00e7ok \u00f6zellik sistemde alt yap\u0131 olarak bar\u0131nmaktad\u0131r&#8230;.<\/p>\n","protected":false},"featured_media":307,"comment_status":"closed","ping_status":"closed","template":"","meta":[],"_links":{"self":[{"href":"https:\/\/www.veribilgisayar.com\/web\/wp-json\/wp\/v2\/product\/306"}],"collection":[{"href":"https:\/\/www.veribilgisayar.com\/web\/wp-json\/wp\/v2\/product"}],"about":[{"href":"https:\/\/www.veribilgisayar.com\/web\/wp-json\/wp\/v2\/types\/product"}],"replies":[{"embeddable":true,"href":"https:\/\/www.veribilgisayar.com\/web\/wp-json\/wp\/v2\/comments?post=306"}],"wp:featuredmedia":[{"embeddable":true,"href":"https:\/\/www.veribilgisayar.com\/web\/wp-json\/wp\/v2\/media\/307"}],"wp:attachment":[{"href":"https:\/\/www.veribilgisayar.com\/web\/wp-json\/wp\/v2\/media?parent=306"}],"curies":[{"name":"wp","href":"https:\/\/api.w.org\/{rel}","templated":true}]}}