{"id":270,"date":"2016-03-22T14:25:20","date_gmt":"2016-03-22T14:25:20","guid":{"rendered":"http:\/\/veribilgisayar.com\/web\/?post_type=product&#038;p=270"},"modified":"2017-02-25T09:37:02","modified_gmt":"2017-02-25T09:37:02","slug":"el-terminali-ile-aracta-satis","status":"publish","type":"product","link":"https:\/\/www.veribilgisayar.com\/web\/urun\/el-terminali-ile-aracta-satis\/","title":{"rendered":"Armada (El Terminali ile Ara\u00e7ta Sat\u0131\u015f)"},"content":{"rendered":"<div class=\"ezcol ezcol-one-third\">\n<h1>Armada (El Terminali ile\u00a0Ara\u00e7ta Sat\u0131\u015f)<\/h1>\n<p><img decoding=\"async\" loading=\"lazy\" title=\"yeldivider\" src=\"http:\/\/www.vegayazilim.com.tr\/wp-content\/uploads\/2012\/08\/yeldivider.png\" alt=\"Vega Yaz\u0131l\u0131m Muhasebe Program\u0131\" width=\"281\" height=\"9\" \/><\/p>\n<h4>Mobil Saha Sat\u0131\u015f Otomasyon Uygulamalar\u0131<\/h4>\n<div>\u2022 ONLINE \u00c7ALI\u015eMA \u00d6ZELL\u0130\u011e\u0130<br \/>\n\u2022 S\u0130PAR\u0130\u015e VERME ALI\u015e \u0130\u015eLEMLER\u0130<br \/>\n\u2022 MAL KABUL \u0130\u015eLEMLER\u0130<br \/>\n\u2022 DEPOLAR ARASI SEVK\u0130YAT \u0130\u015eLEMLER\u0130<br \/>\n\u2022 ARA\u00c7LARA Y\u00dcKLEME F\u0130\u015eLER\u0130<br \/>\n\u2022 BLUETOOTH YAZICI KULLANAB\u0130LME \u00d6ZELL\u0130\u011e\u0130<br \/>\n\u2022 \u00dcR\u00dcN RAF ET\u0130KET\u0130 YAZDIRAB\u0130LME \u00d6ZELL\u0130\u011e\u0130<br \/>\n\u2022 DEPO SAYIM \u0130\u015eLEM\u0130<br \/>\n\u2022 BARKOD SATI\u015e DESTE\u011e\u0130<br \/>\n\u2022 M\u00dc\u015eTER\u0130LER-STOKLAR-BANKA TANIMLARI<br \/>\n\u2022 PLAS\u0130YER RUT ( Z\u0130YARET G\u00dcZERGAHI ) TAK\u0130B\u0130<br \/>\n\u2022 PLAS\u0130YER \u0130\u015eLEM YETK\u0130LER\u0130 TANIMLAMA<br \/>\n\u2022 BLUETOOTH YAZICI KULLANAB\u0130LME \u00d6ZELL\u0130\u011e\u0130<br \/>\n\u2022 \u00dcR\u00dcN ET\u0130KET YAZDIRAB\u0130LME \u00d6ZELL\u0130\u011e\u0130<br \/>\n\u2022 ARA\u00c7DA BULUNAN \u00dcR\u00dcNLER\u0130N SAYIM \u0130\u015eLEM\u0130<\/div>\n<\/div>\n<div class=\"ezcol ezcol-one-third\">\n<p>&nbsp;<\/p>\n<p>&nbsp;<\/p>\n<p>&nbsp;<\/p>\n<p>&nbsp;<\/p>\n<p><img decoding=\"async\" loading=\"lazy\" title=\"scr\" src=\"http:\/\/www.vegayazilim.com.tr\/wp-content\/uploads\/2012\/10\/scr.jpg\" alt=\"Vega Yaz\u0131l\u0131m Muhasebe Program\u0131\" width=\"200\" height=\"172\" \/><\/p>\n<\/div>\n<div class=\"ezcol ezcol-one-third ezcol-last\">\n<p>&nbsp;<\/p>\n<p>&nbsp;<\/p>\n<p>&nbsp;<\/p>\n<p><img decoding=\"async\" loading=\"lazy\" title=\"Armada2\" src=\"http:\/\/www.vegayazilim.com.tr\/wp-content\/uploads\/2012\/10\/Armada21.jpg\" alt=\"Vega Yaz\u0131l\u0131m Muhasebe Program\u0131\" width=\"250\" height=\"358\" \/><\/p>\n<\/div>\n<div class=\"ezcol-divider\"><\/div>\n<h1><img decoding=\"async\" loading=\"lazy\" class=\"alignnone size-full wp-image-946\" title=\"divider\" src=\"http:\/\/www.vegayazilim.com.tr\/wp-content\/uploads\/2012\/08\/divider.png\" alt=\"\" width=\"100%\" height=\"1\" \/><\/h1>\n<h1>Mal Kabul Ve<br \/>\nDepo Takip Uygulamalar\u0131<\/h1>\n<p><img decoding=\"async\" loading=\"lazy\" title=\"yeldivider\" src=\"http:\/\/www.vegayazilim.com.tr\/wp-content\/uploads\/2012\/08\/yeldivider.png\" alt=\"Vega Yaz\u0131l\u0131m Muhasebe Program\u0131\" width=\"281\" height=\"9\" \/><\/p>\n<div class=\"ezcol ezcol-one-third\">\n<div>\u2022 ONLINE \u00c7ALI\u015eMA \u00d6ZELL\u0130\u011e\u0130<br \/>\n\u2022 S\u0130PAR\u0130\u015e VERME ALI\u015e \u0130\u015eLEMLER\u0130<br \/>\n\u2022 MAL KABUL \u0130\u015eLEMLER\u0130<br \/>\n\u2022 DEPOLAR ARASI SEVK\u0130YAT \u0130\u015eLEMLER\u0130<br \/>\n\u2022 ARA\u00c7LARA Y\u00dcKLEME F\u0130\u015eLER\u0130<br \/>\n\u2022 BLUETOOTH YAZICI KULLANAB\u0130LME \u00d6ZELL\u0130\u011e\u0130<br \/>\n\u2022 \u00dcR\u00dcN RAF ET\u0130KET\u0130 YAZDIRAB\u0130LME \u00d6ZELL\u0130\u011e\u0130<br \/>\n\u2022 DEPO SAYIM \u0130\u015eLEM\u0130<\/div>\n<\/div>\n<div class=\"ezcol ezcol-one-third\"><a href=\"http:\/\/www.vegayazilim.com.tr\/wp-content\/uploads\/2012\/10\/check.jpg\" rel=\"wp-prettyPhoto[1416]\"><img decoding=\"async\" loading=\"lazy\" class=\"alignnone size-full wp-image-1450\" title=\"check\" src=\"http:\/\/www.vegayazilim.com.tr\/wp-content\/uploads\/2012\/10\/check.jpg\" alt=\"Vega Yaz\u0131l\u0131m Muhasebe Program\u0131\" width=\"250\" height=\"208\" \/><\/a><\/div>\n<div class=\"ezcol ezcol-one-third ezcol-last\"><\/div>\n<div class=\"ezcol-divider\"><\/div>\n<h1><img decoding=\"async\" loading=\"lazy\" class=\"alignnone size-full wp-image-946\" title=\"divider\" src=\"http:\/\/www.vegayazilim.com.tr\/wp-content\/uploads\/2012\/08\/divider.png\" alt=\"\" width=\"100%\" height=\"1\" \/><\/h1>\n<h1>\u00a0VE ELBETTE VEGA ERP UYGULAMAMIZ \u0130LE TAM ENTEGRASYON<\/h1>\n<div class=\"ezcol ezcol-one-third\"><a href=\"http:\/\/www.vegayazilim.com.tr\/wp-content\/uploads\/2012\/10\/veggies.jpg\" rel=\"wp-prettyPhoto[1416]\"><img decoding=\"async\" loading=\"lazy\" class=\"alignnone size-full wp-image-1453\" title=\"veggies\" src=\"http:\/\/www.vegayazilim.com.tr\/wp-content\/uploads\/2012\/10\/veggies.jpg\" alt=\"Vega Yaz\u0131l\u0131m Muhasebe Program\u0131\" width=\"126\" height=\"188\" \/><\/a><\/div>\n<div class=\"ezcol ezcol-two-third ezcol-last\">\n<div>\u2022 MARKETLER<br \/>\n\u2022 TOPTAN GIDA DA\u011eITIM F\u0130RMALARI<br \/>\n\u2022 SICAK-SOGUT ET PAZARLAMA DA\u011eITIM KANALLARI<br \/>\n\u2022 S\u00dcT VE S\u00dcT \u00dcR\u00dcNLER\u0130 PAZARLAMA DA\u011eITIM KANALLARI<br \/>\n\u2022 YEDEK PAR\u00c7A VE MALZEME PAZARLAMA DA\u011eITIM KANALLARI<br \/>\n\u2022 ELEKTRON\u0130K MALZEME VE GSM MALZEME PAZARLAMA DA\u011eITIM KANALLARI<br \/>\n\u2022 HAZIR G\u0130Y\u0130M PAZARLAMA DA\u011eITIM KANALLARI<br \/>\n\u2022 \u00c7ANTA VE AYAKKABI PAZARLAMA DA\u011eITIM KANALLARI<br \/>\n\u2022 EL TERM\u0130NAL\u0130 \u0130LE \u00d6ZEL \u00c7\u00d6Z\u00dcMLER<\/div>\n<\/div>\n<div class=\"ezcol-divider\"><\/div>\n<div class=\"ezcol ezcol-one-third\">\n<div>\u2022 KASA \u0130\u015eLEMLER\u0130<br \/>\n\u2022 CAR\u0130 HESAP TAK\u0130B\u0130<br \/>\n\u2022 NAK\u0130T-\u00c7EK\/SENET VE KRED\u0130 KARTI \u0130\u015eLEMLER\u0130<br \/>\n\u2022 S\u0130PAR\u0130\u015e-\u0130RSAL\u0130YE-FATURA \u0130\u015eLEMLER\u0130<br \/>\n\u2022 STOK VE DEPO TAK\u0130P-Y\u00d6NET\u0130M \u0130\u015eLEMLER\u0130<br \/>\n\u2022 BANKA HESAPLARININ TAK\u0130B\u0130<br \/>\n\u2022 MUHASEBE \u0130\u015eLEMLER\u0130<br \/>\n\u2022 VE GEL\u0130\u015eM\u0130\u015e RAPORLAMA S\u0130STEM\u0130 ( ERS )<\/div>\n<\/div>\n<div class=\"ezcol ezcol-one-third\"><img decoding=\"async\" loading=\"lazy\" class=\"aligncenter\" title=\"scr2\" src=\"http:\/\/www.vegayazilim.com.tr\/wp-content\/uploads\/2012\/10\/scr2.jpg\" alt=\"Vega Yaz\u0131l\u0131m Muhasebe Program\u0131\" width=\"300\" height=\"300\" \/><\/div>\n","protected":false},"excerpt":{"rendered":"<p>Armada (El Terminali ile\u00a0Ara\u00e7ta Sat\u0131\u015f) Mobil Saha Sat\u0131\u015f Otomasyon Uygulamalar\u0131 \u2022 ONLINE \u00c7ALI\u015eMA \u00d6ZELL\u0130\u011e\u0130 \u2022 S\u0130PAR\u0130\u015e VERME ALI\u015e \u0130\u015eLEMLER\u0130 \u2022 MAL KABUL \u0130\u015eLEMLER\u0130 \u2022 DEPOLAR ARASI SEVK\u0130YAT \u0130\u015eLEMLER\u0130 \u2022 ARA\u00c7LARA Y\u00dcKLEME F\u0130\u015eLER\u0130 \u2022 BLUETOOTH YAZICI&#8230;<\/p>\n","protected":false},"featured_media":273,"comment_status":"open","ping_status":"closed","template":"","meta":[],"_links":{"self":[{"href":"https:\/\/www.veribilgisayar.com\/web\/wp-json\/wp\/v2\/product\/270"}],"collection":[{"href":"https:\/\/www.veribilgisayar.com\/web\/wp-json\/wp\/v2\/product"}],"about":[{"href":"https:\/\/www.veribilgisayar.com\/web\/wp-json\/wp\/v2\/types\/product"}],"replies":[{"embeddable":true,"href":"https:\/\/www.veribilgisayar.com\/web\/wp-json\/wp\/v2\/comments?post=270"}],"wp:featuredmedia":[{"embeddable":true,"href":"https:\/\/www.veribilgisayar.com\/web\/wp-json\/wp\/v2\/media\/273"}],"wp:attachment":[{"href":"https:\/\/www.veribilgisayar.com\/web\/wp-json\/wp\/v2\/media?parent=270"}],"curies":[{"name":"wp","href":"https:\/\/api.w.org\/{rel}","templated":true}]}}