{"id":269,"date":"2016-03-22T14:22:49","date_gmt":"2016-03-22T14:22:49","guid":{"rendered":"http:\/\/veribilgisayar.com\/web\/?post_type=product&#038;p=269"},"modified":"2017-02-25T09:37:20","modified_gmt":"2017-02-25T09:37:20","slug":"lotiz-uretim-programi","status":"publish","type":"product","link":"https:\/\/www.veribilgisayar.com\/web\/urun\/lotiz-uretim-programi\/","title":{"rendered":"Lotiz \u00dcretim"},"content":{"rendered":"<h1>Lotiz \u00dcretim\u00a0 Nedir?<\/h1>\n<p><img decoding=\"async\" loading=\"lazy\" title=\"yeldivider\" src=\"http:\/\/www.vegayazilim.com.tr\/wp-content\/uploads\/2012\/08\/yeldivider.png\" alt=\"\u00dcretim Program\u0131 CRM ERP MRP\" width=\"281\" height=\"9\" \/><\/p>\n<p>Vega Yaz\u0131l\u0131m\u2019\u0131n bir \u00fcr\u00fcn\u00fc olan Lotiz\u00a0 (MRP) \u00fcretim yapan firmalar\u0131n omurili\u011fini olu\u015fturmaktad\u0131r.<br \/>\nLotiz ile Standard \u00fcretim, kombineli \u00fcretim, parti \u00fcretim yapmak m\u00fcmk\u00fcn. Lot takibi yapmak her zamankinden daha kolay.<\/p>\n<div>Lotiz T\u00fcrkiye\u2019de say\u0131s\u0131z<br \/>\n\u2022 Haz\u0131r giyim, u\u0308retim i\u015fletmeleri<br \/>\n\u2022 Mobilya u\u0308retim i\u015fletmeleri<br \/>\n\u2022 Makina aksam ve par\u00e7a u\u0308retim i\u015fletmeleri<br \/>\n\u2022 Plastik malzeme ve plastik e\u015fya u\u0308retim i\u015fletmeleri<br \/>\n\u2022 Kimyasal madde u\u0308retim i\u015fletmeleri<br \/>\n\u2022 Elektrikli cihaz ve elektronik e\u015fya u\u0308retim i\u015fletmeleri<br \/>\n\u2022 G\u0131da u\u0308retim i\u015fletmeleri<br \/>\ntaraf\u0131ndan tercih edilmekte ve kullan\u0131lmaktad\u0131r.<\/div>\n<p><img decoding=\"async\" loading=\"lazy\" class=\"alignnone wp-image-1104\" title=\"lotiz\" src=\"http:\/\/www.vegayazilim.com.tr\/wp-content\/uploads\/2012\/09\/lotiz.jpg\" alt=\"\u00dcretim Program\u0131 CRM ERP MRP\" width=\"700\" height=\"393\" \/><\/p>\n<p>&nbsp;<\/p>\n<h1>\u00d6zellikler<\/h1>\n<p><img decoding=\"async\" loading=\"lazy\" class=\"alignnone wp-image-947\" title=\"yeldivider\" src=\"http:\/\/www.vegayazilim.com.tr\/wp-content\/uploads\/2012\/08\/yeldivider.png\" alt=\"\u00dcretim Program\u0131 CRM ERP MRP\" width=\"201\" height=\"9\" \/><\/p>\n<div class=\"ezcol ezcol-one-third\">\n<div>\n<p>\u00dcretim re\u00e7etesi( mamul a\u011fac\u0131)<\/p>\n<p>Hammadde ve malzeme, maliyet unsurlar\u0131 (i\u015f\u00e7ilik \u2013 enerji giderleri vb.) belirlenmesi<\/p>\n<p>Fire ve u\u0308retim zaiyatlar\u0131n\u0131n tan\u0131mlanmas\u0131<\/p>\n<p>Montaj ve demontaj u\u0308retim re\u00e7etelerinin tan\u0131mlanmas\u0131<\/p>\n<p>Hammadde \u2013 malzeme ihtiya\u00e7 listelerinin haz\u0131rlanmas\u0131<\/p>\n<p>Otomatik sat\u0131n alma emirlerinin olu\u015fturulmas\u0131<\/p>\n<p>Mamul u\u0308retim planlar\u0131n\u0131n sipari\u015fe dayal\u0131 haz\u0131rlanmas\u0131<\/p>\n<p>\u00dcretim su\u0308re\u00e7leri (Proses) ve fason imalat i\u015flemlerinin izlenmesi<\/p>\n<p>\u00dcretim zaiyatlar\u0131n\u0131n maliyetlere yans\u0131t\u0131lmas\u0131<\/p>\n<p>Kalite kontrol i\u015flemlerinin ger\u00e7ekle\u015ftirilmesi<\/p>\n<p>\u0130zlenebilirlik uygulamalar\u0131na y\u00f6nelik LOT ( Parti No.) takibi<\/p>\n<p>Maliyet muhasebesinin genel muhasebesinin genel muhasebe ile entegre \u00e7al\u0131\u015fabilme imkan\u0131<\/p>\n<\/div>\n<\/div>\n<div class=\"ezcol ezcol-two-third ezcol-last\">\n<p><img decoding=\"async\" loading=\"lazy\" class=\"alignnone size-full wp-image-1105\" title=\"robot\" src=\"http:\/\/www.vegayazilim.com.tr\/wp-content\/uploads\/2012\/09\/robot.jpg\" alt=\"\u00dcretim Program\u0131 CRM ERP MRP\" width=\"400\" height=\"145\" \/><\/p>\n<p><img decoding=\"async\" loading=\"lazy\" class=\"alignnone size-full wp-image-1106\" title=\"lotiz2\" src=\"http:\/\/www.vegayazilim.com.tr\/wp-content\/uploads\/2012\/09\/lotiz2.jpg\" alt=\"\u00dcretim Program\u0131 CRM ERP MRP\" width=\"550\" height=\"350\" \/><\/p>\n<\/div>\n<div class=\"ezcol-divider\"><\/div>\n","protected":false},"excerpt":{"rendered":"<p>Lotiz \u00dcretim\u00a0 Nedir? Vega Yaz\u0131l\u0131m\u2019\u0131n bir \u00fcr\u00fcn\u00fc olan Lotiz\u00a0 (MRP) \u00fcretim yapan firmalar\u0131n omurili\u011fini olu\u015fturmaktad\u0131r. Lotiz ile Standard \u00fcretim, kombineli \u00fcretim, parti \u00fcretim yapmak m\u00fcmk\u00fcn. Lot takibi yapmak her zamankinden daha kolay. Lotiz T\u00fcrkiye\u2019de say\u0131s\u0131z&#8230;<\/p>\n","protected":false},"featured_media":271,"comment_status":"open","ping_status":"closed","template":"","meta":[],"_links":{"self":[{"href":"https:\/\/www.veribilgisayar.com\/web\/wp-json\/wp\/v2\/product\/269"}],"collection":[{"href":"https:\/\/www.veribilgisayar.com\/web\/wp-json\/wp\/v2\/product"}],"about":[{"href":"https:\/\/www.veribilgisayar.com\/web\/wp-json\/wp\/v2\/types\/product"}],"replies":[{"embeddable":true,"href":"https:\/\/www.veribilgisayar.com\/web\/wp-json\/wp\/v2\/comments?post=269"}],"wp:featuredmedia":[{"embeddable":true,"href":"https:\/\/www.veribilgisayar.com\/web\/wp-json\/wp\/v2\/media\/271"}],"wp:attachment":[{"href":"https:\/\/www.veribilgisayar.com\/web\/wp-json\/wp\/v2\/media?parent=269"}],"curies":[{"name":"wp","href":"https:\/\/api.w.org\/{rel}","templated":true}]}}