{"id":268,"date":"2016-03-22T14:21:19","date_gmt":"2016-03-22T14:21:19","guid":{"rendered":"http:\/\/veribilgisayar.com\/web\/?post_type=product&#038;p=268"},"modified":"2017-02-25T09:37:47","modified_gmt":"2017-02-25T09:37:47","slug":"oto-servis-satis-ve-yedek-parca-programi","status":"publish","type":"product","link":"https:\/\/www.veribilgisayar.com\/web\/urun\/oto-servis-satis-ve-yedek-parca-programi\/","title":{"rendered":"Oto Servis Sat\u0131\u015f ve Yedek Par\u00e7a Program\u0131"},"content":{"rendered":"<h1>Oto Servis Sat\u0131\u015f ve Yedek Par\u00e7a Program\u0131<\/h1>\n<div class=\"ezcol ezcol-one-half\">\n<h2>\u00d6zellikler<\/h2>\n<p><img decoding=\"async\" loading=\"lazy\" class=\"alignnone size-full wp-image-947\" title=\"yeldivider\" src=\"http:\/\/www.vegayazilim.com.tr\/wp-content\/uploads\/2012\/08\/yeldivider.png\" alt=\"Vega Yaz\u0131l\u0131m Muhasebe Program\u0131\" width=\"281\" height=\"9\" \/><\/p>\n<p>&nbsp;<\/p>\n<div>\u2022 Plakadan ara\u00e7 bak\u0131m takibi<br \/>\n\u2022 \u0130\u015f emri a\u00e7\u0131l\u0131m\u0131 ve takibi<br \/>\n\u2022 Sms ile ara\u00e7 bak\u0131m bildirimi<br \/>\n\u2022 Eksper rapor takibi ve saklanmas\u0131<br \/>\n\u2022 Sigorta alacaklar\u0131 ve durumu takibi<br \/>\n\u2022 Mu\u0308\u015fteri randevu takibi<br \/>\n\u2022 Kleim i\u015flemleri ve takibi<br \/>\n\u2022 Her marka oto yedek par\u00e7a stoklar\u0131n\u0131n otomatik vega\u2019ya transferi<br \/>\n\u2022 Barkodlu yedek par\u00e7a takibi ve el terminali say\u0131m i\u015flemleri<br \/>\n\u2022 Her s\u0131n\u0131f ve model oto i\u00e7in, ara\u00e7 tan\u0131t\u0131m kart\u0131<br \/>\n\u2022 Her tu\u0308r d\u00f6viz kuru u\u0308zerinden i\u015flem yap\u0131labilmesi<br \/>\n\u2022 Kar\/zarar analizleri<br \/>\n\u2022 Cari hesap bor\u00e7-alacak takipleri, geciken bor\u00e7lar \u2013alacaklar raporlar\u0131<br \/>\n\u2022 \u00c7ek\/senet-kredi kart\u0131 takibi<\/div>\n<\/div>\n<div class=\"ezcol ezcol-one-half ezcol-last\">\n<p>&nbsp;<\/p>\n<p><img decoding=\"async\" loading=\"lazy\" class=\"alignnone size-full wp-image-1068\" title=\"corolla\" src=\"http:\/\/www.vegayazilim.com.tr\/wp-content\/uploads\/2012\/09\/corolla.jpg\" alt=\"Vega Yaz\u0131l\u0131m Muhasebe Program\u0131\" width=\"400\" height=\"189\" \/><\/p>\n<p>&nbsp;<\/p>\n<p><img decoding=\"async\" loading=\"lazy\" class=\"alignnone size-full wp-image-1069\" title=\"tires\" src=\"http:\/\/www.vegayazilim.com.tr\/wp-content\/uploads\/2012\/09\/tires.jpg\" alt=\"Vega Yaz\u0131l\u0131m Muhasebe Program\u0131\" width=\"200\" height=\"169\" \/><\/p>\n<\/div>\n<div class=\"ezcol-divider\"><\/div>\n<p><img decoding=\"async\" loading=\"lazy\" class=\"alignnone wp-image-946\" title=\"divider\" src=\"http:\/\/www.vegayazilim.com.tr\/wp-content\/uploads\/2012\/08\/divider.png\" alt=\"\" width=\"100%\" height=\"1\" \/><\/p>\n<p><img decoding=\"async\" loading=\"lazy\" class=\"alignnone size-full wp-image-1070\" title=\"combo\" src=\"http:\/\/www.vegayazilim.com.tr\/wp-content\/uploads\/2012\/09\/combo.jpg\" alt=\"Vega Yaz\u0131l\u0131m Muhasebe Program\u0131\" width=\"700\" height=\"495\" \/><\/p>\n<div class=\"ezcol ezcol-one-half\">\n<h2>Oto Sat\u0131\u015f<\/h2>\n<p><img decoding=\"async\" loading=\"lazy\" title=\"yeldivider\" src=\"http:\/\/www.vegayazilim.com.tr\/wp-content\/uploads\/2012\/08\/yeldivider.png\" alt=\"Vega Yaz\u0131l\u0131m Muhasebe Program\u0131\" width=\"281\" height=\"9\" \/><\/p>\n<div>\n<p>Her s\u0131n\u0131f,model ara\u00e7 i\u00e7in tan\u0131t\u0131m kart\u0131<\/p>\n<p>Oto sat\u0131c\u0131lar\u0131na \u00f6zgu\u0308 al\u0131\u015f\/sat\u0131\u015f,resmi i\u015flemlerin takibi<\/p>\n<p>Farkl\u0131 ara\u00e7 tipleri i\u00e7in farkl\u0131 fatura dizayn\u0131<\/p>\n<p>Gu\u0308mru\u0308k vergisi,ta\u015f\u0131t al\u0131m vergisi,\u00d6.T.V gibi \u00f6zel i\u015flemler<\/p>\n<p>D\u00f6viz kurlar\u0131yla i\u015flem<\/p>\n<\/div>\n<h2>Oto Servis<\/h2>\n<p><img decoding=\"async\" loading=\"lazy\" title=\"yeldivider\" src=\"http:\/\/www.vegayazilim.com.tr\/wp-content\/uploads\/2012\/08\/yeldivider.png\" alt=\"Vega Yaz\u0131l\u0131m Muhasebe Program\u0131\" width=\"281\" height=\"9\" \/><\/p>\n<div>\n<p>Gu\u0308nlu\u0308k, haftal\u0131k,y\u0131ll\u0131k yedek par\u00e7a,i\u015f\u00e7ilik raporlar\u0131<\/p>\n<p>Periyodik bak\u0131m raporu<\/p>\n<p>Yedek par\u00e7a envanter, maliyet de\u011fer raporlar\u0131<\/p>\n<p>\u0130lk gu\u0308nden itibaren ara\u00e7ta yap\u0131lan tu\u0308m bak\u0131mlar\u0131n<\/p>\n<p>listelendirilmesi<\/p>\n<\/div>\n<\/div>\n<div class=\"ezcol ezcol-one-half ezcol-last\"><img decoding=\"async\" loading=\"lazy\" class=\"alignnone size-full wp-image-1073\" title=\"keys\" src=\"http:\/\/www.vegayazilim.com.tr\/wp-content\/uploads\/2012\/09\/keys.jpg\" alt=\"Vega Yaz\u0131l\u0131m Muhasebe Program\u0131\" width=\"300\" height=\"283\" \/><\/div>\n","protected":false},"excerpt":{"rendered":"<p>Oto Servis Sat\u0131\u015f ve Yedek Par\u00e7a Program\u0131 \u00d6zellikler &nbsp; \u2022 Plakadan ara\u00e7 bak\u0131m takibi \u2022 \u0130\u015f emri a\u00e7\u0131l\u0131m\u0131 ve takibi \u2022 Sms ile ara\u00e7 bak\u0131m bildirimi \u2022 Eksper rapor takibi ve saklanmas\u0131 \u2022 Sigorta alacaklar\u0131&#8230;<\/p>\n","protected":false},"featured_media":274,"comment_status":"open","ping_status":"closed","template":"","meta":[],"_links":{"self":[{"href":"https:\/\/www.veribilgisayar.com\/web\/wp-json\/wp\/v2\/product\/268"}],"collection":[{"href":"https:\/\/www.veribilgisayar.com\/web\/wp-json\/wp\/v2\/product"}],"about":[{"href":"https:\/\/www.veribilgisayar.com\/web\/wp-json\/wp\/v2\/types\/product"}],"replies":[{"embeddable":true,"href":"https:\/\/www.veribilgisayar.com\/web\/wp-json\/wp\/v2\/comments?post=268"}],"wp:featuredmedia":[{"embeddable":true,"href":"https:\/\/www.veribilgisayar.com\/web\/wp-json\/wp\/v2\/media\/274"}],"wp:attachment":[{"href":"https:\/\/www.veribilgisayar.com\/web\/wp-json\/wp\/v2\/media?parent=268"}],"curies":[{"name":"wp","href":"https:\/\/api.w.org\/{rel}","templated":true}]}}