{"id":266,"date":"2016-03-22T14:20:22","date_gmt":"2016-03-22T14:20:22","guid":{"rendered":"http:\/\/veribilgisayar.com\/web\/?post_type=product&#038;p=266"},"modified":"2017-02-25T09:38:07","modified_gmt":"2017-02-25T09:38:07","slug":"market-otomasyon-programi","status":"publish","type":"product","link":"https:\/\/www.veribilgisayar.com\/web\/urun\/market-otomasyon-programi\/","title":{"rendered":"Market Otomasyon Program\u0131"},"content":{"rendered":"<h1>Market Otomasyon Program\u0131-POS Mod\u00fcl\u00fc Nedir?<\/h1>\n<p>Jpos Vega Yaz\u0131l\u0131m\u2019\u0131n Supermarket ve Toptan \u00fcr\u00fcn pazarlamas\u0131 yapan firmalar i\u00e7in geli\u015ftirmi\u015f oldu\u011fu otomasyon program\u0131d\u0131r.\u00a0 Jpos otomasyonu ile Market, supermarket, hipermarketleri i\u015fletmek \u00e7ok kolay. Bunun yan\u0131s\u0131ra toptan \u00fcr\u00fcn pazarlayan firmalar i\u00e7in de h\u0131zl\u0131 ve pratik \u00e7\u00f6z\u00fcmler sunmaktad\u0131r.<\/p>\n<div class=\"ezcol ezcol-two-third\">\n<h2>\u00d6zellikleri<\/h2>\n<p><img decoding=\"async\" loading=\"lazy\" class=\"alignnone size-full wp-image-947\" title=\"yeldivider\" src=\"http:\/\/www.vegayazilim.com.tr\/wp-content\/uploads\/2012\/08\/yeldivider.png\" alt=\"Vega Yaz\u0131l\u0131m Muhasebe Program\u0131\" width=\"281\" height=\"9\" \/><\/p>\n<div>\n<p>Market Otomasyon Program\u0131 ile kolayca i\u015fletmeniz i\u00e7in ihtiya\u00e7 duyaca\u011f\u0131n\u0131z bilgileri tek bir yerden takip edebilirsiniz.<\/p>\n<p>Mali Onayl\u0131 Tu\u0308m POS ve Yazar Kasa lar ile \u00e7al\u0131\u015f\u0131r<\/p>\n<p>Birden fazla \u015eube nin sat\u0131\u015flar\u0131 merkezden On Line izlenir<\/p>\n<p>Fiyat\u0131 De\u011fi\u015fen Stoklar On Line olarak Pos Cihazlar\u0131na kendili\u011finden gider<\/p>\n<p>Kampanyalar-Promosyonlar On Line olarak Pos cihazlar\u0131na iletilir<\/p>\n<p>\u0130ndirimli sat\u0131\u015f i\u015flemleri ve Mu\u0308\u015fteri Puan uygulamalar\u0131<\/p>\n<p>Gu\u0308nlu\u0308k Market say\u0131m i\u015flemleri Ve Kasa kapan\u0131\u015f Mutabakat i\u015flemleri<\/p>\n<p>Tu\u0308m barkod Standartlar\u0131 ( Ean-13,Ean-8,Code -128 ve di\u011ferleri) kullan\u0131l\u0131r<\/p>\n<p>Birden Fazla birim ile \u00e7al\u0131\u015fabilme(adet-paket-kg-litre)<\/p>\n<p>Her Marka Terazi ve Fiyat G\u00f6r Cihaz\u0131 ile \u00e7al\u0131\u015fabilme<\/p>\n<p>Muadil Kod takibi ve Alternatif \u00dcru\u0308n uygulamalar\u0131<\/p>\n<p>\u00dcru\u0308n etiketi-Raf etiketi-Elektronik Raf etiketi ve RF-ID uygulamalar\u0131<\/p>\n<p>Gu\u0308nlu\u0308k Kesilen Fi\u015f adedi-\u0130ptal Fi\u015f adedi ve \u0130ade \u0130\u015flem analizleri<\/p>\n<p>Pos Monit\u00f6r-Sat\u0131\u015flar\u0131 Canl\u0131 \u0130zleme (On Line )<\/p>\n<\/div>\n<\/div>\n<div class=\"ezcol ezcol-one-third ezcol-last\">\n<p><img decoding=\"async\" loading=\"lazy\" class=\"alignnone size-full wp-image-998\" title=\"kod\" src=\"http:\/\/www.vegayazilim.com.tr\/wp-content\/uploads\/2012\/09\/kod.jpg\" alt=\"Vega Yaz\u0131l\u0131m Muhasebe Program\u0131\" width=\"200\" height=\"115\" \/><\/p>\n<p>&nbsp;<\/p>\n<p><img decoding=\"async\" loading=\"lazy\" class=\"alignnone size-full wp-image-1047\" title=\"cart\" src=\"http:\/\/www.vegayazilim.com.tr\/wp-content\/uploads\/2012\/09\/cart.jpg\" alt=\"Vega Yaz\u0131l\u0131m Muhasebe Program\u0131\" width=\"283\" height=\"354\" \/><\/p>\n<\/div>\n<div class=\"ezcol-divider\"><\/div>\n<p><img decoding=\"async\" loading=\"lazy\" class=\"alignnone wp-image-946\" title=\"divider\" src=\"http:\/\/www.vegayazilim.com.tr\/wp-content\/uploads\/2012\/08\/divider.png\" alt=\"\" width=\"100%\" height=\"1\" \/><\/p>\n<p><img decoding=\"async\" loading=\"lazy\" class=\"alignnone size-full wp-image-1050\" title=\"rapor\" src=\"http:\/\/www.vegayazilim.com.tr\/wp-content\/uploads\/2012\/09\/rapor.jpg\" alt=\"Vega Yaz\u0131l\u0131m Muhasebe Program\u0131\" width=\"700\" height=\"466\" \/><\/p>\n<p>&nbsp;<\/p>\n<div class=\"ezcol ezcol-one-third\">\n<div>\n<ul>\n<li>Fiyat De\u011fi\u015fim Belgeleri<\/li>\n<li>Say\u0131m \u0130\u015flemleri<\/li>\n<li>Gu\u0308nlu\u0308k-Haftal\u0131k-Ayl\u0131k Sat\u0131\u015f Analizleri<\/li>\n<li>Ma\u011faza Sat\u0131\u015f Karl\u0131l\u0131k Analizleri<\/li>\n<li>Mal Kabul \u0130\u015flemleri ve Sevkiyat \u0130\u015flemleri<\/li>\n<li>Market Al\u0131\u015f Anla\u015fmalar\u0131<\/li>\n<li>Sat\u0131n Alma Karar Mekanizmas\u0131-ORDERMAN<\/li>\n<li>Sat\u0131n Alma Kararlar\u0131 i\u00e7in ve Ma\u011fazalar\u0131n \u0130htiya\u00e7 Talepleri i\u00e7in \u0130\u015e ZEKASI-ORDERMAN<\/li>\n<\/ul>\n<\/div>\n<\/div>\n<div id=\"\u201d\u201d\" class=\"ezcol ezcol-two-third ezcol-last alignnone wp-image-1052\"><\/div>\n","protected":false},"excerpt":{"rendered":"<p>Market Otomasyon Program\u0131-POS Mod\u00fcl\u00fc Nedir? Jpos Vega Yaz\u0131l\u0131m\u2019\u0131n Supermarket ve Toptan \u00fcr\u00fcn pazarlamas\u0131 yapan firmalar i\u00e7in geli\u015ftirmi\u015f oldu\u011fu otomasyon program\u0131d\u0131r.\u00a0 Jpos otomasyonu ile Market, supermarket, hipermarketleri i\u015fletmek \u00e7ok kolay. Bunun yan\u0131s\u0131ra toptan \u00fcr\u00fcn pazarlayan firmalar&#8230;<\/p>\n","protected":false},"featured_media":271,"comment_status":"open","ping_status":"closed","template":"","meta":[],"_links":{"self":[{"href":"https:\/\/www.veribilgisayar.com\/web\/wp-json\/wp\/v2\/product\/266"}],"collection":[{"href":"https:\/\/www.veribilgisayar.com\/web\/wp-json\/wp\/v2\/product"}],"about":[{"href":"https:\/\/www.veribilgisayar.com\/web\/wp-json\/wp\/v2\/types\/product"}],"replies":[{"embeddable":true,"href":"https:\/\/www.veribilgisayar.com\/web\/wp-json\/wp\/v2\/comments?post=266"}],"wp:featuredmedia":[{"embeddable":true,"href":"https:\/\/www.veribilgisayar.com\/web\/wp-json\/wp\/v2\/media\/271"}],"wp:attachment":[{"href":"https:\/\/www.veribilgisayar.com\/web\/wp-json\/wp\/v2\/media?parent=266"}],"curies":[{"name":"wp","href":"https:\/\/api.w.org\/{rel}","templated":true}]}}