{"id":264,"date":"2016-03-22T14:13:17","date_gmt":"2016-03-22T14:13:17","guid":{"rendered":"http:\/\/veribilgisayar.com\/web\/?post_type=product&#038;p=264"},"modified":"2017-02-25T09:38:41","modified_gmt":"2017-02-25T09:38:41","slug":"lyra-mobilya-uretim-program","status":"publish","type":"product","link":"https:\/\/www.veribilgisayar.com\/web\/urun\/lyra-mobilya-uretim-program\/","title":{"rendered":"Lyra Mobilya \u00dcretim"},"content":{"rendered":"<h2>Lyra Mobilya \u00dcretim<\/h2>\n<p><img decoding=\"async\" loading=\"lazy\" title=\"Lyra Mobilya \u00dcretim\" src=\"http:\/\/www.vegayazilim.com.tr\/wp-content\/uploads\/2012\/08\/yeldivider.png\" alt=\"Vega Yaz\u0131l\u0131m Muhasebe Program\u0131\" width=\"281\" height=\"9\" \/><\/p>\n<div><\/div>\n<div>Mobilya \u00fcretim sekt\u00f6r\u00fcnde b\u00fcy\u00fck bir eksikli\u011fi kapatacak, bu sekt\u00f6re \u00f6zel olarak haz\u0131rlanm\u0131\u015f\u00a0<strong>ERP\u00a0<\/strong>program\u0131d\u0131r\u00a0<strong>LYRA Mobilya<\/strong>.<\/div>\n<div><strong>LYRA Mobilya \u00dcretim Planlama\u00a0<\/strong>i\u00e7erisinde sipari\u015ften planlamaya kadar t\u00fcm konular\u0131n ele al\u0131nd\u0131\u011f\u0131n\u0131 g\u00f6receksiniz. Kapasite \u2013 vardiya takibi, s\u00fcre\u00e7lerin takibi ve maliyetlendirilmesi, kapasite, tatil g\u00fcnleri, sipari\u015f \u00f6nceli\u011fine g\u00f6re planlama, \u00fcr\u00fcn \u015fablonlar\u0131na kadar bir\u00e7ok detay\u0131 LYRA Mobilya bar\u0131nd\u0131rmaktad\u0131r.<\/div>\n<div>\n<div><strong>LYRA\u00a0<\/strong>ilk \u00e7al\u0131\u015ft\u0131\u011f\u0131nda size yapmak isteyebilece\u011finiz uygulamalara h\u0131zl\u0131 bir \u015fekilde ula\u015fman\u0131z i\u00e7in yeniden tasarlanm\u0131\u015f <strong>Giri\u015f ekran\u0131\u00a0<\/strong>kar\u015f\u0131lar.<\/div>\n<div>Giri\u015f Men\u00fcs\u00fc iki ana ba\u015fl\u0131k alt\u0131nda toplanm\u0131\u015ft\u0131r; Yeni \u0130\u015flemler ve Eski Belgeler;<\/div>\n<ul>\n<li>\n<div>Yeni \u0130\u015flemler alt\u0131nda Yeni \u00dcretim Re\u00e7etesi, Yeni Re\u00e7ete Katalo\u011fu, Yeni \u00dcretim Plan\u0131, Yeni \u0130\u015f Emri ve Yeni Toplu \u0130\u015f Emri;<\/div>\n<\/li>\n<li>\n<div>Eski belgeler alt\u0131nda ise yukar\u0131da sayd\u0131\u011f\u0131m\u0131z i\u015flemlerin belge listeleri bulunmaktad\u0131r.<\/div>\n<\/li>\n<\/ul>\n<div>Pencerenin \u00fcst k\u0131sm\u0131na dikkat edilirse Giri\u015f, Sipari\u015fler, Raporlar ve Tan\u0131mlardan olu\u015fan men\u00fcy\u00fc g\u00f6rebilirsiniz.<br \/>\nTan\u0131mlar men\u00fcs\u00fcnde programda kullanaca\u011f\u0131m\u0131z unsurlar\u0131n tan\u0131mlar\u0131n\u0131 yapabilece\u011fimiz 6 adet men\u00fc var. Bunlar s\u0131ras\u0131yla;<\/div>\n<div><\/div>\n<div>\n<div class=\"ezcol ezcol-one-third\">\n<div>\n<ul>\n<li>\n<div>\u00dcretim S\u00fcre\u00e7leri<\/div>\n<\/li>\n<li>\n<div>\u00dcr\u00fcn Gruplar\u0131<\/div>\n<\/li>\n<li>\n<div>Malzeme Konumlar\u0131<\/div>\n<\/li>\n<li>\n<div>Ta\u015f\u0131y\u0131c\u0131 Tan\u0131mlar\u0131<\/div>\n<\/li>\n<li>\n<div>\u00dcretim Bantlar\u0131<\/div>\n<\/li>\n<li>\n<div>Tatil G\u00fcnleri\u2019dir.<\/div>\n<\/li>\n<\/ul>\n<\/div>\n<\/div>\n<div class=\"ezcol ezcol-two-third ezcol-last\">\n<p>&nbsp;<\/p>\n<p><a href=\"http:\/\/www.vegayazilim.com.tr\/wp-content\/uploads\/2012\/09\/lyra1.jpg\" rel=\"wp-prettyPhoto[1058]\"><img decoding=\"async\" loading=\"lazy\" class=\"alignnone size-medium wp-image-1908\" title=\"lyra1\" src=\"http:\/\/www.vegayazilim.com.tr\/wp-content\/uploads\/2012\/09\/lyra1-300x266.jpg\" alt=\"Vega Yaz\u0131l\u0131m Muhasebe Program\u0131\" width=\"300\" height=\"266\" \/><\/a><\/p>\n<\/div>\n<div class=\"ezcol-divider\"><\/div>\n<\/div>\n<div><\/div>\n<\/div>\n<h3><a name=\"tanimlar\"><\/a>TANIMLAR<\/h3>\n<p><a href=\"http:\/\/www.vegayazilim.com.tr\/wp-content\/uploads\/2012\/08\/yeldivider.png\" rel=\"wp-prettyPhoto[1058]\"><img decoding=\"async\" loading=\"lazy\" title=\"yeldivider\" src=\"http:\/\/www.vegayazilim.com.tr\/wp-content\/uploads\/2012\/08\/yeldivider.png\" alt=\"Vega Yaz\u0131l\u0131m Muhasebe Program\u0131\" width=\"281\" height=\"9\" \/><\/a><\/p>\n<ol type=\"a\">\n<li>\n<div><strong>\u00dcretim S\u00fcre\u00e7leri<br \/>\n<\/strong>mam\u00fcl\u00fcn \u00fcretirken ge\u00e7ti\u011fi her bir a\u015famay\u0131 temsil eder. \u0130\u015f emrinde mam\u00fcl\u00fcn s\u00fcre\u00e7 bazl\u0131 hareketini takip etmeye imkan verir, istenirse s\u00fcre\u00e7 maliyetlerini izlemek i\u00e7in i\u015f emri baz\u0131nda \u00fcretim s\u00fcre\u00e7 fi\u015fi olu\u015fturulabilir. Bu konuya i\u015f emrinde daha detayl\u0131 de\u011finece\u011fiz.<\/div>\n<\/li>\n<li>\n<div><strong>Gruplar<\/strong><br \/>\n\u00dcretilecek mam\u00fclleri belirli kategoriler alt\u0131nda toplamaktad\u0131r. \u00d6rnek vermek gerekirse 2\u2019li koltuk, 3\u2019l\u00fc koltuk, 3\u2019l\u00fc kanepe vb.\u00a0<strong>KANEPE<\/strong>\u00a0grubunda, Berjer tek ba\u015f\u0131na\u00a0<strong>BERJER<\/strong>\u00a0grubunda(berjer yap\u0131m\u0131 zor ve farkl\u0131 bir \u00fcr\u00fcn), komodin, etejer, gard\u0131rop is\u00a0<strong>DOLAP<\/strong>\u00a0olarak gruplanabilir. Bu gruplama hem \u00fcretim bantlar\u0131n\u0131n tan\u0131m\u0131nda hem de firma i\u00e7in yap\u0131lacak \u00f6zel raporlarda kullan\u0131lacakt\u0131r.<\/div>\n<\/li>\n<li>\n<div><strong>Malzeme Konumlar\u0131<\/strong><br \/>\n\u00dcretim re\u00e7etesi ve katalo\u011funun haz\u0131rlanmas\u0131 s\u0131ras\u0131nda, hammaddenin konumunu belirtmek maksad\u0131yla kullan\u0131lmaktad\u0131r. Bir di\u011fer kullan\u0131m alan\u0131 ise \u00fcretilen \u00fcr\u00fcnle ilgili \u015fablonlar\u0131 belirlerken dikkate al\u0131nacak parametrelerin se\u00e7ilmesidir<\/div>\n<\/li>\n<li>\n<div><strong>Ta\u015f\u0131y\u0131c\u0131 Tan\u0131mlar\u0131<br \/>\n<\/strong>Birlikte \u00e7al\u0131\u015f\u0131lan ta\u015f\u0131y\u0131c\u0131 ara\u00e7larlar\u0131n tan\u0131mlanmas\u0131 ve kapasitelerinin belirlenmesi yap\u0131l\u0131r. Hacim Katsay\u0131s\u0131 ister kanepe miktar\u0131 olarak belirlenebilir, isterseniz hacim olarak ta de\u011ferlendirebilir.<\/div>\n<\/li>\n<li>\n<div><strong>\u00dcretim Bantlar\u0131<\/strong><br \/>\nHangi \u00fcr\u00fcn grubunun hangi \u00fcretim bant\u0131nda \u00fcretilece\u011fini, mesai i\u00e7erisinde ka\u00e7 i\u015f birim i\u015f yap\u0131ld\u0131\u011f\u0131n\u0131 belirlemek i\u00e7in kullan\u0131l\u0131r. Buradaki i\u015f birimi saat veya kanepe baz olarak al\u0131n\u0131r. Kanepe i\u00e7in \u00f6rnek verirsek fabrikan\u0131n 1. Mesai deki i\u015f hacmi g\u00fcnl\u00fck 240 Kanepedir, 2. Mesai diliminde ise \u00e7al\u0131\u015fan say\u0131s\u0131n\u0131n azalt\u0131lmas\u0131 vb. durumlardan dolay\u0131 kapasite 200, 3. Dilimde ise 180 kanepe olabilir.<\/div>\n<\/li>\n<li>\n<div><strong>Tatil G\u00fcnleri<\/strong><br \/>\nTatil veya eksik mesai yap\u0131lacak g\u00fcnlerin belirlemesi yap\u0131l\u0131r. Bu g\u00fcnler planlamaya dahil edilmez veya se\u00e7ilen mesai kadar dahil edilir. Bu pencerede kolayl\u0131k olsun diye hafta sonlar\u0131n\u0131n eklenmesi i\u00e7in bir buton eklenmi\u015ftir.<\/div>\n<\/li>\n<\/ol>\n<div><\/div>\n<h3><a name=\"uretim-recetesi\"><\/a>\u00dcRET\u0130M RE\u00c7ETES\u0130<\/h3>\n<p><a href=\"http:\/\/www.vegayazilim.com.tr\/wp-content\/uploads\/2012\/08\/yeldivider.png\" rel=\"wp-prettyPhoto[1058]\"><img decoding=\"async\" loading=\"lazy\" title=\"yeldivider\" src=\"http:\/\/www.vegayazilim.com.tr\/wp-content\/uploads\/2012\/08\/yeldivider.png\" alt=\"Vega Yaz\u0131l\u0131m Muhasebe Program\u0131\" width=\"281\" height=\"9\" \/><\/a><\/p>\n<div>Tan\u0131mlar\u0131n hemen arkas\u0131ndan yeni \u00fcretim re\u00e7etesine ge\u00e7ebiliriz. \u00dcretim re\u00e7etesi mobilya sekt\u00f6r\u00fcn\u00fcn ihtiya\u00e7lar\u0131 g\u00f6zetilerek haz\u0131rlanm\u0131\u015f, esnek yap\u0131s\u0131yla dikkat \u00e7eken, mam\u00fcl\u00fcn \u00fcretimi s\u0131ras\u0131nda yap\u0131lmas\u0131 gerekenleri tespit etti\u011fimiz evrakt\u0131r.<br \/>\n\u00dcretim Re\u00e7etesinde bundan sonra di\u011fer evraklarda da g\u00f6rece\u011fimiz men\u00fc mant\u0131\u011f\u0131na bakabiliriz.<br \/>\nDi\u011fer Evraklarda da ortak olan<br \/>\n<strong>Yeni\u00a0<\/strong>\u2013 yeni bir \u00fcretim re\u00e7etesi a\u00e7maya yarar.<br \/>\nBurada ayn\u0131 anda birden fazla yeni re\u00e7ete a\u00e7abilir, d\u00fczenleyebiliriz. Evraklar t\u0131pk\u0131 bir Word dok\u00fcman\u0131 gibi g\u00f6rev \u00e7ubu\u011funda yerini alacakt\u0131r.<br \/>\n<strong>Kaydet<\/strong>&#8211; evrak\u0131n kaydedilmesini sa\u011flar<br \/>\n<strong>Farkl\u0131 kaydet<\/strong>&#8211; ayn\u0131 evraktan bir kopya olu\u015fturulmas\u0131na imkan verir<br \/>\n<strong>Yazd\u0131r<\/strong>&#8211; belgenin yazd\u0131r\u0131lmas\u0131n\u0131 sa\u011flar<br \/>\n<strong>Belge \u0130ptal<\/strong>&#8211; belgeyi iptal eder.<br \/>\nOrtak olmayan ise Tutarlar\u0131 G\u00fcncelle men\u00fcs\u00fcd\u00fcr. Buradan ba\u015fka re\u00e7ete kataloglar\u0131nda da g\u00f6rebilece\u011fimiz bu men\u00fc nesnesi ile hammadde maliyetleri stok kartlar\u0131 \u00fczerinden yenilenir.<\/div>\n<div>Re\u00e7etenin ba\u015fl\u0131k k\u0131sm\u0131nda ise dikkat \u00e7ekebilecek k\u0131s\u0131mlara bakal\u0131m.<br \/>\n<strong>\u00dcr\u00fcn gurubu<\/strong>&#8211; daha \u00f6nce tan\u0131mlarda yapt\u0131\u011f\u0131m\u0131z ayarlar burada listelenir.<br \/>\n<strong>A\u011f\u0131rl\u0131k<\/strong>&#8211; kg cinsinden mam\u00fcl\u00fcn a\u011f\u0131rl\u0131\u011f\u0131n\u0131 belirtir.<br \/>\n<strong>Birim G\u00fc\u00e7 Katsay\u0131s\u0131<\/strong>&#8211; \u00dcretim band\u0131nda belirtti\u011fimiz birim g\u00fc\u00e7 katsay\u0131s\u0131 ile ayn\u0131 birimde olacak \u015fekilde bu mam\u00fcl i\u00e7in ne kadarl\u0131k birim i\u015f gerektirdi\u011fini belirtmek i\u00e7in kullan\u0131l\u0131r. \u00d6rnek vermek gerekirse Kanepeyi bir birim kabul etmi\u015f ve \u00fcretim band\u0131m\u0131zdan g\u00fcnde 240 kanepe \u00e7\u0131kar demi\u015ftik e\u011fer mam\u00fcl\u00fcm koltuk ise bu katsay\u0131 kanepenin i\u015f g\u00fcc\u00fcne ba\u011f\u0131ml\u0131 olarak 0,80 berjer ise 1,20 olarak girilebilir.<br \/>\n<strong>Hacim<\/strong>&#8211; m^3 cinsinden mam\u00fcl\u00fcn hacmini yazmak i\u00e7in kullan\u0131l\u0131r. Bu alan bilgi ve raporlama i\u00e7indir.<br \/>\n<strong>Hacim katsay\u0131<\/strong>&#8211; sevkiyat s\u0131ras\u0131nda kullan\u0131lacak arac\u0131n tipini belirlemek i\u00e7in kullan\u0131l\u0131r. Ta\u015f\u0131y\u0131c\u0131 tan\u0131mlar\u0131nda verdi\u011fimiz katsay\u0131 ile do\u011frudan ili\u015fkilidir.<br \/>\n<strong>Katalogdaki miktar de\u011fi\u015fimlerinden etkilenmesin<\/strong>&#8211; bu onay kutusuyla tak\u0131m olarak \u00fcretilen \u00fcr\u00fcnlerde hammadde girdilerinin de\u011fi\u015fikli\u011finden etkilenmeyen \u00fcr\u00fcnlerin belirlenmesi hedeflenmi\u015ftir- bu sayede d\u0131\u015far\u0131 tek olarak \u00fcretilmesi i\u00e7in g\u00f6nderilen \u00fcr\u00fcnler tak\u0131m i\u00e7erisinde olsa dahi hammadde girdi \u2013 maliyet hesab\u0131 d\u00fczg\u00fcn bir \u015fekilde yap\u0131lmas\u0131n\u0131 sa\u011flar.<\/div>\n<div>Re\u00e7etenin hareket k\u0131sm\u0131 \u00fc\u00e7 k\u0131sma ayr\u0131lm\u0131\u015ft\u0131r bunlar s\u0131ras\u0131yla Maliyet Girdileri, S\u00fcre\u00e7ler, De\u011fi\u015fken Stok \u015eablonlar\u0131\u2019d\u0131r. \u00d6ncelikle Maliyet Girdilerini inceleyelim;<\/div>\n<ol type=\"a\">\n<li>\n<div><strong>Maliyet Girdileri<\/strong><\/div>\n<ol type=\"i\">\n<li>\n<div><strong>Maliyet Tipleri<br \/>\n<\/strong>Maliyet girdilerinin \u00fc\u00e7 farkl\u0131 tipi vard\u0131r bunlar s\u0131ras\u0131yla Sabit, De\u011fi\u015fken ve Maliyet Unsuru\u2019dur. S\u0131ras\u0131yla \u00fc\u00e7\u00fcn\u00fcn de tan\u0131mlar\u0131n\u0131 yapal\u0131m<\/div>\n<ol>\n<li>\n<div>Sabit<br \/>\nMam\u00fcl\u00fcn \u00fcretimi s\u0131ras\u0131nda de\u011fi\u015fmeyecek hammadde tipini temsil etmek i\u00e7in kullan\u0131l\u0131r. Bu malzeme tipi se\u00e7ildi\u011finde Alternatif Stoklar se\u00e7ene\u011fi kapanacakt\u0131r<\/div>\n<\/li>\n<li>\n<div>De\u011fi\u015fken<br \/>\n\u0130\u015f Emri verilmesi s\u0131ras\u0131nda kullan\u0131lacak malzemenin cinsine karar verilmesi gereken durumlarda de\u011fi\u015fken malzeme tipi se\u00e7ilmelidir. De\u011fi\u015fken malzeme tipi se\u00e7ildi\u011finde alternatif stoklar h\u00fccresi kullan\u0131labilir olacakt\u0131r. Alternatif Stoklar i\u00e7erisinde ba\u015fta eklenen ana \u00fcr\u00fcn\u00fcn kendisi olmak \u00fczere \u00fcr\u00fcn muadilleri se\u00e7ilerek liste olu\u015fturulur<\/div>\n<\/li>\n<li>\n<div>Maliyet Unsuru<br \/>\nSabit maliyet tipinin bir ba\u015fka tipidir. Elektrik, i\u015f g\u00fcc\u00fc, vb kaynak giderlerini eklemek i\u00e7in kullan\u0131l\u0131r.<\/div>\n<\/li>\n<\/ol>\n<\/li>\n<li>\n<div><strong>Malzeme Konumlar\u0131<\/strong><br \/>\nMalzeme konumlar\u0131 tan\u0131mlarda da bahsetti\u011fimiz gibi hammadde konumunun belirlenmesi i\u00e7in kullan\u0131lmaktad\u0131r.<\/div>\n<\/li>\n<li>\n<div><strong>Alternatif Stoklar<\/strong><br \/>\nDe\u011fi\u015fken olarak i\u015faretlenmi\u015f stoklar i\u00e7in stok alternatiflerinin belirlenmesinde kullan\u0131l\u0131r.<\/div>\n<\/li>\n<\/ol>\n<\/li>\n<li>\n<div><strong>S\u00fcre\u00e7ler<br \/>\n<\/strong>S\u00fcre\u00e7ler sekmesi bu mam\u00fcl\u00fcn hangi s\u00fcre\u00e7lerden ge\u00e7ece\u011fini belirtece\u011fimiz yerdir. Daha \u00f6nce tan\u0131mlarda ekledi\u011fimiz s\u00fcre\u00e7lerden ilgililerini buraya ekleyerek mam\u00fcl\u00fcn her bir s\u00fcre\u00e7 ad\u0131m\u0131n\u0131 belirleriz.<\/div>\n<\/li>\n<li>\n<div><strong>De\u011fi\u015fken Stok \u015eablonlar\u0131<br \/>\n<\/strong>Bu sekmede mam\u00fcl i\u00e7in \u00f6nceden belirlenmi\u015f \u00fcretim \u015fekillerinin girilmesi sa\u011flan\u0131r, beyaz font kuma\u015f\u0131, k\u0131rm\u0131z\u0131 s\u0131rt beyaz k\u0131rlent bir \u00fcretim \u015fekli iken, beyaz font- siyah s\u0131rt, siyah k\u0131rlent bir ba\u015fka \u00fcretim \u015feklidir. T\u00fcm bunlar\u0131 de\u011fi\u015fken stok \u015fablonlar\u0131 ile yapmak m\u00fcmk\u00fcnd\u00fcr. Yap\u0131lmas\u0131 gereken \u015fablona bir isim vermek ve ilgili mam\u00fcllerin alternatif stoklar\u0131n\u0131 se\u00e7mek.<\/div>\n<\/li>\n<\/ol>\n<div><\/div>\n<div><\/div>\n<h3><a name=\"uretim-katalogu\"><\/a>\u00dcRET\u0130M KATALO\u011eU<\/h3>\n<p><a href=\"http:\/\/www.vegayazilim.com.tr\/wp-content\/uploads\/2012\/08\/yeldivider.png\" rel=\"wp-prettyPhoto[1058]\"><img decoding=\"async\" loading=\"lazy\" title=\"yeldivider\" src=\"http:\/\/www.vegayazilim.com.tr\/wp-content\/uploads\/2012\/08\/yeldivider.png\" alt=\"\" width=\"281\" height=\"9\" \/><\/a><\/p>\n<div>\u00dcretim re\u00e7etelerini olu\u015fturdu\u011fumuz \u00fcr\u00fcnlerden bir tak\u0131m olu\u015fturmak i\u00e7in \u00dcretim katalo\u011funu kullan\u0131r\u0131z. \u00dcretim Katalo\u011fu Men\u00fcs\u00fc \u00dcretim Re\u00e7etesi Men\u00fcleriyle ayn\u0131d\u0131r Ba\u015fl\u0131k K\u0131sm\u0131na bakarsak re\u00e7eteden farkl\u0131 olarak ayn\u0131 \u00f6l\u00e7\u00fc alanlar\u0131n\u0131n Toplam \u015feklinde ifade edilen bi\u00e7imlerini g\u00f6r\u00fcyoruz.<br \/>\n\u00dcretim katalo\u011fu hareketleri 4 sekmeden olu\u015fur bunlar s\u0131ras\u0131yla Re\u00e7eteler, \u00dcretim Girdileri, \u00dcretim Girdileri Detay ve De\u011fi\u015fken Stok \u015eablonlar\u0131d\u0131r.<\/div>\n<ol type=\"a\">\n<li>\n<div><strong>Re\u00e7eteler<\/strong><br \/>\nBu sekmeden bu tak\u0131m i\u00e7erisinde hangi re\u00e7etelerden ka\u00e7ar tane oldu\u011funu belirleriz. Buraya eklenen her bir re\u00e7ete i\u00e7in hem ba\u015fl\u0131ktaki toplam alanlar\u0131n\u0131 etkiler, hem de \u00fcretim girdilerine re\u00e7ete i\u00e7erisindeki maliyet girdileri eklenir.<\/div>\n<\/li>\n<li>\n<div><strong>\u00dcretim Girdileri<\/strong><br \/>\nEklenen re\u00e7eteler i\u00e7in gerekli \u00fcretim girdilerinin \u00f6zeti burada listelenmektedir.<br \/>\nBurada miktarlar d\u00fczenlenerek tak\u0131m olarak \u00fcretilen mamullerdeki maliyet giderleri ayarlanabilir.<\/div>\n<\/li>\n<li>\n<div><strong>\u00dcretim Girdileri Detay<\/strong><br \/>\nEklenen re\u00e7eteler i\u00e7in gerekli \u00fcretim girdilerinin detayl\u0131 bilgisi burada listelenmektedir.<br \/>\nBurada miktarlar d\u00fczenlenerek tak\u0131m olarak \u00fcretilen mam\u00fcllerdeki maliyet giderleri ayarlanabilir. \u00dcretim Girdileri \u00f6zet b\u00f6l\u00fcm\u00fcnden yap\u0131lan de\u011fi\u015fiklikler buraya a\u011f\u0131rl\u0131kl\u0131 olarak yans\u0131t\u0131lmaktad\u0131r. E\u011fer Detay b\u00f6l\u00fcm\u00fcnde de\u011fi\u015fiklik yap\u0131ld\u0131ysa \u00d6zet b\u00f6l\u00fcm\u00fcnde \u201c<strong>Detay Bilgilerinden G\u00fcncelle<\/strong>\u201d butonu ile \u00f6zet bilgiler g\u00fcncellenmelidir.<\/div>\n<\/li>\n<li>\n<div><strong>De\u011fi\u015fken Stok \u015eablonlar\u0131<\/strong><br \/>\n\u00dcretim re\u00e7etesindekiyle ayn\u0131 mant\u0131ktad\u0131r, fark olarak her bir \u00fcr\u00fcn i\u00e7in alternatif se\u00e7imleri yap\u0131l\u0131r.<\/div>\n<\/li>\n<\/ol>\n<p>&nbsp;<\/p>\n<h3><a name=\"siparis\"><\/a>S\u0130PAR\u0130\u015e<\/h3>\n<p><a href=\"http:\/\/www.vegayazilim.com.tr\/wp-content\/uploads\/2012\/08\/yeldivider.png\" rel=\"wp-prettyPhoto[1058]\"><img decoding=\"async\" loading=\"lazy\" title=\"yeldivider\" src=\"http:\/\/www.vegayazilim.com.tr\/wp-content\/uploads\/2012\/08\/yeldivider.png\" alt=\"Vega Yaz\u0131l\u0131m Muhasebe Program\u0131\" width=\"281\" height=\"9\" \/><\/a><\/p>\n<div>Sipari\u015fte se\u00e7ilen m\u00fc\u015fterinin eski sipari\u015flerini, tercih etti\u011fi ta\u015f\u0131y\u0131c\u0131 tipine g\u00f6re ara\u00e7 doluluk oranlar\u0131n\u0131, bu haftaki vardiya doluluk oranlar\u0131n\u0131 takip edebilirsiniz. Sipari\u015f i\u00e7in sat\u0131r ekledi\u011finizde size hangi \u015fablondan \u00fcretim yapmak iste\u011finize dair bir pencere gelmesiyle beraber i\u015fleminiz tamamlan\u0131r.<\/div>\n<div><\/div>\n<h3><a name=\"planlama\"><\/a>PLANLAMA<\/h3>\n<p><a href=\"http:\/\/www.vegayazilim.com.tr\/wp-content\/uploads\/2012\/08\/yeldivider.png\" rel=\"wp-prettyPhoto[1058]\"><img decoding=\"async\" loading=\"lazy\" title=\"yeldivider\" src=\"http:\/\/www.vegayazilim.com.tr\/wp-content\/uploads\/2012\/08\/yeldivider.png\" alt=\"Vega Yaz\u0131l\u0131m Muhasebe Program\u0131\" width=\"281\" height=\"9\" \/><\/a><\/p>\n<ul>\n<li>\n<div>Planlamaya iki \u015fekilde \u00fcr\u00fcn eklenmektedir. Birincisi stoklu \u00e7al\u0131\u015fmak i\u00e7in direkt \u00fcr\u00fcn re\u00e7etesi ekleyerek, di\u011feri ise al\u0131nan sipari\u015fi eklemektir. Planlamaya planlanacak \u00fcr\u00fcnler eklenirken s\u0131rano\/g\u00fcn alan\u0131 otomatik olarak artacakt\u0131r. Manuel planlama yap\u0131l\u0131yorsa s\u0131ra no ya el ile hangi g\u00fcn \u00fcretilece\u011fi girilmelidir. Bu i\u015flem bittikten sonra El ile girilen verilerden Planlama yap veya Otomatik Planlama yap se\u00e7enekleriyle planlama olu\u015fturulur. Vardiya yap\u0131lacaksa ba\u015fl\u0131kta vardiya 2 aktif, vardiya 3 aktif kullan\u0131labilir. Planlama yap\u0131ld\u0131\u011f\u0131nda plan sat\u0131r\u0131na ba\u015flang\u0131\u00e7 ve biti\u015f tarihleri yaz\u0131l\u0131r.<\/div>\n<\/li>\n<li>\n<div>Planlama detayda g\u00fcnl\u00fck olarak da\u011f\u0131t\u0131lm\u0131\u015f toplam i\u015f g\u00fc\u00e7leri g\u00f6sterilir.<\/div>\n<\/li>\n<li>\n<div>Hammadde ihtiya\u00e7 tablosunda ise bu planlama i\u00e7in ne kadarl\u0131k hammadde ihtiyac\u0131 var sorusunun cevab\u0131n\u0131 vermektedir.<\/div>\n<\/li>\n<\/ul>\n<div><\/div>\n<h3><a name=\"toplu-is-emri\"><\/a>TOPLU \u0130\u015e EMR\u0130<\/h3>\n<p><a href=\"http:\/\/www.vegayazilim.com.tr\/wp-content\/uploads\/2012\/08\/yeldivider.png\" rel=\"wp-prettyPhoto[1058]\"><img decoding=\"async\" loading=\"lazy\" title=\"yeldivider\" src=\"http:\/\/www.vegayazilim.com.tr\/wp-content\/uploads\/2012\/08\/yeldivider.png\" alt=\"Vega Yaz\u0131l\u0131m Muhasebe Program\u0131\" width=\"281\" height=\"9\" \/><\/a><\/p>\n<div>Toplu i\u015f emriyle birden fazla i\u015f emrini ayn\u0131 anda olu\u015fturulabilir. Temel mant\u0131\u011f\u0131 i\u015f emriyle ayn\u0131d\u0131r, \u00fcretim s\u00fcre\u00e7leri takip edilemez.<\/div>\n<div><\/div>\n<div><\/div>\n","protected":false},"excerpt":{"rendered":"<p>Lyra Mobilya \u00dcretim Mobilya \u00fcretim sekt\u00f6r\u00fcnde b\u00fcy\u00fck bir eksikli\u011fi kapatacak, bu sekt\u00f6re \u00f6zel olarak haz\u0131rlanm\u0131\u015f\u00a0ERP\u00a0program\u0131d\u0131r\u00a0LYRA Mobilya. LYRA Mobilya \u00dcretim Planlama\u00a0i\u00e7erisinde sipari\u015ften planlamaya kadar t\u00fcm konular\u0131n ele al\u0131nd\u0131\u011f\u0131n\u0131 g\u00f6receksiniz. Kapasite \u2013 vardiya takibi, s\u00fcre\u00e7lerin takibi ve&#8230;<\/p>\n","protected":false},"featured_media":271,"comment_status":"open","ping_status":"closed","template":"","meta":[],"_links":{"self":[{"href":"https:\/\/www.veribilgisayar.com\/web\/wp-json\/wp\/v2\/product\/264"}],"collection":[{"href":"https:\/\/www.veribilgisayar.com\/web\/wp-json\/wp\/v2\/product"}],"about":[{"href":"https:\/\/www.veribilgisayar.com\/web\/wp-json\/wp\/v2\/types\/product"}],"replies":[{"embeddable":true,"href":"https:\/\/www.veribilgisayar.com\/web\/wp-json\/wp\/v2\/comments?post=264"}],"wp:featuredmedia":[{"embeddable":true,"href":"https:\/\/www.veribilgisayar.com\/web\/wp-json\/wp\/v2\/media\/271"}],"wp:attachment":[{"href":"https:\/\/www.veribilgisayar.com\/web\/wp-json\/wp\/v2\/media?parent=264"}],"curies":[{"name":"wp","href":"https:\/\/api.w.org\/{rel}","templated":true}]}}