{"id":263,"date":"2016-03-22T14:01:42","date_gmt":"2016-03-22T14:01:42","guid":{"rendered":"http:\/\/veribilgisayar.com\/web\/?post_type=product&#038;p=263"},"modified":"2017-07-20T14:00:58","modified_gmt":"2017-07-20T14:00:58","slug":"fatura-stok-cari-programi","status":"publish","type":"product","link":"https:\/\/www.veribilgisayar.com\/web\/urun\/fatura-stok-cari-programi\/","title":{"rendered":"ERP Program\u0131 VegaWin"},"content":{"rendered":"<h1>ERP Program\u0131 VegaWin<\/h1>\n<p><img decoding=\"async\" loading=\"lazy\" title=\"yeldivider\" src=\"http:\/\/www.vegayazilim.com.tr\/wp-content\/uploads\/2012\/08\/yeldivider.png\" alt=\"\" width=\"281\" height=\"9\" \/><\/p>\n<p>Vega Yaz\u0131l\u0131m\u2019\u0131n \u00e7ok satan \u00fcr\u00fcnlerinden biri olan Vega Win t\u00fcm T\u00fcrkiye\u2019de binlerce firma taraf\u0131ndan kullan\u0131lmaktad\u0131r. Firman\u0131z\u0131n t\u00fcm gereksinimlerine cevap verebilecek \u00f6zelliklerle donat\u0131lm\u0131\u015ft\u0131r. \u00dcretim\u2019 den sat\u0131\u015fa ve muhasebe hesaplar\u0131na kadar her t\u00fcrl\u00fc i\u015flemi yapabilirsiniz. Vega Win firman\u0131z\u0131n ihtiya\u00e7lar\u0131 do\u011frultusunda paketlendirilir ve fiyat\u0131 belirlenir.<\/p>\n<div id=\"wp-table-reloaded-id-3-no-1_wrapper\" class=\"dataTables_wrapper\">\n<table id=\"wp-table-reloaded-id-3-no-1\" class=\"wp-table-reloaded wp-table-reloaded-id-3\">\n<thead>\n<tr class=\"row-1 odd\">\n<th class=\"column-1 sorting_disabled\" colspan=\"1\" rowspan=\"1\">Paket Ad\u0131<\/th>\n<th class=\"column-2 sorting_disabled\" colspan=\"1\" rowspan=\"1\">Mod\u00fcller<\/th>\n<\/tr>\n<\/thead>\n<tbody>\n<tr class=\"row-2 even\">\n<td class=\"column-1\">Mobile<\/td>\n<td class=\"column-2\">Finansman-Stok-Fatura-Standart Raporlar<\/td>\n<\/tr>\n<tr class=\"row-3 odd\">\n<td class=\"column-1\">Standart<\/td>\n<td class=\"column-2\">Finansman-Stok-Fatura-Sipari\u015f-Banka-Kasa-Standart Raporlar<\/td>\n<\/tr>\n<tr class=\"row-4 even\">\n<td class=\"column-1\">Expert<\/td>\n<td class=\"column-2\">Finansman-Stok-Fatura-Sipari\u015fZimmet-Banka-Kasa-Ers-Ajanda<\/td>\n<\/tr>\n<tr class=\"row-5 odd\">\n<td class=\"column-1\">Professional<\/td>\n<td class=\"column-2\">Finansman-Stok-Fatura-Sipari\u015f-Zimmet-Banka-Kasa-Muhasebe-Ers-Ajanda<\/td>\n<\/tr>\n<tr class=\"row-6 even\">\n<td class=\"column-1\">Business<\/td>\n<td class=\"column-2\">Finansman-Stok-Fatura-Sipari\u015f-Zimmet-Banka-Kasa-Orderman-Smart-ERS-Ajanda<\/td>\n<\/tr>\n<tr class=\"row-7 odd\">\n<td class=\"column-1\">Expert Plus<\/td>\n<td class=\"column-2\">Finansman-Stok-Fatura-Sipari\u015f-Zimmet-Masraf ve indirim faturalar\u0131-Banka-Kasa-Orderman-Say\u0131m-Ers-Ajanda<\/td>\n<\/tr>\n<tr class=\"row-8 even\">\n<td class=\"column-1\">Professional Plus<\/td>\n<td class=\"column-2\">Finansman-Stok-Fatura-Sipari\u015f-Zimmet-Masraf ve \u0130ndirim Faturalar\u0131-Banka-Kasa-Orderman-Muhasebe-Enflasyon Muh.-Say\u0131m-Bizz Server-Ers-Ajanda<\/td>\n<\/tr>\n<tr class=\"row-9 odd\">\n<td class=\"column-1\">Business Plus<\/td>\n<td class=\"column-2\">Finansman-Stok-\u00c7ok Boyutlu Stok-\u00dcr\u00fcn Katalog-Fatura-Sipari\u015f-Zimmet-Masraf ve \u0130ndirim Faturalar\u0131-Banka-Kasa-Crm-Orderman-Sat\u0131n Alma-B\u00fct\u00e7e-Smart-Enflasyon Muh.-Say\u0131m-Bizz Server-Ers-Ajanda<\/td>\n<\/tr>\n<\/tbody>\n<\/table>\n<\/div>\n<p><img decoding=\"async\" loading=\"lazy\" class=\"alignnone size-full wp-image-982\" title=\"win\" src=\"http:\/\/www.vegayazilim.com.tr\/wp-content\/uploads\/2012\/09\/win.jpg\" alt=\"\" width=\"700\" height=\"384\" \/><\/p>\n<div class=\"ezcol ezcol-two-fifth\">\n<div>\n<h4>BIRDEN FAZLA \u015eUBE VE KASA I\u015eLEMLERI TAKIBI<\/h4>\n<p><img decoding=\"async\" loading=\"lazy\" class=\"alignnone size-full wp-image-947\" title=\"yeldivider\" src=\"http:\/\/www.vegayazilim.com.tr\/wp-content\/uploads\/2012\/08\/yeldivider.png\" alt=\"\" width=\"281\" height=\"9\" \/><\/p>\n<ul>\n<li>TL ve d\u00f6viz nakit i\u015flemleri<\/li>\n<li>Harcamalar\u0131n izlenmesi<\/li>\n<li>Kasalar aras\u0131 nakit transfer i\u015flemleri<\/li>\n<\/ul>\n<h4>BANKA HESAPLARI TAKIBI<\/h4>\n<p><img decoding=\"async\" loading=\"lazy\" title=\"yeldivider\" src=\"http:\/\/www.vegayazilim.com.tr\/wp-content\/uploads\/2012\/08\/yeldivider.png\" alt=\"\" width=\"281\" height=\"9\" \/><\/p>\n<ul>\n<li>Tl hesap ve d\u00f6viz hesap tutabilir<\/li>\n<li>Kredi kartlar\u0131 takibi<\/li>\n<li>Kredi kartlar\u0131 tahsilat ve komisyon takibi<\/li>\n<li>Banka takas i\u015flemleri<\/li>\n<li>Havale ve eft i\u015flemleri<\/li>\n<\/ul>\n<h4>CARI HESAP TAKIPLERI<\/h4>\n<p><img decoding=\"async\" loading=\"lazy\" title=\"yeldivider\" src=\"http:\/\/www.vegayazilim.com.tr\/wp-content\/uploads\/2012\/08\/yeldivider.png\" alt=\"\" width=\"281\" height=\"9\" \/><\/p>\n<ul>\n<li>Tl ve d\u00f6vizli cari hesap takibi<\/li>\n<li>Hesap kapatma i\u015flemleri<\/li>\n<li>Nakit-\u00e7ek-senet ve kredi kart\u0131 i\u015flemleri<\/li>\n<\/ul>\n<h4>TOPTAN CARI HESAP TAKIBI<\/h4>\n<p><img decoding=\"async\" loading=\"lazy\" title=\"yeldivider\" src=\"http:\/\/www.vegayazilim.com.tr\/wp-content\/uploads\/2012\/08\/yeldivider.png\" alt=\"\" width=\"281\" height=\"9\" \/><\/p>\n<ul>\n<li>Perakende cari hesap takibi<\/li>\n<li>Zimmet cari hesap takibi<\/li>\n<li>Personel cari hesap takibi<\/li>\n<\/ul>\n<h4>STOK \u0130\u015eLEMLERI<\/h4>\n<p><img decoding=\"async\" loading=\"lazy\" title=\"yeldivider\" src=\"http:\/\/www.vegayazilim.com.tr\/wp-content\/uploads\/2012\/08\/yeldivider.png\" alt=\"\" width=\"281\" height=\"9\" \/><\/p>\n<ul>\n<li>\u0130rsaliye i\u015flemleri<\/li>\n<li>Fatura i\u015flemleri<\/li>\n<li>Proforma fatura i\u015flemleri<\/li>\n<li>Konsinye i\u015flemleri<\/li>\n<li>Al\u0131\u015f i\u015flemleri, depo bazl\u0131 \u00e7al\u0131\u015fabilme otomatik depolara \u00fcr\u00fcn sevk edebilme<\/li>\n<\/ul>\n<h4>CRM-M\u00dc\u015eTERI ILI\u015eKILERI Y\u00d6NETIM SISTEMI<\/h4>\n<p><img decoding=\"async\" loading=\"lazy\" title=\"yeldivider\" src=\"http:\/\/www.vegayazilim.com.tr\/wp-content\/uploads\/2012\/08\/yeldivider.png\" alt=\"\" width=\"281\" height=\"9\" \/><\/p>\n<ul>\n<li>M\u00fc\u015fteri g\u00f6r\u00fc\u015fme formlari<\/li>\n<li>M\u00fc\u015fteri diyalog etkinlik formlari<\/li>\n<li>Bireyler m\u00fc\u015fteri ya da ticari m\u00fc\u015fteri kartlari olu\u015fturabilme<\/li>\n<li>M\u00fc\u015fteri ilk temas anindan teklif- sati\u015f-tahsilat a\u015famalarinin tamam\u0131n\u0131n izlenmesi<\/li>\n<li>M\u00fc\u015fteri g\u00f6r\u00fc\u015fmelerinde sekt\u00f6re ve \u00e7al\u0131\u015fma \u015fekline uygun \u015fablon olu\u015fturarak g\u00f6r\u00fc\u015fme formu olu\u015fturabilme<\/li>\n<\/ul>\n<\/div>\n<p>&nbsp;<\/p>\n<\/div>\n<div class=\"ezcol ezcol-three-fifth ezcol-last\"><img decoding=\"async\" loading=\"lazy\" class=\"alignnone size-full wp-image-983\" title=\"men\" src=\"http:\/\/www.vegayazilim.com.tr\/wp-content\/uploads\/2012\/09\/men.jpg\" alt=\"\" width=\"500\" height=\"438\" \/><\/div>\n<div class=\"ezcol-divider\"><\/div>\n<p><img decoding=\"async\" loading=\"lazy\" title=\"divider\" src=\"http:\/\/www.vegayazilim.com.tr\/wp-content\/uploads\/2012\/08\/divider.png\" alt=\"\" width=\"100%\" height=\"3\" \/><\/p>\n<h2>TEK D\u00dcZEN MUHASEBE S\u0130STEM\u0130<\/h2>\n<p><img decoding=\"async\" loading=\"lazy\" class=\"alignnone size-full wp-image-1004\" title=\"tek\" src=\"http:\/\/www.vegayazilim.com.tr\/wp-content\/uploads\/2012\/09\/tek.jpg\" alt=\"\" width=\"700\" height=\"363\" \/><\/p>\n<div class=\"ezcol ezcol-one-half\">\n<div>\n<p><strong>&#8211; MAL\u0130YE BAKANLI\u011eI ONAYLI VE T\u00dcRK T\u0130CARET KANUNUNA UYUMLUDUR<\/strong><\/p>\n<h4><strong>MUHASEBE ; TEK D\u00dcZEN MUHASEBE HESAP PLANI ESASINA G\u00d6RED\u0130R<\/strong><\/h4>\n<p><img decoding=\"async\" loading=\"lazy\" title=\"yeldivider\" src=\"http:\/\/www.vegayazilim.com.tr\/wp-content\/uploads\/2012\/08\/yeldivider.png\" alt=\"\" width=\"417\" height=\"9\" \/><\/p>\n<ul>\n<li>Tebli\u011f uyar\u0131nca belirlenen t\u00fcm hesaplar otomatik tan\u0131ml\u0131d\u0131r.<\/li>\n<li>Firman\u0131n \u00f6zel iste\u011fi do\u011frultusunda her bir hesap i\u00e7in \u00e7al\u0131\u015fma kural\u0131 atama<\/li>\n<li>H\u0131zl\u0131 fi\u015f giri\u015fi i\u00e7in fi\u015f ve belge \u015fablonlar\u0131 olu\u015fturma<\/li>\n<li>Hesaplar aras\u0131 transfer<\/li>\n<li>T\u00fcm mali tablolar<\/li>\n<li>Bilan\u00e7o<\/li>\n<li>Gelir tablosu<\/li>\n<li>Nakit ak\u0131m tablosu<\/li>\n<li>K\u00e2r da\u011f\u0131t\u0131m tablosu<\/li>\n<li>Sat\u0131\u015flar\u0131n maliyeti tablosu<\/li>\n<li>Y\u0131llara ili\u015fkin \u00f6z kaynaklar de\u011fi\u015fim tablosu<\/li>\n<li>Fon ak\u0131m tablosu<\/li>\n<li>Mizan<\/li>\n<li>Yevmiye defteri<\/li>\n<li>Defteri kebir<\/li>\n<li>Muavin defterler<\/li>\n<li>Gider yerleri ve gider \u00e7e\u015fitleri ( masraf merkezleri)<\/li>\n<li>Elektronik defter tutabilme \u00f6zelli\u011fi<\/li>\n<\/ul>\n<h4>BEYANNAMELER<\/h4>\n<p><img decoding=\"async\" loading=\"lazy\" title=\"yeldivider\" src=\"http:\/\/www.vegayazilim.com.tr\/wp-content\/uploads\/2012\/08\/yeldivider.png\" alt=\"\" width=\"281\" height=\"9\" \/><\/p>\n<ul>\n<li>Kurumlar vergisi beyannamesi<\/li>\n<li>Ge\u00e7ici kurumlar vergisi beyannamesi<\/li>\n<li>Kdv beyannamesi<\/li>\n<li>Ba\/bs formu<\/li>\n<li>Muhtasar beyanname<\/li>\n<\/ul>\n<h4>\u00dcCRET BORDROSU<\/h4>\n<p><img decoding=\"async\" loading=\"lazy\" title=\"yeldivider\" src=\"http:\/\/www.vegayazilim.com.tr\/wp-content\/uploads\/2012\/08\/yeldivider.png\" alt=\"\" width=\"281\" height=\"9\" \/><\/p>\n<ul>\n<li>Puantaj<\/li>\n<li>\u00dccret bordrosu<\/li>\n<li>Sgk bildirgeleri<\/li>\n<li>Muhasebe ile entegrasyon<\/li>\n<\/ul>\n<h4>SAB\u0130T KIYMETLER (DEM\u0130RBA\u015e)<\/h4>\n<p><img decoding=\"async\" loading=\"lazy\" title=\"yeldivider\" src=\"http:\/\/www.vegayazilim.com.tr\/wp-content\/uploads\/2012\/08\/yeldivider.png\" alt=\"\" width=\"281\" height=\"9\" \/><\/p>\n<ul>\n<li>Demirba\u015f malzeme kay\u0131tlar\u0131<\/li>\n<li>Amortisman ve yeniden de\u011ferleme i\u015flemleri<\/li>\n<li>Muhasebe ile entegrasyon<\/li>\n<\/ul>\n<\/div>\n<\/div>\n<div class=\"ezcol ezcol-one-half ezcol-last\">\n<div>\n<h4>\u00dcRET\u0130M PROGRAMI<\/h4>\n<p><img decoding=\"async\" loading=\"lazy\" title=\"yeldivider\" src=\"http:\/\/www.vegayazilim.com.tr\/wp-content\/uploads\/2012\/08\/yeldivider.png\" alt=\"\" width=\"281\" height=\"9\" \/><\/p>\n<ul>\n<li>\u00dcretim re\u00e7eteleri ( mam\u00fcl a\u011fac\u0131) tan\u0131mlamalar\u0131<\/li>\n<li>\u00dcretim planlama<\/li>\n<li>\u0130\u015f emirleri olu\u015fturma<\/li>\n<li>Fire ve \u00fcretim zayiatlar\u0131 maliyet yans\u0131tma i\u015flemleri<\/li>\n<li>Fason i\u015f\u00e7ilik i\u015flemleri<\/li>\n<li>Montaj-demontaj \u00fcretim i\u015flemleri<\/li>\n<li>Hammadde<\/li>\n<li>Yar\u0131 mam\u00fcl<\/li>\n<li>Mam\u00fcl \u00fcr\u00fcn takibi<\/li>\n<li>Y\u00f6netici paneli<\/li>\n<li>Finansal risk y\u00f6netimi<\/li>\n<li>Hesap g\u00f6r<\/li>\n<li>Stok analizi<\/li>\n<li>Plasiyer ( m\u00fc\u015fteri temsilcisi) performans analiz<\/li>\n<li>Sat\u0131n alma karar mekanizmas\u0131-<strong>Orderman<\/strong><\/li>\n<li>Mobil sat\u0131\u015f uygulamalar\u0131-<strong>Armada<\/strong><\/li>\n<li>Mobil mal kabul uygulamalar\u0131-<strong>Armada<\/strong><\/li>\n<\/ul>\n<p><img decoding=\"async\" loading=\"lazy\" class=\"alignnone size-full wp-image-1007\" title=\"raplist\" src=\"http:\/\/www.vegayazilim.com.tr\/wp-content\/uploads\/2012\/09\/raplist.jpg\" alt=\"\" width=\"250\" height=\"492\" \/><\/p>\n<\/div>\n<p>&nbsp;<\/p>\n<\/div>\n<div class=\"ezcol-divider\"><\/div>\n<p>&nbsp;<\/p>\n<p><img decoding=\"async\" loading=\"lazy\" class=\"alignnone size-full wp-image-946\" title=\"divider\" src=\"http:\/\/www.vegayazilim.com.tr\/wp-content\/uploads\/2012\/08\/divider.png\" alt=\"\" width=\"100%\" height=\"3\" \/><\/p>\n<h2>ORDERMAN \u2013 SATIN ALMA KARAR MEKAN\u0130ZMASI<\/h2>\n<p><img decoding=\"async\" loading=\"lazy\" class=\"alignnone size-full wp-image-989\" title=\"orderman\" src=\"http:\/\/www.vegayazilim.com.tr\/wp-content\/uploads\/2012\/09\/orderman1.jpg\" alt=\"\" width=\"800\" height=\"369\" \/><\/p>\n<div class=\"ezcol ezcol-one-half\">\n<p>&nbsp;<\/p>\n<p>&nbsp;<\/p>\n<p>&nbsp;<\/p>\n<p><img decoding=\"async\" loading=\"lazy\" title=\"adam\" src=\"http:\/\/www.vegayazilim.com.tr\/wp-content\/uploads\/2012\/09\/adam.jpg\" alt=\"\" width=\"250\" height=\"366\" \/><\/p>\n<p><img decoding=\"async\" loading=\"lazy\" class=\"alignnone size-full wp-image-996\" title=\"bark\" src=\"http:\/\/www.vegayazilim.com.tr\/wp-content\/uploads\/2012\/09\/bark.jpg\" alt=\"\" width=\"300\" height=\"200\" \/><\/p>\n<\/div>\n<div class=\"ezcol ezcol-one-half ezcol-last\">\n<div>\n<h4>SATIN ALMA<\/h4>\n<p><img decoding=\"async\" loading=\"lazy\" title=\"yeldivider\" src=\"http:\/\/www.vegayazilim.com.tr\/wp-content\/uploads\/2012\/08\/yeldivider.png\" alt=\"\" width=\"281\" height=\"9\" \/><\/p>\n<ul>\n<li>Fiyat teklifi verme<\/li>\n<li>\u00dcr\u00fcn sat\u0131\u015f ko\u015fullar\u0131 ve sat\u0131\u015f anla\u015fmalar\u0131n\u0131n d\u00fczenlenmes\u0131<\/li>\n<li>Sat\u0131\u015f ko\u015fullar\u0131na uygun sat\u0131\u015f tekliflerinin d\u00fczenlenmesi<\/li>\n<li>Sarf malzemeleri i\u00e7in i\u00e7 talep formlar\u0131n\u0131n olu\u015fturulmas\u0131<\/li>\n<li>\u0130\u00e7 taleplerin onay mekanizmas\u0131<\/li>\n<\/ul>\n<h4>ORDERMAN<\/h4>\n<p><img decoding=\"async\" loading=\"lazy\" title=\"yeldivider\" src=\"http:\/\/www.vegayazilim.com.tr\/wp-content\/uploads\/2012\/08\/yeldivider.png\" alt=\"\" width=\"281\" height=\"9\" \/><\/p>\n<ul>\n<li>Ticari i\u015fletmelerin stok takibi<\/li>\n<li>Seri numaral\u0131 stok takibi<\/li>\n<li>Set stok takibi<\/li>\n<li>Grub stok takibi<\/li>\n<li>Renk-beden stok takibi<\/li>\n<li>\u00d6m\u00fcrl\u00fc \u00fcr\u00fcn stok takibi<\/li>\n<li>Barkod-kare kod ve rd\/id ile stok takibi<\/li>\n<li>\u015eubeler ( depolar) aras\u0131 \u00fcr\u00fcn transferi<\/li>\n<li>Say\u0131m i\u015flemleri<\/li>\n<\/ul>\n<h4>SATI\u015e<\/h4>\n<p><img decoding=\"async\" loading=\"lazy\" title=\"yeldivider\" src=\"http:\/\/www.vegayazilim.com.tr\/wp-content\/uploads\/2012\/08\/yeldivider.png\" alt=\"\" width=\"281\" height=\"9\" \/><\/p>\n<ul>\n<li>El terminali ve tablet pc \u00fczerinde \u00e7al\u0131\u015fan<\/li>\n<li>S\u0131cak sat\u0131\u015f uygulamalar\u0131<\/li>\n<li>Mal kabul i\u015flemleri<\/li>\n<li>\u015eubeler aras\u0131 \u00fcr\u00fcn transferi<\/li>\n<li>Say\u0131m i\u015flemleri<\/li>\n<li>\u00dcr\u00fcn etiket i\u015flemleri<\/li>\n<\/ul>\n<\/div>\n<p><img decoding=\"async\" loading=\"lazy\" class=\"alignnone size-full wp-image-998\" title=\"kod\" src=\"http:\/\/www.vegayazilim.com.tr\/wp-content\/uploads\/2012\/09\/kod.jpg\" alt=\"\" width=\"200\" height=\"115\" \/><\/p>\n<\/div>\n<div class=\"ezcol-divider\"><\/div>\n<p><img decoding=\"async\" loading=\"lazy\" title=\"divider\" src=\"http:\/\/www.vegayazilim.com.tr\/wp-content\/uploads\/2012\/08\/divider.png\" alt=\"\" width=\"100%\" height=\"3\" \/><\/p>\n<h2>Y\u00d6NET\u0130C\u0130 PANEL\u0130<\/h2>\n<p><img decoding=\"async\" loading=\"lazy\" class=\"size-full wp-image-1000 aligncenter\" title=\"yonetici\" src=\"http:\/\/www.vegayazilim.com.tr\/wp-content\/uploads\/2012\/09\/yonetici.jpg\" alt=\"\" width=\"800\" height=\"368\" \/><\/p>\n<h2>F\u0130NANSAL R\u0130SK ANAL\u0130Z\u0130 (Y\u00f6neticiler ve Patronlar i\u00e7in Canl\u0131 Finansal Analiz Paneli)<\/h2>\n<p><img decoding=\"async\" loading=\"lazy\" class=\"wp-image-1001 aligncenter\" title=\"analiz\" src=\"http:\/\/www.vegayazilim.com.tr\/wp-content\/uploads\/2012\/09\/analiz.jpg\" alt=\"\" width=\"700\" height=\"383\" \/><\/p>\n<h2>STOK ANAL\u0130Z PANEL\u0130<\/h2>\n<p><img decoding=\"async\" loading=\"lazy\" class=\"size-full wp-image-1002 aligncenter\" title=\"stokanaliz\" src=\"http:\/\/www.vegayazilim.com.tr\/wp-content\/uploads\/2012\/09\/stokanaliz.jpg\" alt=\"\" width=\"700\" height=\"388\" \/><\/p>\n<h2><a href=\"http:\/\/veribilgisayar.com\/web\/iletisim\/\"><em>Bu \u00fcr\u00fcn i\u00e7in demo talep edin<\/em><\/a><\/h2>\n","protected":false},"excerpt":{"rendered":"<p>ERP Program\u0131 VegaWin Vega Yaz\u0131l\u0131m\u2019\u0131n \u00e7ok satan \u00fcr\u00fcnlerinden biri olan Vega Win t\u00fcm T\u00fcrkiye\u2019de binlerce firma taraf\u0131ndan kullan\u0131lmaktad\u0131r. Firman\u0131z\u0131n t\u00fcm gereksinimlerine cevap verebilecek \u00f6zelliklerle donat\u0131lm\u0131\u015ft\u0131r. \u00dcretim\u2019 den sat\u0131\u015fa ve muhasebe hesaplar\u0131na kadar her t\u00fcrl\u00fc i\u015flemi&#8230;<\/p>\n","protected":false},"featured_media":271,"comment_status":"open","ping_status":"closed","template":"","meta":[],"_links":{"self":[{"href":"https:\/\/www.veribilgisayar.com\/web\/wp-json\/wp\/v2\/product\/263"}],"collection":[{"href":"https:\/\/www.veribilgisayar.com\/web\/wp-json\/wp\/v2\/product"}],"about":[{"href":"https:\/\/www.veribilgisayar.com\/web\/wp-json\/wp\/v2\/types\/product"}],"replies":[{"embeddable":true,"href":"https:\/\/www.veribilgisayar.com\/web\/wp-json\/wp\/v2\/comments?post=263"}],"wp:featuredmedia":[{"embeddable":true,"href":"https:\/\/www.veribilgisayar.com\/web\/wp-json\/wp\/v2\/media\/271"}],"wp:attachment":[{"href":"https:\/\/www.veribilgisayar.com\/web\/wp-json\/wp\/v2\/media?parent=263"}],"curies":[{"name":"wp","href":"https:\/\/api.w.org\/{rel}","templated":true}]}}