{"id":261,"date":"2016-03-22T13:40:44","date_gmt":"2016-03-22T13:40:44","guid":{"rendered":"http:\/\/veribilgisayar.com\/web\/?post_type=product&#038;p=261"},"modified":"2017-02-25T09:39:17","modified_gmt":"2017-02-25T09:39:17","slug":"barkod-terazi-hizli-satis-programi","status":"publish","type":"product","link":"https:\/\/www.veribilgisayar.com\/web\/urun\/barkod-terazi-hizli-satis-programi\/","title":{"rendered":"Vega ONE"},"content":{"rendered":"<p>Vega Yaz\u0131l\u0131m\u2019\u0131n yeni \u00fcr\u00fcn\u00fc One sat\u0131\u015f program\u0131 perakende sat\u0131\u015f yapan firmalar\u0131n talepleri do\u011frultusunda haz\u0131rlanm\u0131\u015f olup, h\u0131zl\u0131 sat\u0131\u015f yapan i\u015fletmelerin ihtiya\u00e7lar\u0131na cevap verebilecek \u00f6zelliklerle donat\u0131lm\u0131\u015ft\u0131r. One\u2019\u0131 di\u011fer h\u0131zl\u0131 sat\u0131\u015f yaz\u0131l\u0131mlar\u0131ndan ay\u0131ran en b\u00fcy\u00fck farklar\u0131ndan birisi ise fiyat\u0131n\u0131n e\u015fde\u011ferlerinin \u00e7ok alt\u0131nda olmas\u0131.<\/p>\n<h2>Kimler One\u2019\u0131 Kullanabilir?<\/h2>\n<p><img decoding=\"async\" loading=\"lazy\" class=\"alignnone wp-image-947\" title=\"yeldivider\" src=\"http:\/\/www.vegayazilim.com.tr\/wp-content\/uploads\/2012\/08\/yeldivider.png\" alt=\"Vega Yaz\u0131l\u0131m Muhasebe Program\u0131\" width=\"281\" height=\"9\" \/><\/p>\n<p>\u00dcr\u00fcn pazarlayan her i\u015fletme kullanabilir.<\/p>\n<div class=\"ezcol ezcol-one-third\">\n<div>\u2022 Kuruyemi\u015f\u00e7iler<br \/>\n\u2022 Pastahanane, b\u00f6rek\u00e7i ve tatl\u0131c\u0131lar<br \/>\n\u2022 \u015eark\u00fcteri ve manavlar<br \/>\n\u2022 Bal\u0131k\u00e7\u0131lar<br \/>\n\u2022 Bakkallar ve b\u00fcfeler<br \/>\n\u2022 Mini marketler<br \/>\n\u2022 Hediyelik e\u015fya sat\u0131c\u0131lar\u0131<br \/>\n\u2022 Oyun salonlar\u0131<br \/>\n\u2022 Kahvehane-bilardo salonlar\u0131<br \/>\n\u2022 \u00c7ay bah\u00e7eleri<br \/>\n\u2022 Self servis yemek sat\u0131\u015f noktalar\u0131<br \/>\n\u2022 Yol \u00fcst\u00fc dinlenme tesisleri yeme-i\u00e7me yerleri ve sat\u0131\u015f yerleri<br \/>\n\u2022 Perakende ve h\u0131zl\u0131 sat\u0131\u015f yapan i\u015fletmeler<\/div>\n<blockquote>\n<h4>Tart\u0131l\u0131 \u00fcr\u00fcn sat\u0131\u015flar\u0131nda bilgisayara terazi ba\u011flayabilme \u00f6zelli\u011fi<\/h4>\n<\/blockquote>\n<\/div>\n<div class=\"ezcol ezcol-two-third ezcol-last\">\n<p>&nbsp;<\/p>\n<p><img decoding=\"async\" loading=\"lazy\" class=\"alignnone size-full wp-image-1009\" title=\"fasterPC1\" src=\"http:\/\/www.vegayazilim.com.tr\/wp-content\/uploads\/2012\/09\/fasterPC1.jpg\" alt=\"Vega Yaz\u0131l\u0131m Muhasebe Program\u0131\" width=\"580\" height=\"302\" \/><\/p>\n<\/div>\n<div class=\"ezcol-divider\"><\/div>\n<div class=\"ezcol ezcol-two-third\"><img decoding=\"async\" loading=\"lazy\" class=\"alignnone size-full wp-image-1016\" title=\"onescreen\" src=\"http:\/\/www.vegayazilim.com.tr\/wp-content\/uploads\/2012\/09\/onescreen.jpg\" alt=\"Vega Yaz\u0131l\u0131m Muhasebe Program\u0131\" width=\"500\" height=\"382\" \/><\/div>\n<div class=\"ezcol ezcol-one-third ezcol-last\">\n<div>\n<h1>Ve dahas\u0131<\/h1>\n<p>\u2022 Bilgisayara yazar kasa ba\u011flayabilme \u00f6zelli\u011fi!<br \/>\n\u2022 Programda kaydedilen fi\u015fi yazar kasadan \u00e7\u0131kartma \u00f6zelli\u011fi!<br \/>\nDesteklenen yazarkasalar ;<br \/>\nSHARP ER-A495T<br \/>\nHUGIN ER425<br \/>\nIPOS,<br \/>\nOL-2023<br \/>\nTEKNOSA<br \/>\nINTERCOM<br \/>\n\u2022 \u0130sterseniz fatura isterseniz fi\u015f d\u00fczenlenir!<br \/>\n\u2022 Pos bank \u00f6zelli\u011fi vard\u0131r.<br \/>\n\u2022 Desteklenen yazarkasa ve terazilere stok ve fiyat bilgisi g\u00f6nderebilirsiniz.<br \/>\n\u2022 Barkodlu sat\u0131\u015f yapabilirsiniz.<br \/>\n\u2022 Programdan yap\u0131lan sat\u0131\u015flar\u0131n yazarkasadan fi\u015fini \u00e7\u0131kartabilme \u00f6zelli\u011fi!<br \/>\n\u2022 Normal Ekran veya Dokunmatik Ekran Kullan\u0131m se\u00e7ene\u011fi vard\u0131r.<br \/>\n\u2022 Kasadan yap\u0131lan sat\u0131\u015flar\u0131 fi\u015f-fatura olarak izleyebilirsiniz.<br \/>\n\u2022 A\u00e7\u0131k hesap cari kay\u0131d\u0131 tutabilirsiniz. (Bakkal defteri mant\u0131\u011f\u0131)<br \/>\n\u2022 M\u00fc\u015fteri fi\u015fi verebilme \u00f6zelli\u011fi<br \/>\n\u2022 Fi\u015f bekletme \u00f6zelli\u011fi ile ayn\u0131 anda birden fazla sat\u0131\u015f ekran\u0131 a\u00e7abilirsiniz.<br \/>\n\u2022 Sat\u0131\u015flar\u0131n kasiyer (personel) bilgisini takip edebilirsiniz. Vardiya bilgisi tutabilirsiniz.<br \/>\n\u2022 Tart\u0131labilir \u00fcr\u00fcnlerin sat\u0131\u015f\u0131n\u0131 yapabilme ,terazi ba\u011flayabilme \u00f6zelli\u011fi!<br \/>\n\u2022 PLU tu\u015flar\u0131n\u0131 kullanarak sat\u0131\u015f yapabilirsiniz.<br \/>\n\u2022 Stok,Cari takibi yapabilirsiniz.<br \/>\n\u2022 Kasan\u0131z ile ilgili genel durum raporu alabilirsiniz.<br \/>\n\u2022 Detayl\u0131 Ciro raporu alabilirsiniz.<br \/>\n\u2022 Puankart uygulamas\u0131 ile puan bilgisi tutabilir, sat\u0131\u015f tahsilatlar\u0131n\u0131 puan ile ger\u00e7ekle\u015ftirebilirsiniz.<\/p>\n<h4>\u2022 Online \u00e7al\u0131\u015fabilme<\/h4>\n<p>Ak\u0131l defteri ile online raporlama yapabilme.<\/p>\n<p>\u2022 Offline \u00e7al\u0131\u015fabilme<br \/>\n(g\u00fcn sonu z raporu alabilme \u00f6zelli\u011fi)<\/p>\n<h4>\u2022 Offline \u00e7al\u0131\u015f\u0131r iken<\/h4>\n<p>(Back Office program\u0131ndan ba\u011f\u0131ms\u0131z) raporlama yapabilme<\/p>\n<\/div>\n<\/div>\n<div class=\"ezcol-divider\"><\/div>\n<div class=\"ezcol ezcol-one-third\">\n<div>\n<h2>Tahsilat ara\u00e7lar\u0131<\/h2>\n<p><img decoding=\"async\" loading=\"lazy\" title=\"yeldivider\" src=\"http:\/\/www.vegayazilim.com.tr\/wp-content\/uploads\/2012\/08\/yeldivider.png\" alt=\"Vega Yaz\u0131l\u0131m Muhasebe Program\u0131\" width=\"200\" height=\"9\" \/><\/p>\n<p>Nakit<\/p>\n<p>Kredi kart\u0131<\/p>\n<p>Ticket ve A\u00e7\u0131k hesap \u00e7al\u0131\u015fabilme \u00f6zelli\u011fi<\/p>\n<p>Bakkal defteri mant\u0131\u011f\u0131 ile hesap tutabilme \u00f6zelli\u011fi<\/p>\n<p>Sat\u0131\u015f olmadan, bakkal defterinden tahsilat yapabilme \u00f6zelli\u011fi<\/p>\n<\/div>\n<p>&nbsp;<\/p>\n<\/div>\n<div class=\"ezcol ezcol-two-third ezcol-last\"><img decoding=\"async\" loading=\"lazy\" class=\"alignnone size-full wp-image-970\" title=\"devices\" src=\"http:\/\/www.vegayazilim.com.tr\/wp-content\/uploads\/2012\/08\/devices.jpg\" alt=\"Vega Yaz\u0131l\u0131m Muhasebe Program\u0131\" width=\"370\" height=\"545\" \/><\/div>\n<div class=\"ezcol-divider\"><\/div>\n<h3>\u00a0One Sat\u0131\u015f ile sat\u0131\u015f\u0131n nas\u0131l oldu\u011funu g\u00f6rmek\u00a0i\u00e7in<span class=\"Apple-converted-space\">\u00a0<\/span><a title=\"one sat\u0131\u015f\" href=\"http:\/\/www.youtube.com\/watch?v=YgxFYGSZrTY&amp;feature=youtu.be\">t\u0131klay\u0131n\u0131z..<\/a><\/h3>\n<h1><\/h1>\n","protected":false},"excerpt":{"rendered":"<p>Vega Yaz\u0131l\u0131m\u2019\u0131n yeni \u00fcr\u00fcn\u00fc One sat\u0131\u015f program\u0131 perakende sat\u0131\u015f yapan firmalar\u0131n talepleri do\u011frultusunda haz\u0131rlanm\u0131\u015f olup, h\u0131zl\u0131 sat\u0131\u015f yapan i\u015fletmelerin ihtiya\u00e7lar\u0131na cevap verebilecek \u00f6zelliklerle donat\u0131lm\u0131\u015ft\u0131r. One\u2019\u0131 di\u011fer h\u0131zl\u0131 sat\u0131\u015f yaz\u0131l\u0131mlar\u0131ndan ay\u0131ran en b\u00fcy\u00fck farklar\u0131ndan birisi ise&#8230;<\/p>\n","protected":false},"featured_media":262,"comment_status":"open","ping_status":"closed","template":"","meta":[],"_links":{"self":[{"href":"https:\/\/www.veribilgisayar.com\/web\/wp-json\/wp\/v2\/product\/261"}],"collection":[{"href":"https:\/\/www.veribilgisayar.com\/web\/wp-json\/wp\/v2\/product"}],"about":[{"href":"https:\/\/www.veribilgisayar.com\/web\/wp-json\/wp\/v2\/types\/product"}],"replies":[{"embeddable":true,"href":"https:\/\/www.veribilgisayar.com\/web\/wp-json\/wp\/v2\/comments?post=261"}],"wp:featuredmedia":[{"embeddable":true,"href":"https:\/\/www.veribilgisayar.com\/web\/wp-json\/wp\/v2\/media\/262"}],"wp:attachment":[{"href":"https:\/\/www.veribilgisayar.com\/web\/wp-json\/wp\/v2\/media?parent=261"}],"curies":[{"name":"wp","href":"https:\/\/api.w.org\/{rel}","templated":true}]}}