{"id":179,"date":"2016-03-19T15:53:12","date_gmt":"2016-03-19T15:53:12","guid":{"rendered":"http:\/\/veribilgisayar.com\/web\/?post_type=product&#038;p=179"},"modified":"2017-05-04T16:31:43","modified_gmt":"2017-05-04T16:31:43","slug":"cas-er-jr-terazi","status":"publish","type":"product","link":"https:\/\/www.veribilgisayar.com\/web\/urun\/cas-er-jr-terazi\/","title":{"rendered":"CAS Er Jr Terazi"},"content":{"rendered":"<p><strong>TEKN\u0130K\u00a0\u00d6ZELL\u0130KLER<br \/>\n<\/strong><\/p>\n<table border=\"1\" width=\"579\" frame=\"hsides\" cellspacing=\"0\" cellpadding=\"1\">\n<tbody>\n<tr align=\"center\">\n<td class=\"pro_txt_spec\" width=\"194\" height=\"25\">Model<\/td>\n<td class=\"pro_txt_spec\" colspan=\"3\" width=\"382\">ER JR serisi<\/td>\n<\/tr>\n<tr align=\"center\">\n<td bgcolor=\"#eef9f7\" height=\"23\">Kapasite\u00a0 (kg)<\/td>\n<td width=\"126\">3\/6<\/td>\n<td width=\"126\">6\/15<\/td>\n<td width=\"126\">15\/30<\/td>\n<\/tr>\n<tr align=\"center\">\n<td bgcolor=\"#eef9f7\" height=\"23\">Taksimat (g)<\/td>\n<td>1\/2<\/td>\n<td>2\/5<\/td>\n<td>5\/10<\/td>\n<\/tr>\n<tr align=\"center\">\n<td bgcolor=\"#eef9f7\" height=\"23\">Maksimum Dara (kg)<\/td>\n<td>-2.999<\/td>\n<td>-5.998<\/td>\n<td>-14.995<\/td>\n<\/tr>\n<tr align=\"center\">\n<td bgcolor=\"#eef9f7\" height=\"23\">I\u00e7 \u00c7\u00f6z\u00fcn\u00fcrl\u00fck<\/td>\n<td colspan=\"3\" height=\"23\">1\/60,000<\/td>\n<\/tr>\n<tr align=\"center\">\n<td bgcolor=\"#eef9f7\" height=\"23\">Harici \u00c7\u00f6z\u00fcn\u00fcrl\u00fck<\/td>\n<td colspan=\"3\" height=\"23\">1\/3,000 (ikili Taksimat)<\/td>\n<\/tr>\n<tr align=\"center\">\n<td bgcolor=\"#eef9f7\" height=\"23\">G\u00f6sterge haneleri<\/td>\n<td colspan=\"3\">6\/6\/6(A\u011f\u0131rl\u0131k \/ Birim Fiyat \/ Toplam fiyat)<\/td>\n<\/tr>\n<tr align=\"center\">\n<td bgcolor=\"#eef9f7\" height=\"23\">G\u00f6sterge Tipi<\/td>\n<td colspan=\"3\">LCD<\/td>\n<\/tr>\n<tr align=\"center\">\n<td bgcolor=\"#eef9f7\" height=\"23\">\u00c7al\u0131\u015fma S\u0131cakl\u0131\u011f\u0131<\/td>\n<td colspan=\"3\">-10\u2103 ~ 40\u2103<\/td>\n<\/tr>\n<tr align=\"center\">\n<td bgcolor=\"#eef9f7\" height=\"23\">Besleme<\/td>\n<td colspan=\"3\">Dahili ak\u00fc, 12V DC Adapt\u00f6r<\/td>\n<\/tr>\n<tr align=\"center\">\n<td bgcolor=\"#eef9f7\" height=\"23\">Ak\u00fc s\u00fcresi<\/td>\n<td colspan=\"3\">180saat (g\u00f6sterge ayd\u0131nlatmas\u0131z)<\/td>\n<\/tr>\n<tr align=\"center\">\n<td bgcolor=\"#eef9f7\" height=\"23\">Kefe boyutlar\u0131(mm)<\/td>\n<td colspan=\"3\">290(E) x 209(B)<\/td>\n<\/tr>\n<tr align=\"center\">\n<td bgcolor=\"#eef9f7\" height=\"38\">Boyutlar(mm)<\/td>\n<td colspan=\"3\">Boyunsuz tip : 304(E) x 324(B) x 112(Y)<br \/>\nBoyunlu tip : 304(E) x 324(B) x 413(Y)<\/td>\n<\/tr>\n<tr align=\"center\">\n<td bgcolor=\"#eef9f7\" height=\"23\">\u00dcr\u00fcn a\u011f\u0131rl\u0131\u011f\u0131 (kg)<\/td>\n<td colspan=\"3\">Boyunsuz tip : 3.5 \/ Boyunlu tip : 4.8<\/td>\n<\/tr>\n<\/tbody>\n<\/table>\n","protected":false},"excerpt":{"rendered":"<p><strong>ER JR Fiyat hesaplamal\u0131 terazi<\/strong><\/p>\n<p>&#8211; Dahili Ak\u00fc<br \/>\n&#8211; Boyunlu ve boyunsuz model se\u00e7ene\u011fi<br \/>\n&#8211;\u00a04 adet direkt PLU eri\u015fim tu\u015fu<br \/>\n&#8211; \u0130kili taksimat ile daha hassas tart\u0131m<br \/>\n&#8211; Buton tu\u015f tak\u0131m\u0131<br \/>\n&#8211; G\u00fcnl\u00fck toplam fonksiyonu<br \/>\n&#8211; Para \u00fcst\u00fc hesaplama fonksiyonu<br \/>\n&#8211; I\u015f\u0131k siddeti ayarlanabilir g\u00f6sterge ayd\u0131nlatmas\u0131<br \/>\n&#8211; Otomatik kapanma fonsiyonu<\/p>\n<p><strong>SE\u00c7ENEKLER<\/strong><br \/>\n&#8211; Paslanmaz Kefe<\/p>\n","protected":false},"featured_media":319,"comment_status":"open","ping_status":"closed","template":"","meta":[],"_links":{"self":[{"href":"https:\/\/www.veribilgisayar.com\/web\/wp-json\/wp\/v2\/product\/179"}],"collection":[{"href":"https:\/\/www.veribilgisayar.com\/web\/wp-json\/wp\/v2\/product"}],"about":[{"href":"https:\/\/www.veribilgisayar.com\/web\/wp-json\/wp\/v2\/types\/product"}],"replies":[{"embeddable":true,"href":"https:\/\/www.veribilgisayar.com\/web\/wp-json\/wp\/v2\/comments?post=179"}],"wp:featuredmedia":[{"embeddable":true,"href":"https:\/\/www.veribilgisayar.com\/web\/wp-json\/wp\/v2\/media\/319"}],"wp:attachment":[{"href":"https:\/\/www.veribilgisayar.com\/web\/wp-json\/wp\/v2\/media?parent=179"}],"curies":[{"name":"wp","href":"https:\/\/api.w.org\/{rel}","templated":true}]}}