{"id":175,"date":"2016-03-19T13:20:36","date_gmt":"2016-03-19T13:20:36","guid":{"rendered":"http:\/\/veribilgisayar.com\/web\/?post_type=product&#038;p=175"},"modified":"2017-02-25T09:40:01","modified_gmt":"2017-02-25T09:40:01","slug":"cas-lp-1-6-barkodlu-terazi","status":"publish","type":"product","link":"https:\/\/www.veribilgisayar.com\/web\/urun\/cas-lp-1-6-barkodlu-terazi\/","title":{"rendered":"CAS LP-1.6 Barkodlu Terazi"},"content":{"rendered":"<p><strong>TEKN\u0130K \u00d6ZELL\u0130KLER<br \/>\n<\/strong><\/p>\n<table border=\"1\" width=\"579\" frame=\"hsides\" cellspacing=\"0\" cellpadding=\"1\">\n<tbody>\n<tr align=\"center\">\n<td class=\"pro_txt_spec\" width=\"194\" height=\"25\">Model<\/td>\n<td class=\"pro_txt_spec\" width=\"382\">LP-1<\/td>\n<\/tr>\n<tr align=\"center\">\n<td bgcolor=\"#eef9f7\" height=\"23\">Tart\u0131m Kapasitesi<\/td>\n<td>6 x 0.002kg, 15 x 0.005kg, 30 x 0.01kg<\/td>\n<\/tr>\n<tr align=\"center\">\n<td bgcolor=\"#eef9f7\" height=\"23\">G\u00f6sterge Hane<\/td>\n<td>5\/ 6\/ 7 (A\u011f\u0131rl\u0131k\/ Birim Fiyat\/ Tutar)<\/td>\n<\/tr>\n<tr align=\"center\">\n<td bgcolor=\"#eef9f7\" height=\"23\">Bilgisayar Ba\u011flant\u0131s\u0131<\/td>\n<td>RS 232C, TCP\/ IP<\/td>\n<\/tr>\n<tr align=\"center\">\n<td bgcolor=\"#eef9f7\" height=\"23\">\u00d6l\u00e7\u00fcm Tipi<\/td>\n<td>Load Cell<\/td>\n<\/tr>\n<tr align=\"center\">\n<td bgcolor=\"#eef9f7\" height=\"23\">Yazd\u0131rma Y\u00f6ntemi<\/td>\n<td>Termal Yazd\u0131rma<\/td>\n<\/tr>\n<tr align=\"center\">\n<td bgcolor=\"#eef9f7\" height=\"23\">Haf\u0131za<\/td>\n<td>4000PLU, 1000 Mesaj (50 Karakter x 8 Sat\u0131r)<\/td>\n<\/tr>\n<tr align=\"center\">\n<td bgcolor=\"#eef9f7\" height=\"23\">Etiket Boyutlar\u0131<\/td>\n<td>58 x 30mm ~ 58 x 100mm<\/td>\n<\/tr>\n<tr align=\"center\">\n<td bgcolor=\"#eef9f7\" height=\"23\">Besleme Voltaj\u0131<\/td>\n<td>AC 110\/ 120\/ 220\/ 240V, 50\/ 60Hz<\/td>\n<\/tr>\n<tr align=\"center\">\n<td bgcolor=\"#eef9f7\" height=\"23\">G\u00fc\u00e7 T\u00fcketimi<\/td>\n<td>Max. 100W<\/td>\n<\/tr>\n<tr align=\"center\">\n<td bgcolor=\"#eef9f7\" height=\"23\">\u00c7al\u0131\u015fma S\u0131cakl\u0131k Aral\u0131\u011f\u0131<\/td>\n<td>-10\u2103 ~ +40\u2103<\/td>\n<\/tr>\n<tr align=\"center\">\n<td bgcolor=\"#eef9f7\" height=\"23\">Kefe Boyutlar\u0131(mm)<\/td>\n<td>400(E) x 245(B)<\/td>\n<\/tr>\n<tr align=\"center\">\n<td bgcolor=\"#eef9f7\" height=\"23\">Boyutlar(mm)<\/td>\n<td>Boyunsuz Model : 410(E) x 430(B) x 197(Y)<br \/>\nBoyunlu Model : 410(E) x 483(B) x 585(Y)<\/td>\n<\/tr>\n<tr align=\"center\">\n<td bgcolor=\"#eef9f7\" height=\"23\">\u00dcr\u00fcn A\u011f\u0131rl\u0131\u011f\u0131<\/td>\n<td>Boyunsuz Model : 9.5kg<br \/>\nBoyunlu Model : 10.6kg<\/td>\n<\/tr>\n<\/tbody>\n<\/table>\n","protected":false},"excerpt":{"rendered":"<p><strong>\u00a0LP-1.6 Barkodlu Terazi<\/strong><\/p>\n<p>LP-I serisi, k\u00fc\u00e7\u00fck veya orta \u00f6l\u00e7ekli marketlerde \u00fcr\u00fcn etiketleme ve barkodlu i\u015flemler yapmada kullan\u0131lan bilgisayar ba\u011flant\u0131 uygunlu\u011funa sahip ekonomik sistem terazisidir.<\/p>\n<p><strong>\u00d6ZELL\u0130KLER<br \/>\n<\/strong><strong><br \/>\n<\/strong>&#8211; Haf\u0131za : 4.000PLU haf\u0131zas\u0131, 1.000 i\u00e7erik haf\u0131zas\u0131<br \/>\n&#8211; PLU bilgileri; \u00dcr\u00fcn \u0130smi, \u0130\u00e7erik, \u00dcr\u00fcn Kodu, Dara a\u011f\u0131rl\u0131\u011f\u0131, Birim fiyat, Grup Kodu<br \/>\n&#8211; 54 h\u0131zl\u0131 eri\u015fim tu\u015fu,<br \/>\n&#8211; 30 standart etiket, 6 serbest etiket format\u0131 dizayn\u0131<br \/>\n&#8211; Logo ve resim yazd\u0131rma<br \/>\n&#8211; Yazd\u0131rma bilgileri; \u00dcr\u00fcn ismi, Mesaj, Paketleme Tarihi, Sat\u0131\u015f Tarihi, Birim Fiyat, A\u011f\u0131rl\u0131k, Toplam Fiyat, Ma\u011faza ad\u0131 ve adresi, Seri numaras\u0131, Tarih\/Saat, PLU numaras\u0131, Grup Kodu<br \/>\n&#8211; Otomatik tart\u0131m ve etiketleme i\u00e7in paketleme modu<br \/>\n&#8211; Her \u00fcr\u00fcn i\u00e7in detayl\u0131 raporlama<br \/>\n&#8211; Barkod : IAN8, I2of5, UPC13A, UPC13A2, UPC13A5, EAN8A2, EAN8A5, EAN13, EAN13A2, EAN13A5<br \/>\n&#8211; RS-232C<br \/>\n&#8211; TCP\/IP<\/p>\n","protected":false},"featured_media":176,"comment_status":"open","ping_status":"closed","template":"","meta":[],"_links":{"self":[{"href":"https:\/\/www.veribilgisayar.com\/web\/wp-json\/wp\/v2\/product\/175"}],"collection":[{"href":"https:\/\/www.veribilgisayar.com\/web\/wp-json\/wp\/v2\/product"}],"about":[{"href":"https:\/\/www.veribilgisayar.com\/web\/wp-json\/wp\/v2\/types\/product"}],"replies":[{"embeddable":true,"href":"https:\/\/www.veribilgisayar.com\/web\/wp-json\/wp\/v2\/comments?post=175"}],"wp:featuredmedia":[{"embeddable":true,"href":"https:\/\/www.veribilgisayar.com\/web\/wp-json\/wp\/v2\/media\/176"}],"wp:attachment":[{"href":"https:\/\/www.veribilgisayar.com\/web\/wp-json\/wp\/v2\/media?parent=175"}],"curies":[{"name":"wp","href":"https:\/\/api.w.org\/{rel}","templated":true}]}}