{"id":170,"date":"2016-03-19T12:35:20","date_gmt":"2016-03-19T12:35:20","guid":{"rendered":"http:\/\/veribilgisayar.com\/web\/?post_type=product&#038;p=170"},"modified":"2017-02-25T09:41:04","modified_gmt":"2017-02-25T09:41:04","slug":"tysso-lcd950-10-4-arka-ekran","status":"publish","type":"product","link":"https:\/\/www.veribilgisayar.com\/web\/urun\/tysso-lcd950-10-4-arka-ekran\/","title":{"rendered":"TYSSO LCD950 10.4&#8243; Arka Ekran"},"content":{"rendered":"","protected":false},"excerpt":{"rendered":"<p>TYSSO POP-950 10.4 INC 12V VGA LCD DISPLAY (M\u00fc\u015fteri G\u00f6stergesi)<\/p>\n<p>\u25a0 Siyah, AYAK<\/p>\n<p>\u25a0 (POP-950-D5 &amp; POP-950-CD UYUMLU)<\/p>\n","protected":false},"featured_media":171,"comment_status":"open","ping_status":"closed","template":"","meta":[],"_links":{"self":[{"href":"https:\/\/www.veribilgisayar.com\/web\/wp-json\/wp\/v2\/product\/170"}],"collection":[{"href":"https:\/\/www.veribilgisayar.com\/web\/wp-json\/wp\/v2\/product"}],"about":[{"href":"https:\/\/www.veribilgisayar.com\/web\/wp-json\/wp\/v2\/types\/product"}],"replies":[{"embeddable":true,"href":"https:\/\/www.veribilgisayar.com\/web\/wp-json\/wp\/v2\/comments?post=170"}],"wp:featuredmedia":[{"embeddable":true,"href":"https:\/\/www.veribilgisayar.com\/web\/wp-json\/wp\/v2\/media\/171"}],"wp:attachment":[{"href":"https:\/\/www.veribilgisayar.com\/web\/wp-json\/wp\/v2\/media?parent=170"}],"curies":[{"name":"wp","href":"https:\/\/api.w.org\/{rel}","templated":true}]}}