{"id":17,"date":"2016-02-05T19:07:00","date_gmt":"2016-02-05T19:07:00","guid":{"rendered":"http:\/\/veribilgisayar.com\/web\/?post_type=product&#038;p=17"},"modified":"2021-02-22T08:12:28","modified_gmt":"2021-02-22T08:12:28","slug":"tysso-pop950-dokunmatik-pos-terminal","status":"publish","type":"product","link":"https:\/\/www.veribilgisayar.com\/web\/urun\/tysso-pop950-dokunmatik-pos-terminal\/","title":{"rendered":"TYSSO POP950 Dokunmatik POS Terminal"},"content":{"rendered":"<div style=\"width: 670px;\" class=\"wp-video\"><!--[if lt IE 9]><script>document.createElement('video');<\/script><![endif]-->\n<video class=\"wp-video-shortcode\" id=\"video-17-1\" width=\"670\" height=\"377\" preload=\"metadata\" controls=\"controls\"><source type=\"video\/mp4\" src=\"http:\/\/veribilgisayar.com\/web\/wp-content\/uploads\/2016\/02\/Tysso-Point-Of-Sale-Systems.mp4?_=1\" \/><a href=\"http:\/\/veribilgisayar.com\/web\/wp-content\/uploads\/2016\/02\/Tysso-Point-Of-Sale-Systems.mp4\">http:\/\/veribilgisayar.com\/web\/wp-content\/uploads\/2016\/02\/Tysso-Point-Of-Sale-Systems.mp4<\/a><\/video><\/div>\n","protected":false},"excerpt":{"rendered":"<p>&nbsp;<\/p>\n<ul>\n<li>Mod\u00fcler Yap\u0131l\u0131, \u015e\u0131k Tasar\u0131ma Sahip<\/li>\n<li>Hepsi Bir Arada Dokunmatik POS Terminal<\/li>\n<li>Intel J1900 (4 \u00e7ekirdek) \u0130\u015flemci, \u0130ntel core i5 i\u015flemci se\u00e7ene\u011fi<\/li>\n<li>DDR3 RAM Mod\u00fcl\u00fc (4GB\u2019a Kadar)<\/li>\n<li>Ak\u0131ll\u0131 Fanlarla M\u00fckemmel So\u011futma Sistemi<\/li>\n<li>Gigabit LAN Port Deste\u011fi<\/li>\n<li>Su ve S\u0131v\u0131 Temas\u0131na Dayan\u0131kl\u0131 D\u00fcz Dokunmatil LCD Panel<\/li>\n<li>\u00c7ok Ama\u00e7l\u0131 I\/O Portlar\u0131 : USB 2.0\/ RS-232\/ RJ-11\/ RJ-45\u2026 vs.<\/li>\n<li>Tam Entegre : Fi\u015f Yaz\u0131c\u0131 \/ VFD M\u00fc\u015fteri G\u00f6stergesi \/ MSR Kart Okuyucu \/ i-Button<\/li>\n<li>Kolay S\u00f6k\u00fcl\u00fcp Tak\u0131labilen \u00c7evre Birimler ve Sabit S\u00fcr\u00fcc\u00fc<\/li>\n<li>(\u00d6zel Aleminyum Al\u0131\u015f\u0131ml\u0131 Kasa)<\/li>\n<li>Tamam\u0131 Par\u00e7alanabilen Mod\u00fcler Yap\u0131s\u0131 \u0130le<\/li>\n<li>Sizi Asla Yar\u0131 Yolda B\u0131rakmaz<\/li>\n<li>SINIFININ EN \u0130Y\u0130S\u0130&#8230;<\/li>\n<\/ul>\n[waorder phone=\"905557141829\" button=\"WhatsApp Sipari\u015f\" message=\"Merhaba, TYSSO POP950 hakk\u0131nda bilgi almak istiyorum\" target=\"no\"]\n","protected":false},"featured_media":18,"comment_status":"open","ping_status":"closed","template":"","meta":[],"_links":{"self":[{"href":"https:\/\/www.veribilgisayar.com\/web\/wp-json\/wp\/v2\/product\/17"}],"collection":[{"href":"https:\/\/www.veribilgisayar.com\/web\/wp-json\/wp\/v2\/product"}],"about":[{"href":"https:\/\/www.veribilgisayar.com\/web\/wp-json\/wp\/v2\/types\/product"}],"replies":[{"embeddable":true,"href":"https:\/\/www.veribilgisayar.com\/web\/wp-json\/wp\/v2\/comments?post=17"}],"wp:featuredmedia":[{"embeddable":true,"href":"https:\/\/www.veribilgisayar.com\/web\/wp-json\/wp\/v2\/media\/18"}],"wp:attachment":[{"href":"https:\/\/www.veribilgisayar.com\/web\/wp-json\/wp\/v2\/media?parent=17"}],"curies":[{"name":"wp","href":"https:\/\/api.w.org\/{rel}","templated":true}]}}