{"id":166,"date":"2016-03-19T12:11:29","date_gmt":"2016-03-19T12:11:29","guid":{"rendered":"http:\/\/veribilgisayar.com\/web\/?post_type=product&#038;p=166"},"modified":"2020-08-14T03:33:02","modified_gmt":"2020-08-14T03:33:02","slug":"tysso-vfd300-musteri-gostergesi","status":"publish","type":"product","link":"https:\/\/www.veribilgisayar.com\/web\/urun\/tysso-vfd300-musteri-gostergesi\/","title":{"rendered":"TYSSO VFD300 M\u00fc\u015fteri G\u00f6stergesi"},"content":{"rendered":"","protected":false},"excerpt":{"rendered":"<p>\u25a0 2 Row 20 Char + Siyah &amp; Beyaz Renk Se\u00e7ene\u011fi<\/p>\n<p>\u25a0 (POS-3000-D5 &amp; POS-3000-CD UYUMLU)<\/p>\n","protected":false},"featured_media":167,"comment_status":"open","ping_status":"closed","template":"","meta":[],"_links":{"self":[{"href":"https:\/\/www.veribilgisayar.com\/web\/wp-json\/wp\/v2\/product\/166"}],"collection":[{"href":"https:\/\/www.veribilgisayar.com\/web\/wp-json\/wp\/v2\/product"}],"about":[{"href":"https:\/\/www.veribilgisayar.com\/web\/wp-json\/wp\/v2\/types\/product"}],"replies":[{"embeddable":true,"href":"https:\/\/www.veribilgisayar.com\/web\/wp-json\/wp\/v2\/comments?post=166"}],"wp:featuredmedia":[{"embeddable":true,"href":"https:\/\/www.veribilgisayar.com\/web\/wp-json\/wp\/v2\/media\/167"}],"wp:attachment":[{"href":"https:\/\/www.veribilgisayar.com\/web\/wp-json\/wp\/v2\/media?parent=166"}],"curies":[{"name":"wp","href":"https:\/\/api.w.org\/{rel}","templated":true}]}}