{"id":153,"date":"2016-03-19T11:47:05","date_gmt":"2016-03-19T11:47:05","guid":{"rendered":"http:\/\/veribilgisayar.com\/web\/?post_type=product&#038;p=153"},"modified":"2017-02-25T09:51:27","modified_gmt":"2017-02-25T09:51:27","slug":"mydus-shr-1000-ip67-endustriyel-el-terminali","status":"publish","type":"product","link":"https:\/\/www.veribilgisayar.com\/web\/urun\/mydus-shr-1000-ip67-endustriyel-el-terminali\/","title":{"rendered":"MYDUS SHR-1000 IP67 End\u00fcstriyel El Terminali"},"content":{"rendered":"<table class=\"spec_tb\" cellspacing=\"0\" cellpadding=\"0\">\n<tbody>\n<tr>\n<th>B\u00d6L\u00dcM<\/th>\n<th>SHR-1000<\/th>\n<\/tr>\n<tr>\n<td class=\"v_ti02\">\u0130\u015flemci<\/td>\n<td>Cortex-A8 1GHz<\/td>\n<\/tr>\n<tr>\n<td class=\"v_ti02\">\u0130\u015fletim<\/td>\n<td>Pencereler Handheld 6.5 Professional G\u00f6m\u00fcl\u00fc<\/td>\n<\/tr>\n<tr>\n<td class=\"v_ti02\" rowspan=\"2\">Bellek<\/td>\n<td>256MB DRAM (\u0130ste\u011fe ba\u011fl\u0131: 512MB DRAM)<\/td>\n<\/tr>\n<tr>\n<td>1GB Flash Bellek<\/td>\n<\/tr>\n<tr>\n<td class=\"v_ti02\">ekran<\/td>\n<td>3.5 &#8220;VGA (480&#215;640) TFT \/ 3.5&#8221; QVGA (240&#215;320) TFT (\u0130ste\u011fe ba\u011fl\u0131)<br \/>\nDiren\u00e7li Pencere Dokunmatik Dokunmatik Ekran<\/td>\n<\/tr>\n<tr>\n<td class=\"v_ti02\">klavye<\/td>\n<td>Say\u0131sal Tu\u015f Tak\u0131m\u0131, Qwerty tu\u015f tak\u0131m\u0131 (\u0130ste\u011fe ba\u011fl\u0131)<\/td>\n<\/tr>\n<tr>\n<td class=\"v_ti02\" rowspan=\"4\">\u0130leti\u015fim<\/td>\n<td>WLAN (IEEE 802.11a \/ b \/ g \/ n)<\/td>\n<\/tr>\n<tr>\n<td>UMTS \/ HSPA + (850, 900, 1800, 1900, 2100 MHz)<\/td>\n<\/tr>\n<tr>\n<td>Bluetooth V2.1 + EDR<\/td>\n<\/tr>\n<tr>\n<td>S-GPS (GPS + GLONASS) \/ A-GPS<\/td>\n<\/tr>\n<tr>\n<td class=\"v_ti02\">Taray\u0131c\u0131<\/td>\n<td>1D Lazer S\u0131n\u0131f II, 2D CMOS Imager (N560X)<\/td>\n<\/tr>\n<tr>\n<td class=\"v_ti02\">kamera<\/td>\n<td>Flash ile 5.0M Piksel Auto Focus LED<\/td>\n<\/tr>\n<tr>\n<td class=\"v_ti02\">pil<\/td>\n<td>3.7V \/ 4400mA \u015earj edilebilir Li-ion<br \/>\n(Gun: 3.7V \/ 2200mA \u015earj edilebilir Li-ion)<\/td>\n<\/tr>\n<tr>\n<td class=\"v_ti02\">Geni\u015fleme<\/td>\n<td>1 MicroSD (32 GB&#8217;a kadar)<\/td>\n<\/tr>\n<tr>\n<td class=\"v_ti02\">aray\u00fczey<\/td>\n<td>DC JACK, Yerle\u015ftirme 16pin I \/ O, mini USB (Sync.)<\/td>\n<\/tr>\n<tr>\n<td class=\"v_ti02\">Ses<\/td>\n<td>Konu\u015fmac\u0131, Al\u0131c\u0131, mikrofon, Vibrater<\/td>\n<\/tr>\n<tr>\n<td class=\"v_ti02\">\u00c7al\u0131\u015fma S\u0131cakl\u0131\u011f\u0131.<\/td>\n<td>-20 \u2103 \u2109 \u2103 \/ -4 50 122 \u2109<\/td>\n<\/tr>\n<tr>\n<td class=\"v_ti02\">Depolama S\u0131cakl\u0131\u011f\u0131.<\/td>\n<td>-40 \u2103 \u2103 \/ -40 70 \u2109 158 \u2109 (w Pil \/ o)<\/td>\n<\/tr>\n<tr>\n<td class=\"v_ti02\">Nem<\/td>\n<td>% 95 yo\u011fu\u015fmas\u0131z<\/td>\n<\/tr>\n<tr>\n<td class=\"v_ti02\">B\u0131rak<\/td>\n<td>\u00c7eli\u011fe 2m damla, MIL-STD-810G, Metot 516.6<\/td>\n<\/tr>\n<tr>\n<td class=\"v_ti02\">s\u0131zd\u0131rmazl\u0131k<\/td>\n<td>IP67 (IEC 60529: 2001)<br \/>\nMIL-STD-810G, Metot 512.5<\/td>\n<\/tr>\n<tr>\n<td class=\"v_ti02\" rowspan=\"2\">Fiziksel \u00f6zellikler<\/td>\n<td>Boyut: 84 x 169 x 36.4 mm \/ 3.3 x 6.6 x 1.4 in\u00e7<\/td>\n<\/tr>\n<tr>\n<td>A\u011f\u0131rl\u0131k: yakl. 398g (pil dahil)<\/td>\n<\/tr>\n<tr>\n<td class=\"v_ti02\">belgeleme<\/td>\n<td>CE, FCC, KCC<\/td>\n<\/tr>\n<\/tbody>\n<\/table>\n","protected":false},"excerpt":{"rendered":"<p>\u25a0 Samsung, Cortex-A8 1GHz, 256MB Memory, 1 GB Nand, 5 MegaPixel Cam<\/p>\n<p>\u25a0 Windows Embedded Handheld 6.5 Professional<\/p>\n<p>\u25a0 1D Laser Scanner + Bluetooth + WLAN 802.11 b\/g\/n + GSM + 3G<\/p>\n","protected":false},"featured_media":159,"comment_status":"open","ping_status":"closed","template":"","meta":[],"_links":{"self":[{"href":"https:\/\/www.veribilgisayar.com\/web\/wp-json\/wp\/v2\/product\/153"}],"collection":[{"href":"https:\/\/www.veribilgisayar.com\/web\/wp-json\/wp\/v2\/product"}],"about":[{"href":"https:\/\/www.veribilgisayar.com\/web\/wp-json\/wp\/v2\/types\/product"}],"replies":[{"embeddable":true,"href":"https:\/\/www.veribilgisayar.com\/web\/wp-json\/wp\/v2\/comments?post=153"}],"wp:featuredmedia":[{"embeddable":true,"href":"https:\/\/www.veribilgisayar.com\/web\/wp-json\/wp\/v2\/media\/159"}],"wp:attachment":[{"href":"https:\/\/www.veribilgisayar.com\/web\/wp-json\/wp\/v2\/media?parent=153"}],"curies":[{"name":"wp","href":"https:\/\/api.w.org\/{rel}","templated":true}]}}