{"id":146,"date":"2016-03-19T11:39:51","date_gmt":"2016-03-19T11:39:51","guid":{"rendered":"http:\/\/veribilgisayar.com\/web\/?post_type=product&#038;p=146"},"modified":"2022-08-31T12:45:38","modified_gmt":"2022-08-31T12:45:38","slug":"dsic-ds3-ip65-endustriyel-el-terminali","status":"publish","type":"product","link":"https:\/\/www.veribilgisayar.com\/web\/urun\/dsic-ds3-ip65-endustriyel-el-terminali\/","title":{"rendered":"DSIC DS3 IP65 End\u00fcstriyel El Terminali"},"content":{"rendered":"<p>Teknik \u00d6zellikleri<\/p>\n<table>\n<tbody>\n<tr>\n<td>\n<table border=\"0\" cellspacing=\"0\" cellpadding=\"5\">\n<tbody>\n<tr>\n<td valign=\"top\">\u0130\u015fletim Sistemi (OS)<\/td>\n<td>:<\/td>\n<td valign=\"top\">Microsoft Windows CE 5.0<\/td>\n<\/tr>\n<tr>\n<td valign=\"top\">\u0130\u015flemci (CPU)<\/td>\n<td>:<\/td>\n<td valign=\"top\">Intel PXA320 806MHz \u0130\u015flemci<\/td>\n<\/tr>\n<tr>\n<td valign=\"top\">Bellek (RAM)<\/td>\n<td>:<\/td>\n<td valign=\"top\">256 MB<\/td>\n<\/tr>\n<tr>\n<td valign=\"top\">Haf\u0131za (ROM)<\/td>\n<td>:<\/td>\n<td valign=\"top\">256 MB<\/td>\n<\/tr>\n<tr>\n<td valign=\"top\">Ekstra Haf\u0131za (SD)<\/td>\n<td>:<\/td>\n<td valign=\"top\">MicroSD Slot Destekli (Maksimum 32GB SDHC)<\/td>\n<\/tr>\n<tr>\n<td valign=\"top\">SIM Kart Yuvas\u0131<\/td>\n<td>:<\/td>\n<td valign=\"top\">Yok<\/td>\n<\/tr>\n<tr>\n<td valign=\"top\">Ekran Tipi (Screen)<\/td>\n<td>:<\/td>\n<td valign=\"top\">3.5 INC QVGA LCD Renkli Dokunmatik Ekran<\/td>\n<\/tr>\n<tr>\n<td valign=\"top\">Ekran \u00c7\u00f6z\u00fcn\u00fcrl\u00fc\u011f\u00fc (Pixel)<\/td>\n<td>:<\/td>\n<td valign=\"top\">240 X 320 Pixel<\/td>\n<\/tr>\n<tr>\n<td valign=\"top\">Klavye<\/td>\n<td>:<\/td>\n<td valign=\"top\">Alfanumerik<\/td>\n<\/tr>\n<tr>\n<td valign=\"top\">Klavye Ayd\u0131nlatmas\u0131<\/td>\n<td>:<\/td>\n<td valign=\"top\">Var<\/td>\n<\/tr>\n<tr>\n<td valign=\"top\">Kamera<\/td>\n<td>:<\/td>\n<td valign=\"top\">Yok<\/td>\n<\/tr>\n<tr>\n<td valign=\"top\">Kamera Ayd\u0131nlatmas\u0131<\/td>\n<td>:<\/td>\n<td valign=\"top\">Yok<\/td>\n<\/tr>\n<tr>\n<td valign=\"top\">Mikrofon<\/td>\n<td>:<\/td>\n<td valign=\"top\">Var<\/td>\n<\/tr>\n<tr>\n<td valign=\"top\">Hoparl\u00f6r<\/td>\n<td>:<\/td>\n<td valign=\"top\">Var<\/td>\n<\/tr>\n<tr>\n<td valign=\"top\">Kulakl\u0131k<\/td>\n<td>:<\/td>\n<td valign=\"top\">Yok<\/td>\n<\/tr>\n<tr>\n<td valign=\"top\">Kalem<\/td>\n<td>:<\/td>\n<td valign=\"top\">Var<\/td>\n<\/tr>\n<tr>\n<td valign=\"top\">Titre\u015fim<\/td>\n<td>:<\/td>\n<td valign=\"top\">Var<\/td>\n<\/tr>\n<tr>\n<td valign=\"top\">Barkod Okuyucu (Scanner)<\/td>\n<td>:<\/td>\n<td valign=\"top\">Var<\/td>\n<\/tr>\n<tr>\n<td valign=\"top\">Yaz\u0131c\u0131 (Printer)<\/td>\n<td>:<\/td>\n<td valign=\"top\">Yok<\/td>\n<\/tr>\n<tr>\n<td valign=\"top\">GSM\/GPRS\/EDGE<\/td>\n<td>:<\/td>\n<td valign=\"top\">Var<\/td>\n<\/tr>\n<tr>\n<td valign=\"top\">Bluetooth<\/td>\n<td>:<\/td>\n<td valign=\"top\">Var<\/td>\n<\/tr>\n<tr>\n<td valign=\"top\">Kablosuz Ba\u011flant\u0131 (Wi-Fi)<\/td>\n<td>:<\/td>\n<td valign=\"top\">Var<\/td>\n<\/tr>\n<tr>\n<td valign=\"top\">WWAN<\/td>\n<td>:<\/td>\n<\/tr>\n<tr>\n<td valign=\"top\">WLAN<\/td>\n<td>:<\/td>\n<td valign=\"top\">802.11b\/g MS-zero config, or CCX V4 (Optional)<\/td>\n<\/tr>\n<tr>\n<td valign=\"top\">WPAN<\/td>\n<td>:<\/td>\n<td valign=\"top\">Bluetooth Class?U v2.0 with Enhanced Data Rate(EDR)<\/td>\n<\/tr>\n<tr>\n<td valign=\"top\">GPS<\/td>\n<td>:<\/td>\n<td valign=\"top\">Integrated GPS<\/td>\n<\/tr>\n<tr>\n<td valign=\"top\">Ba\u011flant\u0131 H\u0131z\u0131<\/td>\n<td>:<\/td>\n<td valign=\"top\">USB 2.0<\/td>\n<\/tr>\n<tr>\n<td valign=\"top\">Batarya<\/td>\n<td>:<\/td>\n<td valign=\"top\">4.400 mAH Li-ion Extended Batarya<\/td>\n<\/tr>\n<tr>\n<td valign=\"top\">Yedek Batarya<\/td>\n<td>:<\/td>\n<td valign=\"top\">Opsiyonel<\/td>\n<\/tr>\n<tr>\n<td valign=\"top\">Cradle<\/td>\n<td>:<\/td>\n<td valign=\"top\">Var<\/td>\n<\/tr>\n<tr>\n<td valign=\"top\">\u015earj Adapt\u00f6r\u00fc<\/td>\n<td>:<\/td>\n<td valign=\"top\">Var<\/td>\n<\/tr>\n<tr>\n<td valign=\"top\">Ara\u00e7 \u015earj\u0131<\/td>\n<td>:<\/td>\n<td valign=\"top\">Opsiyonel<\/td>\n<\/tr>\n<tr>\n<td valign=\"top\">IP Seviyesi<\/td>\n<td>:<\/td>\n<td valign=\"top\">IP65<\/td>\n<\/tr>\n<tr>\n<td valign=\"top\">Beton Zemine D\u00fc\u015fme Mesafesi<\/td>\n<td>:<\/td>\n<td valign=\"top\">1.8 Metreden D\u00fc\u015fmeye Dayan\u0131kl\u0131<\/td>\n<\/tr>\n<tr>\n<td valign=\"top\">\u00c7al\u0131\u015fma S\u0131cakl\u0131\u011f\u0131<\/td>\n<td>:<\/td>\n<td valign=\"top\">-30C ve 70C \/ -22F ve 158F<\/td>\n<\/tr>\n<tr>\n<td valign=\"top\">G\u00fcvenli Tutu\u015f<\/td>\n<td>:<\/td>\n<td valign=\"top\">Var<\/td>\n<\/tr>\n<tr>\n<td valign=\"top\">Boyut<\/td>\n<td>:<\/td>\n<td valign=\"top\">160mm x 75mm x 36.5mm<\/td>\n<\/tr>\n<tr>\n<td valign=\"top\">A\u011f\u0131rl\u0131k<\/td>\n<td>:<\/td>\n<td valign=\"top\">360 GR<\/td>\n<\/tr>\n<tr>\n<td valign=\"top\">Garanti S\u00fcresi<\/td>\n<td>:<\/td>\n<td valign=\"top\">2 Y\u0131l<\/td>\n<\/tr>\n<\/tbody>\n<\/table>\n<\/td>\n<\/tr>\n<\/tbody>\n<\/table>\n","protected":false},"excerpt":{"rendered":"<p>Teknik \u00d6zellikleri \u0130\u015fletim Sistemi (OS) : Microsoft Windows CE 5.0 \u0130\u015flemci (CPU) : Intel PXA320 806MHz \u0130\u015flemci Bellek (RAM) : 256 MB Haf\u0131za (ROM) : 256 MB Ekstra Haf\u0131za (SD) : MicroSD Slot Destekli (Maksimum&#8230;<\/p>\n","protected":false},"featured_media":147,"comment_status":"open","ping_status":"closed","template":"","meta":[],"_links":{"self":[{"href":"https:\/\/www.veribilgisayar.com\/web\/wp-json\/wp\/v2\/product\/146"}],"collection":[{"href":"https:\/\/www.veribilgisayar.com\/web\/wp-json\/wp\/v2\/product"}],"about":[{"href":"https:\/\/www.veribilgisayar.com\/web\/wp-json\/wp\/v2\/types\/product"}],"replies":[{"embeddable":true,"href":"https:\/\/www.veribilgisayar.com\/web\/wp-json\/wp\/v2\/comments?post=146"}],"wp:featuredmedia":[{"embeddable":true,"href":"https:\/\/www.veribilgisayar.com\/web\/wp-json\/wp\/v2\/media\/147"}],"wp:attachment":[{"href":"https:\/\/www.veribilgisayar.com\/web\/wp-json\/wp\/v2\/media?parent=146"}],"curies":[{"name":"wp","href":"https:\/\/api.w.org\/{rel}","templated":true}]}}