{"id":137,"date":"2016-03-19T11:19:20","date_gmt":"2016-03-19T11:19:20","guid":{"rendered":"http:\/\/veribilgisayar.com\/web\/?post_type=product&#038;p=137"},"modified":"2017-02-25T09:54:03","modified_gmt":"2017-02-25T09:54:03","slug":"sbarco-r1-300dpi-termal-barkod-yazici","status":"publish","type":"product","link":"https:\/\/www.veribilgisayar.com\/web\/urun\/sbarco-r1-300dpi-termal-barkod-yazici\/","title":{"rendered":"SBARCO R1 300DPI Termal Barkod Yaz\u0131c\u0131"},"content":{"rendered":"<table width=\"684\">\n<tbody>\n<tr>\n<td rowspan=\"4\" width=\"129\"><strong>BASKI<\/strong><\/td>\n<td width=\"116\">\u00e7\u00f6z\u00fcn\u00fcrl\u00fck<\/td>\n<td width=\"436\">300dpi (12 nokta \/ mm)<\/td>\n<\/tr>\n<tr>\n<td>kip<\/td>\n<td>termal transfer<\/td>\n<\/tr>\n<tr>\n<td>bask\u0131 h\u0131z\u0131<\/td>\n<td>1 ila 3 ips (25,4 mm 76.2 kadar)<\/td>\n<\/tr>\n<tr>\n<td>Maks. bask\u0131 geni\u015fli\u011fi<\/td>\n<td>4.1 &#8220;(104 mm)<\/td>\n<\/tr>\n<\/tbody>\n<\/table>\n<table width=\"684\">\n<tbody>\n<tr>\n<td rowspan=\"4\"><strong>BOYUT<\/strong><\/td>\n<td>geni\u015flik<\/td>\n<td>7.83 &#8220;(200.00 mm)<\/td>\n<\/tr>\n<tr>\n<td>uzunluk<\/td>\n<td>10.36 &#8220;(263,19 mm)<\/td>\n<\/tr>\n<tr>\n<td>y\u00fckseklik<\/td>\n<td>7.41 &#8220;(188,29 mm)<\/td>\n<\/tr>\n<tr>\n<td>A\u011f\u0131rl\u0131k<\/td>\n<td>3.7 KG<\/td>\n<\/tr>\n<\/tbody>\n<\/table>\n","protected":false},"excerpt":{"rendered":"<p>\u25a0 Ribon &amp; Termal Transfer &amp; Direk Termal (Ayarlanabilir Ka\u011f\u0131t Sens\u00f6r\u00fc)<\/p>\n<p>\u25a0 4MB Flash Memory, 8MB SDRAM, 300dpi (8 dots\/mm)<\/p>\n<p>\u25a0 OTOMAT\u0130K KESME \u00d6ZELL\u0130\u011e\u0130 (KUMA\u015e &amp; KA\u011eIT)<\/p>\n","protected":false},"featured_media":138,"comment_status":"open","ping_status":"closed","template":"","meta":[],"_links":{"self":[{"href":"https:\/\/www.veribilgisayar.com\/web\/wp-json\/wp\/v2\/product\/137"}],"collection":[{"href":"https:\/\/www.veribilgisayar.com\/web\/wp-json\/wp\/v2\/product"}],"about":[{"href":"https:\/\/www.veribilgisayar.com\/web\/wp-json\/wp\/v2\/types\/product"}],"replies":[{"embeddable":true,"href":"https:\/\/www.veribilgisayar.com\/web\/wp-json\/wp\/v2\/comments?post=137"}],"wp:featuredmedia":[{"embeddable":true,"href":"https:\/\/www.veribilgisayar.com\/web\/wp-json\/wp\/v2\/media\/138"}],"wp:attachment":[{"href":"https:\/\/www.veribilgisayar.com\/web\/wp-json\/wp\/v2\/media?parent=137"}],"curies":[{"name":"wp","href":"https:\/\/api.w.org\/{rel}","templated":true}]}}