{"id":130,"date":"2016-03-19T11:11:45","date_gmt":"2016-03-19T11:11:45","guid":{"rendered":"http:\/\/veribilgisayar.com\/web\/?post_type=product&#038;p=130"},"modified":"2017-02-25T09:54:30","modified_gmt":"2017-02-25T09:54:30","slug":"sbarco-t4-203dpi-termal-barkod-yazici","status":"publish","type":"product","link":"https:\/\/www.veribilgisayar.com\/web\/urun\/sbarco-t4-203dpi-termal-barkod-yazici\/","title":{"rendered":"SBARCO T4 203DPI Termal Barkod Yaz\u0131c\u0131"},"content":{"rendered":"<table class=\"Product2Context\" border=\"0\" width=\"684\" cellspacing=\"1\" cellpadding=\"3\" align=\"center\">\n<tbody>\n<tr>\n<td rowspan=\"5\" bgcolor=\"#f0f1f2\" width=\"136\"><span style=\"color: #333333;\"><strong>BASKI<\/strong><\/span><span style=\"color: #333333;\">\u00a0<\/span><\/td>\n<td bgcolor=\"#f0f1f2\" width=\"134\">\u00e7\u00f6z\u00fcn\u00fcrl\u00fck<\/td>\n<td bgcolor=\"#f0f1f2\" width=\"392\">203 dpi (8 nokta \/ mm)<\/td>\n<\/tr>\n<tr>\n<td bgcolor=\"#f0f1f2\">kip<\/td>\n<td bgcolor=\"#f0f1f2\">Termal transfer \/ direkt termal<\/td>\n<\/tr>\n<tr>\n<td bgcolor=\"#f0f1f2\">bask\u0131 h\u0131z\u0131<\/td>\n<td bgcolor=\"#f0f1f2\">1 ila 4 ips (25,4 mm 101,6 kadar)<\/td>\n<\/tr>\n<tr>\n<td bgcolor=\"#f0f1f2\">Maks. bask\u0131 uzunlu\u011fu<\/td>\n<td bgcolor=\"#f0f1f2\">150 &#8220;(3810 mm)<\/td>\n<\/tr>\n<tr>\n<td bgcolor=\"#f0f1f2\">Maks. bask\u0131 geni\u015fli\u011fi<\/td>\n<td bgcolor=\"#f0f1f2\">4.1 &#8220;(104 mm)<\/td>\n<\/tr>\n<\/tbody>\n<\/table>\n<table class=\"Product2Context\" border=\"0\" width=\"684\" cellspacing=\"1\" cellpadding=\"3\" align=\"center\">\n<tbody>\n<tr bgcolor=\"#f0f1f2\">\n<td rowspan=\"4\"><span style=\"color: #333333;\"><strong>BOYUT<\/strong><\/span><\/td>\n<td>geni\u015flik<\/td>\n<td>7.83 &#8220;(200.00 mm)<\/td>\n<\/tr>\n<tr>\n<td bgcolor=\"#f0f1f2\">uzunluk<\/td>\n<td bgcolor=\"#f0f1f2\">10.36 &#8220;(263,19 mm)<\/td>\n<\/tr>\n<tr>\n<td bgcolor=\"#f0f1f2\">y\u00fckseklik<\/td>\n<td bgcolor=\"#f0f1f2\">7.41 &#8220;(188,29 mm)<\/td>\n<\/tr>\n<tr>\n<td bgcolor=\"#f0f1f2\">A\u011f\u0131rl\u0131k<\/td>\n<td bgcolor=\"#f0f1f2\">2 KG<\/td>\n<\/tr>\n<\/tbody>\n<\/table>\n","protected":false},"excerpt":{"rendered":"<p>\u25a0 Ribon &amp; Termal Transfer &amp; Direk Termal (Ayarlanabilir Ka\u011f\u0131t Sens\u00f6r\u00fc)<\/p>\n<p>\u25a0 4MB Flash Memory, 8MB SDRAM, 203dpi (8 dots\/mm)<\/p>\n","protected":false},"featured_media":131,"comment_status":"open","ping_status":"closed","template":"","meta":[],"_links":{"self":[{"href":"https:\/\/www.veribilgisayar.com\/web\/wp-json\/wp\/v2\/product\/130"}],"collection":[{"href":"https:\/\/www.veribilgisayar.com\/web\/wp-json\/wp\/v2\/product"}],"about":[{"href":"https:\/\/www.veribilgisayar.com\/web\/wp-json\/wp\/v2\/types\/product"}],"replies":[{"embeddable":true,"href":"https:\/\/www.veribilgisayar.com\/web\/wp-json\/wp\/v2\/comments?post=130"}],"wp:featuredmedia":[{"embeddable":true,"href":"https:\/\/www.veribilgisayar.com\/web\/wp-json\/wp\/v2\/media\/131"}],"wp:attachment":[{"href":"https:\/\/www.veribilgisayar.com\/web\/wp-json\/wp\/v2\/media?parent=130"}],"curies":[{"name":"wp","href":"https:\/\/api.w.org\/{rel}","templated":true}]}}