{"id":1297,"date":"2023-10-02T19:15:03","date_gmt":"2023-10-02T16:15:03","guid":{"rendered":"https:\/\/www.veribilgisayar.com\/web\/?post_type=product&#038;p=1297"},"modified":"2023-10-02T19:15:04","modified_gmt":"2023-10-02T16:15:04","slug":"syble-vp-3208r-2d-barkod-okuyucu-kablosuz","status":"publish","type":"product","link":"https:\/\/www.veribilgisayar.com\/web\/urun\/syble-vp-3208r-2d-barkod-okuyucu-kablosuz\/","title":{"rendered":"Syble VP-3208R-2D Barkod Okuyucu (Kablosuz)"},"content":{"rendered":"","protected":false},"excerpt":{"rendered":"<p>VP- 3208R KABLOSUZ 2D EL T\u0130P\u0130 BARKOD OKUYUCU<\/p>\n<p>G\u00d6R\u00dcNT\u00dc(P\u0130KSEL) 640 P\u0130KSEL (Y) 480 P\u0130KSEL (D)<br \/>\nI\u015eIK KAYNA\u011eI: HEDEFLEME 617 NM. LED AYDINLATMA 6500 K LED<br \/>\nIP 54 SU GE\u00c7\u0130RMEZ VE TOZ GE\u00c7\u0130RMEZ KORUMA<br \/>\nKIRMIZI VE MAV\u0130 LED G\u00d6STERGES\u0130<br \/>\nSESL\u0130 UYARI VE MOTOR SALLANMASI<br \/>\nCEP TELEFONLARI VE PC G\u0130B\u0130 EKRAN BARKODLARINI OKUMA<\/p>\n","protected":false},"featured_media":1299,"comment_status":"closed","ping_status":"closed","template":"","meta":[],"_links":{"self":[{"href":"https:\/\/www.veribilgisayar.com\/web\/wp-json\/wp\/v2\/product\/1297"}],"collection":[{"href":"https:\/\/www.veribilgisayar.com\/web\/wp-json\/wp\/v2\/product"}],"about":[{"href":"https:\/\/www.veribilgisayar.com\/web\/wp-json\/wp\/v2\/types\/product"}],"replies":[{"embeddable":true,"href":"https:\/\/www.veribilgisayar.com\/web\/wp-json\/wp\/v2\/comments?post=1297"}],"wp:featuredmedia":[{"embeddable":true,"href":"https:\/\/www.veribilgisayar.com\/web\/wp-json\/wp\/v2\/media\/1299"}],"wp:attachment":[{"href":"https:\/\/www.veribilgisayar.com\/web\/wp-json\/wp\/v2\/media?parent=1297"}],"curies":[{"name":"wp","href":"https:\/\/api.w.org\/{rel}","templated":true}]}}