{"id":1294,"date":"2023-10-02T19:03:27","date_gmt":"2023-10-02T16:03:27","guid":{"rendered":"https:\/\/www.veribilgisayar.com\/web\/?post_type=product&#038;p=1294"},"modified":"2023-10-02T19:03:27","modified_gmt":"2023-10-02T16:03:27","slug":"syble-vp-2055-1d-laser-barkod-okuyucu-standli","status":"publish","type":"product","link":"https:\/\/www.veribilgisayar.com\/web\/urun\/syble-vp-2055-1d-laser-barkod-okuyucu-standli\/","title":{"rendered":"Syble VP-2055-1D Laser Barkod Okuyucu (Standl\u0131)"},"content":{"rendered":"","protected":false},"excerpt":{"rendered":"<p>Performans parametreleri<br \/>\nHassasiyet: \u22653mil<br \/>\nTarama Type: Tek Lazer Tarama H\u0131z\u0131: \u2265150 kez \/ sn<br \/>\nI\u015f\u0131k Kaynaklar\u0131: 650nm lazer (G\u00fcvenli g\u00f6r\u00fcn\u00fcr lazer diyodu)<br \/>\nTarama Modu: Manuel \/ S\u00fcrekli \/ Otomatik<br \/>\nTarama alan\u0131 derinli\u011fi: 20-280 mm (0,33 mm, PCS90%) Tarama A\u00e7\u0131s\u0131: Sapma 55 \u00b0, D\u00f6nme 30 \u00b0, Aral\u0131k 65 \u00b0 Hata Oran\u0131: 1\/5 milyon Arabirim: USB-HID, USB-COM, PS2, RS232<\/p>\n","protected":false},"featured_media":1296,"comment_status":"closed","ping_status":"closed","template":"","meta":[],"_links":{"self":[{"href":"https:\/\/www.veribilgisayar.com\/web\/wp-json\/wp\/v2\/product\/1294"}],"collection":[{"href":"https:\/\/www.veribilgisayar.com\/web\/wp-json\/wp\/v2\/product"}],"about":[{"href":"https:\/\/www.veribilgisayar.com\/web\/wp-json\/wp\/v2\/types\/product"}],"replies":[{"embeddable":true,"href":"https:\/\/www.veribilgisayar.com\/web\/wp-json\/wp\/v2\/comments?post=1294"}],"wp:featuredmedia":[{"embeddable":true,"href":"https:\/\/www.veribilgisayar.com\/web\/wp-json\/wp\/v2\/media\/1296"}],"wp:attachment":[{"href":"https:\/\/www.veribilgisayar.com\/web\/wp-json\/wp\/v2\/media?parent=1294"}],"curies":[{"name":"wp","href":"https:\/\/api.w.org\/{rel}","templated":true}]}}