{"id":1285,"date":"2022-05-31T05:21:01","date_gmt":"2022-05-31T05:21:01","guid":{"rendered":"https:\/\/veribilgisayar.com\/web\/?post_type=product&#038;p=1285"},"modified":"2022-05-31T05:43:14","modified_gmt":"2022-05-31T05:43:14","slug":"syble-vp-m60-bluetooth-barkod-ve-karekod-okuyucu","status":"publish","type":"product","link":"https:\/\/www.veribilgisayar.com\/web\/urun\/syble-vp-m60-bluetooth-barkod-ve-karekod-okuyucu\/","title":{"rendered":"Syble VP-M60 Bluetooth Barkod ve Karekod Okuyucu"},"content":{"rendered":"<p><iframe loading=\"lazy\" title=\"XB-M60 2D Mini Ta\u015f\u0131nabilir  USB&#039;li Kablosuz Barkod Okuyucu\" width=\"670\" height=\"377\" src=\"https:\/\/www.youtube.com\/embed\/SemJ67vGUVQ?feature=oembed\" frameborder=\"0\" allow=\"accelerometer; autoplay; clipboard-write; encrypted-media; gyroscope; picture-in-picture\" allowfullscreen><\/iframe><\/p>\n<p>Android ve IOS Uyumlu, 1D-2D(QR) Kod Okuma \u00d6zelli\u011fi, Bluetooth Haberle\u015fme,USB Wireless Al\u0131c\u0131 ile Bilgisayarda \u00e7al\u0131\u015fabilir<\/p>\n<p>Performans Parametreleri<\/p>\n<p>\u25a0\u00a0I\u015f\u0131k Kayna\u011f\u0131: 617nm LED Hedefleyici, Beyaz LED<\/p>\n<p>\u25a0\u00a0Tarama Tipi: CMOS-\u00c7\u00f6z\u00fcm 640*480<\/p>\n<p>\u25a0\u00a0Tarama Y\u00f6ntemi: Manuel\/Otomatik \u0130nd\u00fcksiyon\/S\u00fcrekli<\/p>\n<p>\u25a0\u00a0Tarama A\u00e7\u0131s\u0131: Yaw 55\u00b0, Pitch 55\u00b0, D\u00f6nme 360\u00b0<\/p>\n<p>\u25a0\u00a0Tarama Alan\u0131 Derinli\u011fi: EAN13 25-150mm<\/p>\n<p>\u25a0\u00a0Kablosuz \u0130letim Mesafesi: 30Metre (A\u00e7\u0131k Alan)<\/p>\n<p>\u25a0\u00a0Aray\u00fczler: USB-HID<\/p>\n<p>\u25a0\u00a0\u00c7al\u0131\u015fma S\u0131cakl\u0131\u011f\u0131: -20\u2103-50\u2103<\/p>\n<p>\u25a0\u00a0Voltaj: DC 5V\u00b11%<\/p>\n<p>\u25a0\u00a0Pil \u00c7al\u0131\u015fmas\u0131:\u00a0 6h<\/p>\n","protected":false},"excerpt":{"rendered":"<p>Android ve IOS Uyumlu, 1D-2D(QR) Kod Okuma \u00d6zelli\u011fi, Bluetooth Haberle\u015fme,USB Wireless Al\u0131c\u0131 ile Bilgisayarda \u00e7al\u0131\u015fabilir<\/p>\n","protected":false},"featured_media":1287,"comment_status":"closed","ping_status":"closed","template":"","meta":[],"_links":{"self":[{"href":"https:\/\/www.veribilgisayar.com\/web\/wp-json\/wp\/v2\/product\/1285"}],"collection":[{"href":"https:\/\/www.veribilgisayar.com\/web\/wp-json\/wp\/v2\/product"}],"about":[{"href":"https:\/\/www.veribilgisayar.com\/web\/wp-json\/wp\/v2\/types\/product"}],"replies":[{"embeddable":true,"href":"https:\/\/www.veribilgisayar.com\/web\/wp-json\/wp\/v2\/comments?post=1285"}],"wp:featuredmedia":[{"embeddable":true,"href":"https:\/\/www.veribilgisayar.com\/web\/wp-json\/wp\/v2\/media\/1287"}],"wp:attachment":[{"href":"https:\/\/www.veribilgisayar.com\/web\/wp-json\/wp\/v2\/media?parent=1285"}],"curies":[{"name":"wp","href":"https:\/\/api.w.org\/{rel}","templated":true}]}}