{"id":1245,"date":"2021-02-28T14:21:20","date_gmt":"2021-02-28T14:21:20","guid":{"rendered":"http:\/\/veribilgisayar.com\/web\/?post_type=product&#038;p=1245"},"modified":"2021-02-28T14:25:21","modified_gmt":"2021-02-28T14:25:21","slug":"vega-ik-insan-kaynaklari-yazilimi","status":"publish","type":"product","link":"https:\/\/www.veribilgisayar.com\/web\/urun\/vega-ik-insan-kaynaklari-yazilimi\/","title":{"rendered":"VEGA \u0130K (\u0130NSAN KAYNAKLARI) YAZILIMI"},"content":{"rendered":"<p>&nbsp;<\/p>\n<table>\n<tbody>\n<tr>\n<td>\n<div class=\"feature-box feature-box-style-2\">\n<div class=\"feature-box-info\">\n<ul>\n<li class=\"mb-0\">\n<h3>\u0130zin Y\u00f6netimi<\/h3>\n<\/li>\n<li class=\"mb-0\">\n<h3>\u00d6zl\u00fck Y\u00f6netimi<\/h3>\n<\/li>\n<li class=\"mb-0\">\n<h3>Zimmet Takibi<\/h3>\n<\/li>\n<li class=\"mb-0\">\n<h3>E\u011fitim Y\u00f6netimi<\/h3>\n<\/li>\n<\/ul>\n<\/div>\n<\/div>\n<\/td>\n<td>\n<div class=\"feature-box feature-box-style-2\">\n<div class=\"feature-box-info\">\n<ul>\n<li class=\"mb-0\">\n<h3>Anket De\u011ferlendirme<\/h3>\n<\/li>\n<li class=\"mb-0\">\n<h3>\u015eirket Takvimi<\/h3>\n<\/li>\n<li class=\"mb-0\">\n<h3>Puantaj &#8211; Bordrolama<\/h3>\n<\/li>\n<li class=\"mb-0\">\n<h3>BES Otomatik Kat\u0131l\u0131m<\/h3>\n<\/li>\n<\/ul>\n<\/div>\n<\/div>\n<\/td>\n<td>\n<div class=\"feature-box feature-box-style-2\">\n<div class=\"feature-box-info\">\n<ul>\n<li class=\"mb-0\">\n<h3>Vardiya Y\u00f6netimi<\/h3>\n<\/li>\n<li class=\"mb-0\">\n<h3>Talep Y\u00f6netimi<\/h3>\n<\/li>\n<li class=\"mb-0\">\n<h3>\u0130\u015f ba\u015fvuru takibi<\/h3>\n<\/li>\n<li class=\"mb-0\">\n<h3>360 derece de\u011ferlendirme<\/h3>\n<\/li>\n<\/ul>\n<\/div>\n<\/div>\n<\/td>\n<\/tr>\n<\/tbody>\n<\/table>\n<p>&nbsp;<\/p>\n<table>\n<tbody>\n<tr>\n<td>\n<h2 class=\"mt-5\"><strong>VEGA \u0130K Mobil<\/strong><\/h2>\n<p class=\"lead\">Personellerin kulland\u0131klar\u0131 mobil cihazlar \u00fczerinde \u00e7al\u0131\u015facak olan uygulama personel ile s\u00fcrekli ileti\u015fim halinde olmay\u0131 hedefler.Vega \u0130K sistemi \u00fczerinden yap\u0131lan duyurular mobil uygulama arac\u0131l\u0131\u011f\u0131 ile personellerin kulland\u0131\u011f\u0131 mobil cihazlarda anl\u0131k olarak iletir.Vega \u0130K Mobil ile personel, taleplerini belirtebilmek i\u00e7in Kiosk yada bilgisayar ekran\u0131na ihtiyac\u0131 duymadan kolay bir \u015fekilde iletebilecektir.<\/p>\n<\/td>\n<td><img decoding=\"async\" loading=\"lazy\" class=\"alignnone wp-image-1246 size-full\" src=\"http:\/\/veribilgisayar.com\/web\/wp-content\/uploads\/2021\/02\/VEGA-ik-TELEFON.png\" alt=\"\" width=\"422\" height=\"322\" srcset=\"https:\/\/www.veribilgisayar.com\/web\/wp-content\/uploads\/2021\/02\/VEGA-ik-TELEFON.png 422w, https:\/\/www.veribilgisayar.com\/web\/wp-content\/uploads\/2021\/02\/VEGA-ik-TELEFON-300x229.png 300w\" sizes=\"(max-width: 422px) 100vw, 422px\" \/><\/td>\n<\/tr>\n<\/tbody>\n<\/table>\n<p>&nbsp;<\/p>\n<table>\n<tbody>\n<tr>\n<td><img decoding=\"async\" loading=\"lazy\" class=\"alignnone wp-image-1247 size-full\" src=\"http:\/\/veribilgisayar.com\/web\/wp-content\/uploads\/2021\/02\/vega-ik-kiosk.png\" alt=\"\" width=\"422\" height=\"322\" srcset=\"https:\/\/www.veribilgisayar.com\/web\/wp-content\/uploads\/2021\/02\/vega-ik-kiosk.png 422w, https:\/\/www.veribilgisayar.com\/web\/wp-content\/uploads\/2021\/02\/vega-ik-kiosk-300x229.png 300w\" sizes=\"(max-width: 422px) 100vw, 422px\" \/><\/td>\n<td>\n<h2 class=\"mt-5\"><strong>Vega \u0130K Kiosk<\/strong><\/h2>\n<p class=\"lead\">Vega \u0130K Kiosk uygulamas\u0131 ile personeller bilgisayara ihtiya\u00e7 duymadan Vega \u0130K sistemine eri\u015fim sa\u011flayarak izin talep, avans talep ve anket doldurma gibi i\u015flemlerini yapabileceklerdir. \u0130\u015f ba\u015fvurusuna gelen personel adaylar\u0131 sistem \u00fczerinden h\u0131zl\u0131 bir \u015fekilde CV doldurmalar\u0131 sa\u011flanarak ka\u011f\u0131t israf\u0131 azalt\u0131l\u0131r ve ar\u015fivleme i\u015flemlerindeki zaman ve i\u015f y\u00fck\u00fcn\u00fc hafifletir.<\/p>\n<\/td>\n<\/tr>\n<\/tbody>\n<\/table>\n<p><img decoding=\"async\" loading=\"lazy\" class=\"alignnone wp-image-1248 size-full\" src=\"http:\/\/veribilgisayar.com\/web\/wp-content\/uploads\/2021\/02\/ikmobil.tr_.jpg\" alt=\"\" width=\"1170\" height=\"300\" srcset=\"https:\/\/www.veribilgisayar.com\/web\/wp-content\/uploads\/2021\/02\/ikmobil.tr_.jpg 1170w, https:\/\/www.veribilgisayar.com\/web\/wp-content\/uploads\/2021\/02\/ikmobil.tr_-300x77.jpg 300w, https:\/\/www.veribilgisayar.com\/web\/wp-content\/uploads\/2021\/02\/ikmobil.tr_-1024x263.jpg 1024w, https:\/\/www.veribilgisayar.com\/web\/wp-content\/uploads\/2021\/02\/ikmobil.tr_-768x197.jpg 768w, https:\/\/www.veribilgisayar.com\/web\/wp-content\/uploads\/2021\/02\/ikmobil.tr_-655x168.jpg 655w, https:\/\/www.veribilgisayar.com\/web\/wp-content\/uploads\/2021\/02\/ikmobil.tr_-600x154.jpg 600w\" sizes=\"(max-width: 1170px) 100vw, 1170px\" \/><\/p>\n","protected":false},"excerpt":{"rendered":"<h2 class=\"mt-5\"><strong>VEGA \u0130K<\/strong><\/h2>\n<p class=\"lead\">Vega \u0130K her i\u015fletmeye uygun ve web tabanl\u0131 yap\u0131s\u0131 sayesinde i\u015fletmenizin ihtiya\u00e7 duydu\u011fu t\u00fcm insan kaynaklar\u0131 s\u00fcre\u00e7lerini zaman ve mekan ayr\u0131m\u0131 yapmadan y\u00f6netmenizi sa\u011flar.<\/p>\n<p>Vega \u0130K&#8217;n\u0131n amac\u0131 t\u00fcm insan kaynaklar\u0131 s\u00fcre\u00e7lerinin anla\u015f\u0131l\u0131r ve kolay bir \u015fekilde y\u00f6netilmesini sa\u011flamak, \u0130K s\u00fcre\u00e7leri ile ilgilenen \u00e7al\u0131\u015fanlar\u0131n i\u015f y\u00fck\u00fcn\u00fc en aza indirmektir. Vega \u0130K i\u015fletmenizin k\u0131sa, orta ve uzun vadeli ama\u00e7lar\u0131n\u0131 ger\u00e7ekle\u015ftirmek i\u00e7in yapaca\u011f\u0131n\u0131z planlamalarda; \u00c7al\u0131\u015fanlar\u0131n\u0131z\u0131n ihtiya\u00e7lar\u0131n\u0131 ve beklentilerini kar\u015f\u0131laman\u0131zda size yol g\u00f6sterir.<\/p>\n[waorder phone=\"905557141829\" button=\"WhatsApp ile hemen bilgi al\" message=\"Merhaba, Vega ik hakk\u0131nda bilgi almak istiyorum\" target=\"yes\"]\n","protected":false},"featured_media":1249,"comment_status":"closed","ping_status":"closed","template":"","meta":[],"_links":{"self":[{"href":"https:\/\/www.veribilgisayar.com\/web\/wp-json\/wp\/v2\/product\/1245"}],"collection":[{"href":"https:\/\/www.veribilgisayar.com\/web\/wp-json\/wp\/v2\/product"}],"about":[{"href":"https:\/\/www.veribilgisayar.com\/web\/wp-json\/wp\/v2\/types\/product"}],"replies":[{"embeddable":true,"href":"https:\/\/www.veribilgisayar.com\/web\/wp-json\/wp\/v2\/comments?post=1245"}],"wp:featuredmedia":[{"embeddable":true,"href":"https:\/\/www.veribilgisayar.com\/web\/wp-json\/wp\/v2\/media\/1249"}],"wp:attachment":[{"href":"https:\/\/www.veribilgisayar.com\/web\/wp-json\/wp\/v2\/media?parent=1245"}],"curies":[{"name":"wp","href":"https:\/\/api.w.org\/{rel}","templated":true}]}}