{"id":1241,"date":"2021-02-28T14:01:35","date_gmt":"2021-02-28T14:01:35","guid":{"rendered":"http:\/\/veribilgisayar.com\/web\/?post_type=product&#038;p=1241"},"modified":"2021-02-28T14:03:50","modified_gmt":"2021-02-28T14:03:50","slug":"mykuafor-kuafor-yazilimi","status":"publish","type":"product","link":"https:\/\/www.veribilgisayar.com\/web\/urun\/mykuafor-kuafor-yazilimi\/","title":{"rendered":"MYKUAF\u00d6R KUAF\u00d6R YAZILIMI"},"content":{"rendered":"<table>\n<tbody>\n<tr>\n<td><img decoding=\"async\" loading=\"lazy\" class=\"alignnone size-full wp-image-1242\" src=\"http:\/\/veribilgisayar.com\/web\/wp-content\/uploads\/2021\/02\/mykuafor-logo.jpg\" alt=\"\" width=\"300\" height=\"225\" \/><\/td>\n<td>\n<h5>MYKUAF\u00d6R NELER YAPAR?<\/h5>\n<ul>\n<li><i class=\"fas fa-check\"><\/i>Bayan Kuaf\u00f6rleri, Erkek Kuaf\u00f6rleri ve G\u00fczellik Salonlar\u0131 i\u00e7in haz\u0131rlanm\u0131\u015f kullan\u0131c\u0131 dostu, pratik kullan\u0131ma sahip bir programd\u0131r ,<\/li>\n<li>M\u00fc\u015fteri bilgilerini ve yap\u0131lan t\u00fcm i\u015flemleri (\u0130lgilenen personel, i\u015flem yap\u0131ld\u0131\u011f\u0131 tarih &#8211; saat, oturdu\u011fu koltuk ve yap\u0131lan i\u015flem detaylar\u0131 (boya, makyaj, epilasyon vb.) sisteme girebilirsiniz,<\/li>\n<li>Personel verilen numara sayesinde her bir personelin yapt\u0131\u011f\u0131 i\u015fi G\u00fcnl\u00fck &#8211; Haftal\u0131k &#8211; Ayl\u0131k &#8211; Y\u0131ll\u0131k olarak rapor alabilirsiniz,<\/li>\n<li>Personel kendi yapt\u0131\u011f\u0131 i\u015fi Dokunmatik PC \u00fczerinden pratik \u015fekilde se\u00e7erbilir ,<\/li>\n<li>Yap\u0131lan i\u015fe g\u00f6re Prim Hesab\u0131 olu\u015fturulabilirsiniz. (\u00d6rn:Makyaj i\u00e7in %2, boya i\u00e7in %3, sa\u00e7 kesim ve kuaf\u00f6r hizmeti i\u00e7in %6 gibi),<\/li>\n<li>Bir koltu\u011fa oturan m\u00fc\u015fteriye, birden fazla personelin m\u00fc\u015fterinin talebine g\u00f6re i\u015flem yap\u0131p her bir personeli i\u015flem baz\u0131nda yada yapan personel baz\u0131nda raporlanabilir. (\u00d6rn.: M\u00fc\u015fterinin sa\u00e7 boyas\u0131n\u0131 Ayhan, kesimi Ali, epilasyon i\u015fini G\u00fclten, makyaj i\u015fini Banu yapabilir),<\/li>\n<li>Kasan\u0131z\u0131n giri\u015f &#8211; \u00e7\u0131k\u0131\u015f\u0131n\u0131 tutabilirsiniz. (G\u00fcnl\u00fck &#8211; Haftal\u0131k &#8211; Ayl\u0131k ),<\/li>\n<li>Malzemeciden gelen \u00fcr\u00fcn bilgisini pratik \u015fekilde girebilir ve \u00dcr\u00fcn Kontrol\u00fcn\u00fc yapabilirsiniz,<\/li>\n<li>M\u00fc\u015fterilerinize Sadakat Kart uygulamas\u0131 ile \u00f6zel indirimler tan\u0131mlayabilirsiniz,<\/li>\n<li>Geli\u015fmi\u015f Raporlama Sistemi ile girilmi\u015f verilere ula\u015fabilirsiniz,<\/li>\n<li>Microsoft SQL veri taban\u0131 sayesinde \u00c7ok Kullan\u0131c\u0131 olu\u015fturulabilir,<\/li>\n<li>Vega Yaz\u0131l\u0131m ile Online Veri Transferi yap\u0131labilir,<\/li>\n<\/ul>\n<\/td>\n<\/tr>\n<\/tbody>\n<\/table>\n","protected":false},"excerpt":{"rendered":"<h4>MyKuaf\u00f6r Nedir?<\/h4>\n<p>VEGA YAZILIMDAN BAYAN KUAF\u00d6RLER\u0130NE Y\u00d6NEL\u0130K PROFESYONEL \u00c7\u00d6Z\u00dcM.<br \/>\nB\u00fct\u00fcn verdi\u011finiz hizmet bilgilerine ula\u015fabilir,<br \/>\nge\u00e7mi\u015fe ait t\u00fcm bilgileri sorgulayabilirsiniz.<br \/>\n-M\u00fc\u015fteri kar\u015f\u0131s\u0131nda imaj\u0131n\u0131z\u0131 daha profesyonel hale getirecek YEN\u0130 NES\u0130L bir program<\/p>\n[waorder phone=\"905557141829\" button=\"WhatsApp ile hemen bilgi al\" message=\"Merhaba, MyKuaf\u00f6r hakk\u0131nda bilgi almak istiyorum\" target=\"yes\"]\n","protected":false},"featured_media":1242,"comment_status":"closed","ping_status":"closed","template":"","meta":[],"_links":{"self":[{"href":"https:\/\/www.veribilgisayar.com\/web\/wp-json\/wp\/v2\/product\/1241"}],"collection":[{"href":"https:\/\/www.veribilgisayar.com\/web\/wp-json\/wp\/v2\/product"}],"about":[{"href":"https:\/\/www.veribilgisayar.com\/web\/wp-json\/wp\/v2\/types\/product"}],"replies":[{"embeddable":true,"href":"https:\/\/www.veribilgisayar.com\/web\/wp-json\/wp\/v2\/comments?post=1241"}],"wp:featuredmedia":[{"embeddable":true,"href":"https:\/\/www.veribilgisayar.com\/web\/wp-json\/wp\/v2\/media\/1242"}],"wp:attachment":[{"href":"https:\/\/www.veribilgisayar.com\/web\/wp-json\/wp\/v2\/media?parent=1241"}],"curies":[{"name":"wp","href":"https:\/\/api.w.org\/{rel}","templated":true}]}}