{"id":124,"date":"2016-03-19T11:06:50","date_gmt":"2016-03-19T11:06:50","guid":{"rendered":"http:\/\/veribilgisayar.com\/web\/?post_type=product&#038;p=124"},"modified":"2017-02-25T09:54:54","modified_gmt":"2017-02-25T09:54:54","slug":"sbarco-t4e-203dpi-termal-barkod-yazici","status":"publish","type":"product","link":"https:\/\/www.veribilgisayar.com\/web\/urun\/sbarco-t4e-203dpi-termal-barkod-yazici\/","title":{"rendered":"SBARCO T4E 203DPI Termal Barkod Yaz\u0131c\u0131"},"content":{"rendered":"<table class=\"Product2Context\" border=\"0\" width=\"684\" cellspacing=\"1\" cellpadding=\"3\" align=\"center\">\n<tbody>\n<tr>\n<td rowspan=\"5\" bgcolor=\"#f0f1f2\" width=\"136\"><span style=\"color: #333333;\"><strong>Yaz\u0131c\u0131<\/strong><\/span><span style=\"color: #333333;\">\u00a0<\/span><\/td>\n<td bgcolor=\"#f0f1f2\" width=\"134\">\u00c7\u00f6z\u00fcn\u00fcrl\u00fck<\/td>\n<td bgcolor=\"#f0f1f2\" width=\"392\">203dpi (8 dots\/mm)<\/td>\n<\/tr>\n<tr>\n<td bgcolor=\"#f0f1f2\">Mod<\/td>\n<td bgcolor=\"#f0f1f2\">Termal transfer\/Direk termal<\/td>\n<\/tr>\n<tr>\n<td bgcolor=\"#f0f1f2\">Bask\u0131 H\u0131z\u0131<\/td>\n<td bgcolor=\"#f0f1f2\">1 to 4 ips (25.4 to 101.6 mm)<\/td>\n<\/tr>\n<tr>\n<td bgcolor=\"#f0f1f2\">Azami Bask\u0131 Uzunlu\u011fu<\/td>\n<td bgcolor=\"#f0f1f2\">150\u201d (3810 mm)<\/td>\n<\/tr>\n<tr>\n<td bgcolor=\"#f0f1f2\">Azami Bask\u0131 Geni\u015fli\u011fi<\/td>\n<td bgcolor=\"#f0f1f2\">4.1\u201d (104 mm)<\/td>\n<\/tr>\n<\/tbody>\n<\/table>\n<table class=\"Product2Context\" border=\"0\" width=\"684\" cellspacing=\"1\" cellpadding=\"3\" align=\"center\">\n<tbody>\n<tr bgcolor=\"#f0f1f2\">\n<td rowspan=\"4\"><span style=\"color: #333333;\"><strong>Boyut<\/strong><\/span><\/td>\n<td>Geni\u015flik<\/td>\n<td>7.83\u201d (200.00 mm)<\/td>\n<\/tr>\n<tr>\n<td bgcolor=\"#f0f1f2\">Uzunluk<\/td>\n<td bgcolor=\"#f0f1f2\">10.36\u201d (263.19 mm)<\/td>\n<\/tr>\n<tr>\n<td bgcolor=\"#f0f1f2\">Y\u00fckseklik<\/td>\n<td bgcolor=\"#f0f1f2\">7.41\u201d (188.29 mm)<\/td>\n<\/tr>\n<tr>\n<td bgcolor=\"#f0f1f2\">A\u011f\u0131rl\u0131k<\/td>\n<td bgcolor=\"#f0f1f2\">2 KG<\/td>\n<\/tr>\n<\/tbody>\n<\/table>\n","protected":false},"excerpt":{"rendered":"<p>\u25a0 Ribon &amp; Termal Transfer &amp; Direk Termal (Ayarlanabilir Ka\u011f\u0131t Sens\u00f6r\u00fc)<\/p>\n<p>\u25a0 4MB Flash Memory, 8MB SDRAM, 203dpi (8 dots\/mm)<\/p>\n","protected":false},"featured_media":125,"comment_status":"open","ping_status":"closed","template":"","meta":[],"_links":{"self":[{"href":"https:\/\/www.veribilgisayar.com\/web\/wp-json\/wp\/v2\/product\/124"}],"collection":[{"href":"https:\/\/www.veribilgisayar.com\/web\/wp-json\/wp\/v2\/product"}],"about":[{"href":"https:\/\/www.veribilgisayar.com\/web\/wp-json\/wp\/v2\/types\/product"}],"replies":[{"embeddable":true,"href":"https:\/\/www.veribilgisayar.com\/web\/wp-json\/wp\/v2\/comments?post=124"}],"wp:featuredmedia":[{"embeddable":true,"href":"https:\/\/www.veribilgisayar.com\/web\/wp-json\/wp\/v2\/media\/125"}],"wp:attachment":[{"href":"https:\/\/www.veribilgisayar.com\/web\/wp-json\/wp\/v2\/media?parent=124"}],"curies":[{"name":"wp","href":"https:\/\/api.w.org\/{rel}","templated":true}]}}