{"id":119,"date":"2016-03-19T10:48:23","date_gmt":"2016-03-19T10:48:23","guid":{"rendered":"http:\/\/veribilgisayar.com\/web\/?post_type=product&#038;p=119"},"modified":"2021-11-16T22:30:02","modified_gmt":"2021-11-16T22:30:02","slug":"netum-nt-1208-kablolu-lazer-barkod-okuyucu","status":"publish","type":"product","link":"https:\/\/www.veribilgisayar.com\/web\/urun\/netum-nt-1208-kablolu-lazer-barkod-okuyucu\/","title":{"rendered":"NETUM NT-1208 Kablolu Lazer Barkod Okuyucu"},"content":{"rendered":"","protected":false},"excerpt":{"rendered":"<p>\u25a0 I\u015f\u0131k Kayna\u011f\u0131 : 650nm \u00b1 10nm G\u00f6r\u00fclebilir Lazer Diyot<\/p>\n<p>\u25a0 Tarama H\u0131z\u0131 : 280 tarama\/saniye &#8211; Tek \u00c7izgili<\/p>\n<p>\u25a0 IP67 Koruma S\u0131n\u0131f\u0131 : Suya ve Darbeye Kar\u015f\u0131 Dayan\u0131kl\u0131<\/p>\n<p>(Tam End\u00fcstriyel El Tipi Kablolu Barkod Okuyucu)<\/p>\n","protected":false},"featured_media":120,"comment_status":"open","ping_status":"closed","template":"","meta":[],"_links":{"self":[{"href":"https:\/\/www.veribilgisayar.com\/web\/wp-json\/wp\/v2\/product\/119"}],"collection":[{"href":"https:\/\/www.veribilgisayar.com\/web\/wp-json\/wp\/v2\/product"}],"about":[{"href":"https:\/\/www.veribilgisayar.com\/web\/wp-json\/wp\/v2\/types\/product"}],"replies":[{"embeddable":true,"href":"https:\/\/www.veribilgisayar.com\/web\/wp-json\/wp\/v2\/comments?post=119"}],"wp:featuredmedia":[{"embeddable":true,"href":"https:\/\/www.veribilgisayar.com\/web\/wp-json\/wp\/v2\/media\/120"}],"wp:attachment":[{"href":"https:\/\/www.veribilgisayar.com\/web\/wp-json\/wp\/v2\/media?parent=119"}],"curies":[{"name":"wp","href":"https:\/\/api.w.org\/{rel}","templated":true}]}}