{"id":570,"date":"2019-03-04T18:56:07","date_gmt":"2019-03-04T18:56:07","guid":{"rendered":"http:\/\/veribilgisayar.com\/web\/?page_id=570"},"modified":"2019-04-23T13:37:18","modified_gmt":"2019-04-23T13:37:18","slug":"e-donusum-e-fatura-e-irsaliye-e-defter-e-mutabakat","status":"publish","type":"page","link":"https:\/\/www.veribilgisayar.com\/web\/e-donusum-e-fatura-e-irsaliye-e-defter-e-mutabakat\/","title":{"rendered":"E-D\u00f6n\u00fc\u015f\u00fcm"},"content":{"rendered":"\n<figure class=\"wp-block-image\"><img decoding=\"async\" loading=\"lazy\" width=\"585\" height=\"585\" src=\"http:\/\/veribilgisayar.com\/web\/wp-content\/uploads\/2019\/03\/e-donusum.jpg\" alt=\"\" class=\"wp-image-571\" srcset=\"https:\/\/www.veribilgisayar.com\/web\/wp-content\/uploads\/2019\/03\/e-donusum.jpg 585w, https:\/\/www.veribilgisayar.com\/web\/wp-content\/uploads\/2019\/03\/e-donusum-150x150.jpg 150w, https:\/\/www.veribilgisayar.com\/web\/wp-content\/uploads\/2019\/03\/e-donusum-300x300.jpg 300w, https:\/\/www.veribilgisayar.com\/web\/wp-content\/uploads\/2019\/03\/e-donusum-100x100.jpg 100w\" sizes=\"(max-width: 585px) 100vw, 585px\" \/><\/figure>\n\n\n\n<h2 class=\"wp-block-heading\"><strong>E-D\u00f6n\u00fc\u015f\u00fcm Sistemleri<\/strong><\/h2>\n\n\n\n<hr class=\"wp-block-separator\"\/>\n\n\n\n<h2 class=\"wp-block-heading\">E-Fatura<\/h2>\n\n\n\n<p>454 s\u0131ra numaral\u0131 VUK genel tebli\u011finin 2. Maddesine g\u00f6re; y\u0131ll\u0131k cirosu belirlenen rakam\u0131n \u00fczerinde olan i\u015fletmelerin bir sonraki mali y\u0131l kullan\u0131m zorunlulu\u011fu olmakla beraber istenirse g\u00f6n\u00fcll\u00fc olarak da kullan\u0131labilmektedir.e-Fatura uygulamas\u0131na ge\u00e7menin do\u011faya sa\u011flad\u0131\u011f\u0131 faydadan, kazand\u0131rd\u0131\u011f\u0131 maliyet ucuzlu\u011funa vezamandan tasarrufa kadar pek \u00e7ok avantaj\u0131 var. E\u011fer kurumunuz e-Fatura kullanmas\u0131 zorunlu m\u00fckellefler listesinde yer al\u0131yor ise ya da ka\u011f\u0131t fatura kullanman\u0131n maliyet ve karma\u015fas\u0131ndan kurtulmak istiyorsan\u0131z sizler de e-Fatura uygulamas\u0131na ge\u00e7i\u015f yapabilirsiniz. Mevcut yaz\u0131l\u0131m\u0131n\u0131z ne olursa olsun, i\u015fletme yap\u0131n\u0131za en uygun ve g\u00fcvenilir \u00e7\u00f6z\u00fcmler VegaGrup Yaz\u0131l\u0131m\u2019da mevcuttur.<\/p>\n\n\n\n<h2 class=\"wp-block-heading\">E-Ar\u015fiv<\/h2>\n\n\n\n<p>E-Ar\u015fiv fatura ile matbu faturalar\u0131n kaybolmas\u0131 ve zarar g\u00f6rmesinin \u00f6n\u00fcne ge\u00e7ilmesi, ka\u011f\u0131ttan tasarruf ile hem cebinize hem do\u011faya sa\u011flad\u0131\u011f\u0131 fayda g\u00f6z \u00f6n\u00fcnde bulunduruldu\u011fu zaman, e-Ar\u015fiv sistemine ge\u00e7ilmedi\u011fi her g\u00fcn i\u015fletmeniz zarar g\u00f6rmektedir.Ticarette dijitalle\u015fmenin \u00f6nemi her ge\u00e7en g\u00fcn artmakla beraber art\u0131k bir zorunluluk haline gelmi\u015ftir. E-Ar\u015fiv sistemi sa\u011flad\u0131\u011f\u0131 faydalardan ziyade \u015firketinizin prestijini de art\u0131rmakta, i\u015fletmenizi d\u0131\u015f d\u00fcnyaya kar\u015f\u0131 profesyonel olarak g\u00f6stermektedir. \u0130ster ERP mevcut program\u0131n\u0131z\u0131n \u00fczerinden isterseniz ise portal ile web \u00fczerinden e-Ar\u015fiv fatura olu\u015fturabilir ve takibini yapabilirsiniz. \u0130\u015fletmenize en uygun ve g\u00fcvenilir e-Ar\u015fiv \u00e7\u00f6z\u00fcmleri VegaGrup Yaz\u0131l\u0131m\u2019da mevcuttur.<\/p>\n\n\n\n<h2 class=\"wp-block-heading\">E-Defter<\/h2>\n\n\n\n<p>e-Defter hizmeti, i\u015fletmelerin her y\u0131l zorunlu olarak noter onayl\u0131 ka\u011f\u0131tlara bast\u0131rd\u0131\u011f\u0131 \u201cYevmiye Defteri\u201d ve \u201cDefter-i Kebir\u201d olarak adland\u0131r\u0131lan resmi belgelerin, elektronik ortamda olu\u015fturulmas\u0131, saklanmas\u0131 ve yine elektronik ortamda Gelirler \u0130daresi Ba\u015fkanl\u0131\u011f\u0131n\u0131n sistemine g\u00f6nderilmesi \u015feklinde adland\u0131r\u0131l\u0131r. \u0130\u015fletmeleri on y\u0131llar boyunca resmi evraklar\u0131n\u0131 saklama zahmetinden ve maliyetinden kurtar\u0131r, resmi belgelerini elektronik ortam\u0131n g\u00fcvencesi alt\u0131na al\u0131r. Ayr\u0131ca i\u015fletmelere sa\u011flad\u0131\u011f\u0131 zaman tasarrufu ve ka\u011f\u0131t israf\u0131n\u0131n \u00f6n\u00fcne ge\u00e7ilmesi ile do\u011faya sa\u011flad\u0131\u011f\u0131 faydan\u0131n avantaj\u0131 g\u00f6z ard\u0131 edilemez. VegaGrup Defter platform ba\u011f\u0131ms\u0131z yap\u0131s\u0131 ile i\u015fletmenizde kulland\u0131\u011f\u0131n\u0131z mevcut yaz\u0131l\u0131m\u0131n\u0131z ne olursa olsun size e-Defter \u00e7\u00f6z\u00fcmlerinde en iyi kalite ile hizmet sa\u011flar.<\/p>\n\n\n\n<h2 class=\"wp-block-heading\">E-\u0130rsaliye<\/h2>\n\n\n\n<p>e-\u0130rsaliye, veri format ve standard\u0131 G\u0130B taraf\u0131ndan belirlenen, 213 Say\u0131l\u0131 VUK gere\u011fi bir irsaliyede yer almas\u0131 gereken bilgileri bar\u0131nd\u0131ran, sat\u0131c\u0131 ve al\u0131c\u0131 aras\u0131nda ki iletimin merkezi bir platform olarak e-Fatura&#8217;da oldu\u011fu gibi G\u0130B \u00fczerinden ger\u00e7ekle\u015ftirildi\u011fi elektronik bir belgedir. e-\u0130rsaliye yeni bir belge t\u00fcr\u00fc olmay\u0131p, ka\u011f\u0131t irsaliye ile ayn\u0131 hukuki niteliklere sahip olacakt\u0131r. e-\u0130rsaliye kullanan firmalar ka\u011f\u0131t derdini ortadan kald\u0131rarak s\u00fcre\u00e7lerini h\u0131zl\u0131 hale getirirler. Ayr\u0131ca di\u011fer e-D\u00f6n\u00fc\u015f\u00fcm hizmetlerinde oldu\u011fu gibi saklama i\u015flemlerini de elektronik ortamda g\u00fcven i\u00e7inde sa\u011flarlar. VegaGrup Yaz\u0131l\u0131m sizlere en iyi kalite ve hizmet ile e-\u0130rsaliye \u00e7\u00f6z\u00fcmleri sa\u011flamaktad\u0131r.<\/p>\n\n\n\n<h2 class=\"wp-block-heading\">E-Mutabakat<\/h2>\n\n\n\n<p>Vega e-Mutabakat ile pratik ve h\u0131zl\u0131 bir \u015fekilde online olarak mutabakat i\u015flemini yapabilirsiniz . Kullan\u0131\u015fl\u0131 yap\u0131s\u0131 ile ticari ili\u015fkinizin bulundu\u011fu firmalara otomatik olarak mutabakat metni g\u00f6nderir ve yan\u0131t bekler. Zahmetsiz olan bu i\u015flem ile yan\u0131t oranlar\u0131 y\u00fckselir. Yan\u0131t alan ve almayanlar\u0131n listesini tek ekrandan g\u00f6rebilirsiniz. VegaGrup Yaz\u0131l\u0131m E-Mutabakat hizmeti ile size zamandan tasarruf sa\u011flar. Verilerinizi Arctos\u2019tan direk aktarabilir ya da excel dosyas\u0131 ile i\u00e7eri alabilirsiniz. Mutabakatlar\u0131n\u0131z\u0131 online g\u00f6nderimini tek tu\u015f ile yapabilirsiniz. Sonras\u0131nda online olarak gelen yan\u0131tlar\u0131n takibini ve raporlamas\u0131n\u0131 yapabilirsiniz.. VegaGrup Yaz\u0131l\u0131m sizlere en iyi kalite ve hizmet ile e-Mutabakat \u00e7\u00f6z\u00fcmleri sa\u011flamaktad\u0131r.<\/p>\n\n\n\n<div class=\"wp-block-columns has-2-columns is-layout-flex wp-container-3\">\n<div class=\"wp-block-column is-layout-flow\">\n<blockquote class=\"wp-block-quote\"><p>Detayl\u0131 Bilgi ve Yaz\u0131l\u0131m\u0131z\u0131 g\u00f6rmek i\u00e7in<\/p><\/blockquote>\n<\/div>\n\n\n\n<div class=\"wp-block-column is-layout-flow\">\n<div class=\"wp-block-button\"><a class=\"wp-block-button__link\" href=\"http:\/\/veribilgisayar.com\/web\/iletisim\/\">Demo Talebi<\/a><\/div>\n<\/div>\n<\/div>\n","protected":false},"excerpt":{"rendered":"<p>E-D\u00f6n\u00fc\u015f\u00fcm Sistemleri E-Fatura 454 s\u0131ra numaral\u0131 VUK genel tebli\u011finin 2. Maddesine g\u00f6re; y\u0131ll\u0131k cirosu belirlenen rakam\u0131n \u00fczerinde olan i\u015fletmelerin bir sonraki mali y\u0131l kullan\u0131m zorunlulu\u011fu olmakla beraber istenirse g\u00f6n\u00fcll\u00fc olarak da kullan\u0131labilmektedir.e-Fatura uygulamas\u0131na ge\u00e7menin do\u011faya&#8230;<\/p>\n","protected":false},"author":1,"featured_media":0,"parent":0,"menu_order":0,"comment_status":"closed","ping_status":"closed","template":"templates\/no-sidebar.php","meta":[],"_links":{"self":[{"href":"https:\/\/www.veribilgisayar.com\/web\/wp-json\/wp\/v2\/pages\/570"}],"collection":[{"href":"https:\/\/www.veribilgisayar.com\/web\/wp-json\/wp\/v2\/pages"}],"about":[{"href":"https:\/\/www.veribilgisayar.com\/web\/wp-json\/wp\/v2\/types\/page"}],"author":[{"embeddable":true,"href":"https:\/\/www.veribilgisayar.com\/web\/wp-json\/wp\/v2\/users\/1"}],"replies":[{"embeddable":true,"href":"https:\/\/www.veribilgisayar.com\/web\/wp-json\/wp\/v2\/comments?post=570"}],"version-history":[{"count":3,"href":"https:\/\/www.veribilgisayar.com\/web\/wp-json\/wp\/v2\/pages\/570\/revisions"}],"predecessor-version":[{"id":574,"href":"https:\/\/www.veribilgisayar.com\/web\/wp-json\/wp\/v2\/pages\/570\/revisions\/574"}],"wp:attachment":[{"href":"https:\/\/www.veribilgisayar.com\/web\/wp-json\/wp\/v2\/media?parent=570"}],"curies":[{"name":"wp","href":"https:\/\/api.w.org\/{rel}","templated":true}]}}