{"id":326,"date":"2017-05-08T10:01:56","date_gmt":"2017-05-08T10:01:56","guid":{"rendered":"http:\/\/veribilgisayar.com\/web\/?page_id=326"},"modified":"2019-12-06T06:51:49","modified_gmt":"2019-12-06T06:51:49","slug":"vega-yazilim-manavgat-bayi-barkodlu-satis-restoran-programi","status":"publish","type":"page","link":"https:\/\/www.veribilgisayar.com\/web\/vega-yazilim-manavgat-bayi-barkodlu-satis-restoran-programi\/","title":{"rendered":"Yaz\u0131l\u0131m"},"content":{"rendered":"\n<hr class=\"wp-block-separator\"\/>\n\n\n\n<h4 class=\"wp-block-heading\">Hizmet Verdi\u011fimiz Sekt\u00f6rler<\/h4>\n\n\n\n<h4 class=\"wp-block-heading\">Otomotiv Sekt\u00f6r\u00fc<\/h4>\n\n\n\n<p>Oto Plaza, Oto Servis &amp; Sat\u0131\u015f &amp; Yedek Par\u00e7a \u00e7al\u0131\u015fma alanlar\u0131 \u00f6zg\u00fc anahtar teslim \u00e7\u00f6z\u00fcmler<\/p>\n\n\n\n<h4 class=\"wp-block-heading\">G\u0131da Sekt\u00f6r\u00fc<\/h4>\n\n\n\n<p>Manavlar, Pastaneler, Kuruyemi\u015f &amp; Aktarlar, Market &amp; \u015eark\u00fcteri , \u0130ht. Mad. Da\u011f\u0131t\u0131c\u0131lar\u0131 i\u00e7in \u00e7\u00f6z\u00fcmler<\/p>\n\n\n\n<h4 class=\"wp-block-heading\">Giyim Sekt\u00f6r\u00fc<\/h4>\n\n\n\n<p>Konfeksiyon &amp; Haz\u0131r Giyim, Tuhafiyeciler vb. firmalar i\u00e7in sekt\u00f6r\u00fcn\u00fcze \u00f6zel \u00e7\u00f6z\u00fcmler<\/p>\n\n\n\n<h4 class=\"wp-block-heading\">Restaurant Sekt\u00f6r\u00fc<\/h4>\n\n\n\n<p>Restaurant, Kafe , Bar , Fastfood, Otoyol Dinlenme Tesisleri, Catering, Pastaneler firmalar\u0131 i\u00e7in sekt\u00f6re \u00f6zel \u00e7\u00f6z\u00fcmler<\/p>\n\n\n\n<h4 class=\"wp-block-heading\">Elektronik Sekt\u00f6r\u00fc<\/h4>\n\n\n\n<p>Elektronik, GSM ve Beyaz E\u015fya satan firmalar i\u00e7in sekt\u00f6rel \u00e7\u00f6z\u00fcmler<\/p>\n\n\n\n<h4 class=\"wp-block-heading\">E-Devlet<\/h4>\n\n\n\n<p>E-Fatura, E-Ar\u015fiv- E-Defter i\u00e7in her t\u00fcrl\u00fc kolayl\u0131\u011f\u0131 sa\u011flayan E-Devlet \u00e7\u00f6z\u00fcmleri<\/p>\n\n\n\n<h4 class=\"wp-block-heading\">Muhasebe<\/h4>\n\n\n\n<p>Muhasebe, Mail M\u00fc\u015favir ve Yeminli Mail M\u00fc\u015favirlik b\u00fcrolar\u0131 i\u00e7in \u00e7\u00f6z\u00fcmler<\/p>\n\n\n\n<h4 class=\"wp-block-heading\">Di\u011fer Sekt\u00f6rler<\/h4>\n\n\n\n<p>Tar\u0131m &amp; Hayvanc\u0131l\u0131k,Saat &amp; Aksesuar, Kozmetik, Ev tekstil &amp; Z\u00fcccaciye, Kitap K\u0131rtasiye &amp; Yay\u0131n Evi , \u0130n\u015faat ve Yap\u0131 Store<\/p>\n","protected":false},"excerpt":{"rendered":"<p>Hizmet Verdi\u011fimiz Sekt\u00f6rler Otomotiv Sekt\u00f6r\u00fc Oto Plaza, Oto Servis &amp; Sat\u0131\u015f &amp; Yedek Par\u00e7a \u00e7al\u0131\u015fma alanlar\u0131 \u00f6zg\u00fc anahtar teslim \u00e7\u00f6z\u00fcmler G\u0131da Sekt\u00f6r\u00fc Manavlar, Pastaneler, Kuruyemi\u015f &amp; Aktarlar, Market &amp; \u015eark\u00fcteri , \u0130ht. Mad. Da\u011f\u0131t\u0131c\u0131lar\u0131 i\u00e7in&#8230;<\/p>\n","protected":false},"author":1,"featured_media":0,"parent":0,"menu_order":0,"comment_status":"closed","ping_status":"closed","template":"","meta":[],"_links":{"self":[{"href":"https:\/\/www.veribilgisayar.com\/web\/wp-json\/wp\/v2\/pages\/326"}],"collection":[{"href":"https:\/\/www.veribilgisayar.com\/web\/wp-json\/wp\/v2\/pages"}],"about":[{"href":"https:\/\/www.veribilgisayar.com\/web\/wp-json\/wp\/v2\/types\/page"}],"author":[{"embeddable":true,"href":"https:\/\/www.veribilgisayar.com\/web\/wp-json\/wp\/v2\/users\/1"}],"replies":[{"embeddable":true,"href":"https:\/\/www.veribilgisayar.com\/web\/wp-json\/wp\/v2\/comments?post=326"}],"version-history":[{"count":3,"href":"https:\/\/www.veribilgisayar.com\/web\/wp-json\/wp\/v2\/pages\/326\/revisions"}],"predecessor-version":[{"id":1204,"href":"https:\/\/www.veribilgisayar.com\/web\/wp-json\/wp\/v2\/pages\/326\/revisions\/1204"}],"wp:attachment":[{"href":"https:\/\/www.veribilgisayar.com\/web\/wp-json\/wp\/v2\/media?parent=326"}],"curies":[{"name":"wp","href":"https:\/\/api.w.org\/{rel}","templated":true}]}}