{"id":236,"date":"2016-03-22T12:29:51","date_gmt":"2016-03-22T12:29:51","guid":{"rendered":"http:\/\/veribilgisayar.com\/web\/?page_id=236"},"modified":"2016-03-22T13:17:51","modified_gmt":"2016-03-22T13:17:51","slug":"uretim-fabrika-yazilimi-programi-uygulamasi","status":"publish","type":"page","link":"https:\/\/www.veribilgisayar.com\/web\/uretim-fabrika-yazilimi-programi-uygulamasi\/","title":{"rendered":"\u00dcretim Fabrika Uygulamas\u0131"},"content":{"rendered":"<h1>\u00dcretim \u0130\u015fletmeleri<br \/>\nTekstil ve Haz\u0131r Giyim<br \/>\nMobilya \u00dcretim<br \/>\nHal\u0131 ve Kilim \u00dcretim<br \/>\nG\u0131da \u00dcretim<\/h1>\n<p><a href=\"http:\/\/www.vegayazilim.com.tr\/wp-content\/uploads\/2012\/08\/yeldivider.png\" rel=\"wp-prettyPhoto[428]\"><img decoding=\"async\" loading=\"lazy\" class=\"alignnone size-full wp-image-947\" title=\"yeldivider\" src=\"http:\/\/www.vegayazilim.com.tr\/wp-content\/uploads\/2012\/08\/yeldivider.png\" alt=\"\" width=\"281\" height=\"9\" \/><\/a><\/p>\n<p>\u00dcretim\u2019de maksimum karl\u0131l\u0131\u011f\u0131 ve izlenebilirli\u011fi\u00a0 hedefleyen firmalardan gelen talepler do\u011frultusunda haz\u0131rlanan Vega Yaz\u0131l\u0131m \u00fcretim mod\u00fclleri Makina Aksam ve Par\u00e7a, G\u0131da \u00dcretimi, Mobilya, Hal\u0131 Kilim, Tekstil ve Haz\u0131r Giyim \u00fcretimi yapan firmalar i\u00e7in tasarlanm\u0131\u015ft\u0131r. Vega Yaz\u0131l\u0131m\u2019\u0131n di\u011fer Mod\u00fclleri ile entegre olarak \u00e7al\u0131\u015fabilen Lotiz ve Lyra \u00fcretim mod\u00fclleri ile;<\/p>\n<p>&nbsp;<\/p>\n<div>\n<ul>\n<li>\u00dcretim re\u00e7etesi( mamul a\u011fac\u0131)<\/li>\n<li>Hammadde ve malzeme, maliyet unsurlar\u0131 (i\u015f\u00e7ilik \u2013 enerji giderleri vb.) belirlenmesi<\/li>\n<li>Fire ve u\u0308retim zaiyatlar\u0131n\u0131n tan\u0131mlanmas\u0131<\/li>\n<li>Montaj ve demontaj u\u0308retim re\u00e7etelerinin tan\u0131mlanmas\u0131<\/li>\n<li>Hammadde \u2013 malzeme ihtiya\u00e7 listelerinin haz\u0131rlanmas\u0131<\/li>\n<li>Otomatik sat\u0131n alma emirlerinin olu\u015fturulmas\u0131<\/li>\n<li>Mamul u\u0308retim planlar\u0131n\u0131n sipari\u015fe dayal\u0131 haz\u0131rlanmas\u0131<\/li>\n<li>\u00dcretim su\u0308re\u00e7leri (Process) ve fason imalat i\u015flemlerinin izlenmesi<\/li>\n<li>\u00dcretim zaiyatlar\u0131n\u0131n maliyetlere yans\u0131t\u0131lmas\u0131<\/li>\n<li>Kalite kontrol i\u015flemlerinin ger\u00e7ekle\u015ftirilmesi<\/li>\n<li>\u0130zlenebilirlik uygulamalar\u0131na y\u00f6nelik LOT ( Parti No.) takibi<\/li>\n<li>Maliyet muhasebesinin genel muhasebesinin genel muhasebe ile entegre \u00e7al\u0131\u015fabilme imkan\u0131<\/li>\n<\/ul>\n<\/div>\n<p>&nbsp;<\/p>\n<p>\u00dcretim\u2019de y\u00fcksek verim ve kar almay\u0131 hedefleyen Vega Yaz\u0131l\u0131m \u00fcretim otomasyonlar\u0131n\u0131n kullan\u0131m\u0131nda en \u00f6nemli iki fakt\u00f6r \u00dcretim Y\u00f6netimi ve \u00dcretim Planlamad\u0131r.<\/p>\n<p><strong>\u00a0\u00dcRET\u0130M Y\u00d6NET\u0130M\u0130<br \/>\n<\/strong><\/p>\n<p>Genel Anlamda \u00fcretim girdilerin, Di\u011fer s\u00fcre\u00e7lerle etkile\u015fimi de\u011ferlendirerek , Kaynaklar\u0131 Kullanarak girdilerin \u00e7\u0131kt\u0131lara d\u00f6n\u00fc\u015f\u00fcm\u00fcn\u00fc sa\u011flamak \u00fczere y\u00f6netilen faaliyetlerin \u00e7\u0131kt\u0131 olarak sonu\u00e7land\u0131r\u0131lmas\u0131d\u0131r.<\/p>\n<p>\u00dcretim yapan bir i\u015fletmenin, faaliyetlerini sa\u011fl\u0131kl\u0131 bir \u015fekilde y\u00fcr\u00fctebilmesi i\u00e7in malzeme tedariki ve \u00fcretimini do\u011fru ve zaman\u0131nda planlamas\u0131 hayati \u00f6nem ta\u015f\u0131yor. De\u011fi\u015fken ve zorlu piyasa ko\u015fullar\u0131nda, talepleri zaman\u0131nda cevaplama hedefi, \u00e7\u00f6z\u00fclmesi gereken soru ve sorunlar\u0131 beraberinde getiriyor.\u00a0 Vega Win \u00dcretim\u00a0 Mod\u00fcl\u00fcn\u00fcn verimli \u015fekilde kullan\u0131labilmesi i\u00e7in \u00fcretim s\u00fcrecinde ge\u00e7en kavramlar\u0131 do\u011fru \u015fekilde belirlenmesi gerekmektedir. \u00dcretim s\u00fcrecinin ilk ad\u0131m\u0131 \u00dcretim S\u00fcre\u00e7 analizleridir<\/p>\n<div><img decoding=\"async\" loading=\"lazy\" title=\"surec\" src=\"http:\/\/www.vegayazilim.com.tr\/wp-content\/uploads\/2012\/09\/surec.png\" alt=\"\" width=\"487\" height=\"330\" \/><\/div>\n<div>\n<p>&nbsp;<\/p>\n<p>Bu S\u00fcre\u00e7ler firman\u0131z\u0131n verimlili\u011fini ve etkinli\u011fini istenilen seviyeye \u00e7\u0131karackt\u0131r. Vega win bu s\u00fcre\u00e7lerde do\u011fru kriterleri kulland\u0131rarak firman\u0131z\u0131n maksimum verimlilikle \u00e7al\u0131\u015fmas\u0131n\u0131 sa\u011flayarak \u00fcretimdeki g\u00fcc\u00fcn\u00fcz\u00fc zirveye \u00e7\u0131karacakt\u0131r.<\/p>\n<\/div>\n<div>\n<p>\u00dcretim s\u00fcrecinde Vega Win di\u011fer\u00a0 mod\u00fcllerle entegre \u00e7al\u0131\u015fmaktd\u0131r.\u00dcretim S\u00fcrecinde vega win \u00fcretim mod\u00fcl\u00fcn\u00fcn di\u011fer mod\u00fcllerle\u00a0 entegrasyonu \u00fcretim s\u00fcre\u00e7 analizinde belirledi\u011finiz t\u00fcm sorular\u0131n\u0131z\u0131 cevaplayacak \u015fekilde d\u00fc\u015f\u00fcn\u00fclm\u00fc\u015ft\u00fcr.<\/p>\n<\/div>\n<div><img decoding=\"async\" loading=\"lazy\" title=\"uretim\" src=\"http:\/\/www.vegayazilim.com.tr\/wp-content\/uploads\/2012\/09\/uretim.png\" alt=\"\" width=\"472\" height=\"298\" \/><\/div>\n<p>Vega Yaz\u0131l\u0131m \u00fcretim Mod\u00fcl\u00fc ile\u2026<\/p>\n<ul>\n<li>Mevcut taleplere kar\u015f\u0131l\u0131k tedariki nas\u0131l planlamal\u0131y\u0131m?<\/li>\n<li>Neyi ne zaman hangi miktarda \u00fcretmeli veya sat\u0131n almal\u0131y\u0131m?<\/li>\n<li>Talepleri cevaplamaya \u00e7abalarken ihtiya\u00e7 fazlas\u0131 stok olu\u015fumunu nas\u0131l engelleyebilirim?<\/li>\n<li>Malzeme yetersizli\u011fi sebebiyle yar\u0131m kalan i\u015flerimin say\u0131s\u0131n\u0131 nas\u0131l azaltabilirim?<br \/>\nBu ve benzeri sorular\u0131n\u0131zda Vega Yaz\u0131l\u0131m \u00dcretim \u00e7\u00f6z\u00fcm\u00fcm\u00fcz\u00fcn en \u00f6nemli par\u00e7alar\u0131ndan olan Malzeme \u0130htiya\u00e7 Planlamas\u0131 (MRP) Mod\u00fcl\u00fc en b\u00fcy\u00fck yard\u0131mc\u0131n\u0131z olacak.<\/li>\n<\/ul>\n<p>En basit ifadeyle\u00a0 Malzeme \u0130htiya\u00e7 Planlamas\u0131 (MRP) Mod\u00fcl\u00fc \u015firketinizin talep ve tedarik dengesini sa\u011flaman\u0131za yard\u0131mc\u0131 olur. Mod\u00fcl, sistemin \u00dcr\u00fcn Tasar\u0131m\u0131, B\u00fct\u00e7e, Envanter, Sat\u0131\u015f, Sat\u0131n alma ve \u00dcretim Y\u00f6netimi Mod\u00fclleri ile tam b\u00fct\u00fcnle\u015fik \u00e7al\u0131\u015f\u0131r. Bu sayede \u00fcr\u00fcnlerinizin ve \u00fcr\u00fcnleriniz i\u00e7in gerekli olan par\u00e7alar\u0131n zaman ekseni \u00fczerindeki yerini tespit edip \u00fcretim kaynaklar\u0131n\u0131 kolayl\u0131kla planlayabilirsiniz.<\/p>\n<p>Mod\u00fcl sayesinde, \u00dcretim sistemindeki malzeme kay\u0131tlar\u0131, \u00fcr\u00fcn a\u011fac\u0131 ve rota bilgilerini temel alarak, m\u00fc\u015fteri sipari\u015fleri, sat\u0131\u015f b\u00fct\u00e7esi, talep tahminleri, ba\u011f\u0131ms\u0131z ihtiya\u00e7lar gibi ihtiya\u00e7 olu\u015fturan elemanlar\u0131 g\u00f6zetip sat\u0131n alma istekleri, \u00fcretim planlar\u0131 ve transfer sipari\u015fleri gibi ihtiya\u00e7 giderici sistem \u00f6nerilerini otomatik olarak \u00fcretebilirsiniz.<\/p>\n<p><img decoding=\"async\" loading=\"lazy\" title=\"plan\" src=\"http:\/\/www.vegayazilim.com.tr\/wp-content\/uploads\/2012\/09\/plan.png\" alt=\"\" width=\"487\" height=\"338\" \/><\/p>\n<blockquote><p>Stok Maliyetinizi Azalt\u0131n<\/p><\/blockquote>\n<p>Mod\u00fcl\u00fcn en net getirisini azalan stoklar\u0131n\u0131zla g\u00f6receksiniz. Stoklar\u0131n\u0131z\u0131 yeteri kadar ve gereken zamanda temin etmeniz kolayla\u015faca\u011f\u0131 i\u00e7in gereksiz stok art\u0131\u015flar\u0131ndan kurtulabilirsiniz. \u00c7\u00fcnk\u00fc mod\u00fcl daima minimum teslim zaman\u0131 ve maliyet a\u00e7\u0131s\u0131ndan en uygun sat\u0131n alma miktarlar\u0131n\u0131 g\u00f6zeterek \u00fcretim ve sat\u0131n alma \u00f6nerilerini size sunar.<\/p>\n<blockquote><p>B\u00f6l\u00fcmleriniz Aras\u0131 Koordinasyonu Sa\u011flay\u0131n<\/p><\/blockquote>\n<p>VEGA WIN Malzeme \u0130htiya\u00e7 Planlamas\u0131 (MRP) Mod\u00fcl\u00fcn\u00fcn devreye al\u0131nmas\u0131ndan sonra \u015firketinizin sat\u0131\u015f, sat\u0131n alma, depo ve \u00fcretim b\u00f6l\u00fcmlerinin \u00e7ok daha verimli ve y\u00fcksek koordinasyon ile \u00e7al\u0131\u015fmalar\u0131 m\u00fcmk\u00fcn olur. \u0130lgili b\u00f6l\u00fcmlerde \u00e7al\u0131\u015fan personeliniz ve y\u00f6neticileriniz, ihtiya\u00e7 duyduklar\u0131 g\u00fcncel ve g\u00fcvenilir verileri do\u011frudan VEGA WIN sistemi \u00fczerinde alabilirler. Dolay\u0131s\u0131yla b\u00f6l\u00fcmler aras\u0131nda ge\u00e7, eksik veya yanl\u0131\u015f bilgi ak\u0131\u015f\u0131ndan kaynakl\u0131 \u00e7at\u0131\u015fmalar ortadan kalkar.<\/p>\n<blockquote><p>Kaynaklar\u0131n\u0131z\u0131 Planlayarak verimlili\u011finizi art\u0131r\u0131n<\/p><\/blockquote>\n<p>VEGA WIN Malzeme \u0130htiya\u00e7 Planlamas\u0131 (MRP) Mod\u00fcl\u00fc ile \u015firketinizdeki \u00fcretim faaliyetini daha etkin planlayabilirsiniz. Mod\u00fcl\u00fcn \u00fcretece\u011fi sat\u0131n alma istekleri ve \u00fcretim planlar\u0131 do\u011frultusunda gerekli malzemelerin zaman\u0131nda ve istenilen yerde olmas\u0131n\u0131n sa\u011flaman\u0131z \u00e7ok daha kolay olur. Sa\u011fl\u0131kl\u0131 planlama etkisini teslim tarihlerinizin k\u0131salmas\u0131 ve \u00fcretim verimlili\u011finizin artmas\u0131 olarak g\u00f6sterir. Vega Win de\u015firketinizin kurumsal kaynaklar\u0131n\u0131 ve di\u011fer planlamalar\u0131n\u0131z\u0131 kolayca yapars\u0131n\u0131z<\/p>\n<p>&nbsp;<\/p>\n<p><img decoding=\"async\" loading=\"lazy\" title=\"from\" src=\"http:\/\/www.vegayazilim.com.tr\/wp-content\/uploads\/2012\/09\/from.png\" alt=\"\" width=\"600\" height=\"385\" \/><\/p>\n<blockquote><p>Rekabet G\u00fcc\u00fcn\u00fcz\u00fc Art\u0131r\u0131n<\/p><\/blockquote>\n<p>Etkin planlama ve artan \u00fcretim verimlili\u011fi di\u011fer b\u00f6l\u00fcmlerin \u00fcretim planlama b\u00f6l\u00fcm\u00fcn\u00fcze olan g\u00fcvenini art\u0131r\u0131r. Bu durumun en \u00f6nemli faydas\u0131 biraz daha dolayl\u0131 yoldan sat\u0131\u015f ve pazarlama b\u00f6l\u00fcmleriniz \u00fczerinde ger\u00e7ekle\u015fir. M\u00fc\u015fteri ile direkt diyalog kuran bu b\u00f6l\u00fcmlerin arkalar\u0131ndaki g\u00fcce, yani \u00fcretim b\u00f6l\u00fcm\u00fcne artan g\u00fcvenleri, k\u0131sa s\u00fcre i\u00e7erisinde verece\u011finiz tekliflere ve sipari\u015flere yans\u0131r. Sonu\u00e7ta rekabet g\u00fcc\u00fcn\u00fcz artar.<\/p>\n<p>Kapsaml\u0131 Fonksiyonalite \u00a0olarak Planlama Detaylar\u0131<\/p>\n<table border=\"0\" cellspacing=\"0\" cellpadding=\"0\">\n<tbody>\n<tr>\n<td valign=\"top\">\n<ul>\n<li>\u00c7e\u015fitli parti b\u00fcy\u00fckl\u00fc\u011f\u00fc metotlar\u0131na g\u00f6re planlama\n<ul>\n<li>\u0130htiya\u00e7 kadar,<\/li>\n<li>Maksimum seviyeye kadar,<\/li>\n<li>Sabit miktar kadar<\/li>\n<li>Ekonomik parti b\u00fcy\u00fckl\u00fc\u011f\u00fc kadar<\/li>\n<li>Tedarik periyodu dengeleme miktar\u0131 kadar<\/li>\n<\/ul>\n<\/li>\n<li>Yeniden sipari\u015f stok seviyesine g\u00f6re planlama<\/li>\n<li>Deterministik metot ile gelecek d\u00f6nemlerde olu\u015fmas\u0131 beklenen taleplere g\u00f6re planlama<\/li>\n<li>Net De\u011fi\u015fim Planlama<\/li>\n<li>Tek malzeme planlama<\/li>\n<li>M\u00fc\u015fteriye \u00f6zel planlama<\/li>\n<li>G\u00fcnl\u00fck, Haftal\u0131k ve Ayl\u0131k periyotta planlama.<\/li>\n<li>\u00d6zel stok tipi y\u00f6netimi ile MRP d\u0131\u015f\u0131 stok tutabilme<\/li>\n<li>Fason, sat\u0131n al\u0131nan \u00fcretilen yada di\u011fer tesislerden sat\u0131n transfer edilen malzemelerin Planlanmas\u0131<\/li>\n<li>Malzeme baz\u0131nda sonu\u00e7lar\u0131n grafiksel g\u00f6sterimi.<\/li>\n<li>\u0130htiya\u00e7 Y\u00f6nlendirme (Alternatif malzeme kullan\u0131m\u0131)<\/li>\n<li>M\u00fc\u015fteri Sipari\u015fleri, Sat\u0131\u015f Tahminleri, Sat\u0131\u015f B\u00fct\u00e7esi verileriyle planlama<\/li>\n<li>Otomatik \u00fcretim planlarda de\u011fi\u015fiklik yada elle plan giri\u015f imkan\u0131<\/li>\n<li>Teslim tarihinden geriye do\u011fru planlama<\/li>\n<li>Bug\u00fcnden ileriye do\u011fru planlama<\/li>\n<li>Zaman parametreleri\n<ul>\n<li>\u00dcretim \u00d6ncesi Emniyet s\u00fcresi<\/li>\n<li>\u00dcretim Sonras\u0131 Emniyet s\u00fcresi<\/li>\n<li>Plan aral\u0131\u011f\u0131<\/li>\n<\/ul>\n<\/li>\n<li>Sonu\u00e7lar \u00fczerinde esnek raporlama<\/li>\n<li>Sipari\u015f durum raporu<\/li>\n<li>\u0130lgili di\u011fer mod\u00fcllerden MRP sonu\u00e7lar\u0131n\u0131 g\u00f6r\u00fcnt\u00fcleme<\/li>\n<li>Sat\u0131n alma istekleri ve \u00fcretim planlar\u0131n\u0131n sat\u0131n alma sipari\u015fi ve \u00fcretim emrine \u00e7evrilmesi<\/li>\n<li>MRP mesajlar\u0131 ile planlama \u00f6ncesi temel veri eksiklerinin tespiti<\/li>\n<li>Olu\u015fan planlar\u0131n \u00fcretim ve sat\u0131n alma b\u00f6l\u00fcmlerine iletilmesi \u00f6ncesi onay imkan\u0131<\/li>\n<\/ul>\n<\/td>\n<\/tr>\n<\/tbody>\n<\/table>\n<p>Teslimat s\u00fcrelerinin s\u00fcrekli k\u0131sald\u0131\u011f\u0131, maliyetlerin azald\u0131\u011f\u0131, m\u00fc\u015fteri bazl\u0131 \u00fcretimin yap\u0131ld\u0131\u011f\u0131 bir rekabet ortam\u0131nda tam zaman\u0131nda \u00fcretim y\u00f6netim sisteminin \u00e7a\u011fda\u015f bi\u00e7imde hayata ge\u00e7irilmesi firman\u0131z\u0131n sekt\u00f6r\u00fcn\u00fczde hak etti\u011fi yeri almas\u0131<strong><span class=\"Apple-converted-space\">\u00a0<\/span>Vega Yaz\u0131l\u0131m ile \u00e7ok Kolay.<\/strong><\/p>\n<p>Bu sekt\u00f6rde faaliyet g\u00f6steren firmalar i\u00e7in \u00f6nerilen \u00fcr\u00fcnlerimiz<span class=\"Apple-converted-space\">\u00a0<\/span><a title=\"Vega Win Pro+\" href=\"http:\/\/www.vegayazilim.com.tr\/?page_id=976\">VegaWinPro<\/a>+ ve<span class=\"Apple-converted-space\">\u00a0<\/span><a title=\"Lotiz\" href=\"http:\/\/www.vegayazilim.com.tr\/?page_id=1100\">Lotiz<\/a>\u2018dir.<\/p>\n","protected":false},"excerpt":{"rendered":"<p>\u00dcretim \u0130\u015fletmeleri Tekstil ve Haz\u0131r Giyim Mobilya \u00dcretim Hal\u0131 ve Kilim \u00dcretim G\u0131da \u00dcretim \u00dcretim\u2019de maksimum karl\u0131l\u0131\u011f\u0131 ve izlenebilirli\u011fi\u00a0 hedefleyen firmalardan gelen talepler do\u011frultusunda haz\u0131rlanan Vega Yaz\u0131l\u0131m \u00fcretim mod\u00fclleri Makina Aksam ve Par\u00e7a, G\u0131da \u00dcretimi,&#8230;<\/p>\n","protected":false},"author":1,"featured_media":0,"parent":0,"menu_order":0,"comment_status":"closed","ping_status":"closed","template":"","meta":[],"_links":{"self":[{"href":"https:\/\/www.veribilgisayar.com\/web\/wp-json\/wp\/v2\/pages\/236"}],"collection":[{"href":"https:\/\/www.veribilgisayar.com\/web\/wp-json\/wp\/v2\/pages"}],"about":[{"href":"https:\/\/www.veribilgisayar.com\/web\/wp-json\/wp\/v2\/types\/page"}],"author":[{"embeddable":true,"href":"https:\/\/www.veribilgisayar.com\/web\/wp-json\/wp\/v2\/users\/1"}],"replies":[{"embeddable":true,"href":"https:\/\/www.veribilgisayar.com\/web\/wp-json\/wp\/v2\/comments?post=236"}],"version-history":[{"count":3,"href":"https:\/\/www.veribilgisayar.com\/web\/wp-json\/wp\/v2\/pages\/236\/revisions"}],"predecessor-version":[{"id":239,"href":"https:\/\/www.veribilgisayar.com\/web\/wp-json\/wp\/v2\/pages\/236\/revisions\/239"}],"wp:attachment":[{"href":"https:\/\/www.veribilgisayar.com\/web\/wp-json\/wp\/v2\/media?parent=236"}],"curies":[{"name":"wp","href":"https:\/\/api.w.org\/{rel}","templated":true}]}}