{"id":234,"date":"2016-03-22T12:28:00","date_gmt":"2016-03-22T12:28:00","guid":{"rendered":"http:\/\/veribilgisayar.com\/web\/?page_id=234"},"modified":"2016-03-22T13:17:13","modified_gmt":"2016-03-22T13:17:13","slug":"otomotiv-oto-yedek-parca-servis-yazilimi-programi-cozumleri","status":"publish","type":"page","link":"https:\/\/www.veribilgisayar.com\/web\/otomotiv-oto-yedek-parca-servis-yazilimi-programi-cozumleri\/","title":{"rendered":"Otomotiv Sekt\u00f6r\u00fc \u00c7\u00f6z\u00fcmleri"},"content":{"rendered":"<h1>Oto Servis, Yedek Par\u00e7a ve Sat\u0131\u015f<br \/>\nOto Plaza<\/h1>\n<p><img decoding=\"async\" loading=\"lazy\" class=\"alignnone size-full wp-image-947\" title=\"yeldivider\" src=\"http:\/\/www.vegayazilim.com.tr\/wp-content\/uploads\/2012\/08\/yeldivider.png\" alt=\"\" width=\"281\" height=\"9\" \/><\/p>\n<p>T\u00fcrkiye\u2019de y\u00fczlerce otomotiv firmas\u0131nda \u00e7al\u0131\u015fan Vega Yaz\u0131l\u0131m \u00fcr\u00fcnleri oto plazalar i\u00e7in anahtar teslim \u00e7\u00f6z\u00fcmler sunmaktad\u0131r. Oto servis, sat\u0131\u015f ve yedek par\u00e7a departmanlar\u0131na kadar firman\u0131n farkl\u0131 birimlerini kontrol alt\u0131nda tutman\u0131z\u0131 sa\u011flar. G\u00fcnl\u00fck bir \u00e7ok i\u015flemin yap\u0131ld\u0131\u011f\u0131 b\u00f6yle bir firmada Vega Yaz\u0131l\u0131m\u2019\u0131n g\u00f6revi ise i\u015flemlerin en h\u0131zl\u0131 bi\u00e7imde tamamlanmas\u0131n\u0131 sa\u011flayarak i\u015f ak\u0131\u015f\u0131n\u0131 d\u00fczenli ve verimli k\u0131lmakt\u0131r.<\/p>\n<p>Oto Plaza otomasyonu ile;<\/p>\n<div class=\"ezcol ezcol-one-half\">\n<div>\u2022 Plakadan ara\u00e7 bak\u0131m takibi<br \/>\n\u2022 \u0130\u015f emri a\u00e7\u0131l\u0131m\u0131 ve takibi<br \/>\n\u2022 Sms ile ara\u00e7 bak\u0131m bildirimi<br \/>\n\u2022 Eksper rapor takibi ve saklanmas\u0131<br \/>\n\u2022 Sigorta alacaklar\u0131 ve durumu takibi<br \/>\n\u2022 Mu\u0308\u015fteri randevu takibi<br \/>\n\u2022 Kleim i\u015flemleri ve takibi<br \/>\n\u2022 Her marka oto yedek par\u00e7a stoklar\u0131n\u0131n otomatik vega\u2019ya transferi<br \/>\n\u2022 Barkodlu yedek par\u00e7a takibi ve el terminali say\u0131m i\u015flemleri<br \/>\n\u2022 Her s\u0131n\u0131f ve model oto i\u00e7in, ara\u00e7 tan\u0131t\u0131m kart\u0131<br \/>\n\u2022 Her tu\u0308r d\u00f6viz kuru u\u0308zerinden i\u015flem yap\u0131labilmesi<br \/>\n\u2022 Kar\/zarar analizleri<br \/>\n\u2022 Cari hesap bor\u00e7-alacak takipleri, geciken bor\u00e7lar \u2013alacaklar raporlar\u0131<br \/>\n\u2022 \u00c7ek\/senet-kredi kart\u0131 takibi<br \/>\n\u2022 Oto sat\u0131c\u0131lar\u0131na \u00f6zgu\u0308 al\u0131\u015f\/sat\u0131\u015f,resmi i\u015flemlerin takibi<br \/>\n\u2022 Farkl\u0131 ara\u00e7 tipleri i\u00e7in farkl\u0131 fatura dizayn\u0131<br \/>\n\u2022 Gu\u0308mru\u0308k vergisi,ta\u015f\u0131t al\u0131m vergisi,\u00d6.T.V gibi \u00f6zel i\u015flemler<br \/>\n\u2022 D\u00f6viz kurlar\u0131yla i\u015flem<br \/>\n\u2022 Gu\u0308nlu\u0308k, haftal\u0131k,y\u0131ll\u0131k yedek par\u00e7a,i\u015f\u00e7ilik raporlar\u0131<br \/>\n\u2022 Periyodik bak\u0131m raporu<br \/>\n\u2022 Yedek par\u00e7a envanter, maliyet de\u011fer raporlar\u0131<br \/>\n\u2022 \u0130lk gu\u0308nden itibaren ara\u00e7ta yap\u0131lan tu\u0308m bak\u0131mlar\u0131n listelendirilmesi gibi i\u015flemleri yapabilirsiniz.<\/div>\n<\/div>\n<div class=\"ezcol ezcol-one-half ezcol-last\">\n<p><a href=\"http:\/\/www.vegayazilim.com.tr\/wp-content\/uploads\/2012\/08\/RepairShop.jpg\" rel=\"wp-prettyPhoto[430]\"><img decoding=\"async\" loading=\"lazy\" class=\"alignnone size-full wp-image-1878\" title=\"RepairShop\" src=\"http:\/\/www.vegayazilim.com.tr\/wp-content\/uploads\/2012\/08\/RepairShop.jpg\" alt=\"\" width=\"350\" height=\"215\" \/><\/a>Bu sekt\u00f6rde faaliyet g\u00f6steren firmalar i\u00e7in \u00f6nerilen \u00e7\u00f6z\u00fcm\u00fcm\u00fcz<span class=\"Apple-converted-space\">\u00a0<\/span><a title=\"Vega Win Pro+\" href=\"http:\/\/www.vegayazilim.com.tr\/?page_id=976\"><em><strong>Vega Win Pro+<\/strong><\/em><\/a><span class=\"Apple-converted-space\">\u00a0<\/span>d\u0131r. Oto Plaza otomasyonu ile ilgili daha fazla bilgi almak i\u00e7in l\u00fctfen Ankara Merkez ofisimiz ile temasa ge\u00e7iniz.<\/p>\n<\/div>\n","protected":false},"excerpt":{"rendered":"<p>Oto Servis, Yedek Par\u00e7a ve Sat\u0131\u015f Oto Plaza T\u00fcrkiye\u2019de y\u00fczlerce otomotiv firmas\u0131nda \u00e7al\u0131\u015fan Vega Yaz\u0131l\u0131m \u00fcr\u00fcnleri oto plazalar i\u00e7in anahtar teslim \u00e7\u00f6z\u00fcmler sunmaktad\u0131r. Oto servis, sat\u0131\u015f ve yedek par\u00e7a departmanlar\u0131na kadar firman\u0131n farkl\u0131 birimlerini kontrol&#8230;<\/p>\n","protected":false},"author":1,"featured_media":0,"parent":0,"menu_order":0,"comment_status":"closed","ping_status":"closed","template":"","meta":[],"_links":{"self":[{"href":"https:\/\/www.veribilgisayar.com\/web\/wp-json\/wp\/v2\/pages\/234"}],"collection":[{"href":"https:\/\/www.veribilgisayar.com\/web\/wp-json\/wp\/v2\/pages"}],"about":[{"href":"https:\/\/www.veribilgisayar.com\/web\/wp-json\/wp\/v2\/types\/page"}],"author":[{"embeddable":true,"href":"https:\/\/www.veribilgisayar.com\/web\/wp-json\/wp\/v2\/users\/1"}],"replies":[{"embeddable":true,"href":"https:\/\/www.veribilgisayar.com\/web\/wp-json\/wp\/v2\/comments?post=234"}],"version-history":[{"count":2,"href":"https:\/\/www.veribilgisayar.com\/web\/wp-json\/wp\/v2\/pages\/234\/revisions"}],"predecessor-version":[{"id":260,"href":"https:\/\/www.veribilgisayar.com\/web\/wp-json\/wp\/v2\/pages\/234\/revisions\/260"}],"wp:attachment":[{"href":"https:\/\/www.veribilgisayar.com\/web\/wp-json\/wp\/v2\/media?parent=234"}],"curies":[{"name":"wp","href":"https:\/\/api.w.org\/{rel}","templated":true}]}}