{"id":230,"date":"2016-03-22T12:19:55","date_gmt":"2016-03-22T12:19:55","guid":{"rendered":"http:\/\/veribilgisayar.com\/web\/?page_id=230"},"modified":"2017-03-18T16:05:30","modified_gmt":"2017-03-18T16:05:30","slug":"giyim-sektoru-icin-yazilim-program-cozumleri","status":"publish","type":"page","link":"https:\/\/www.veribilgisayar.com\/web\/giyim-sektoru-icin-yazilim-program-cozumleri\/","title":{"rendered":"Giyim Sekt\u00f6r\u00fc i\u00e7in Yaz\u0131l\u0131m \u00c7\u00f6z\u00fcmleri"},"content":{"rendered":"<h1>Konfeksiyon ve Haz\u0131r Giyim<br \/>\nAyakkab\u0131 ve \u00c7anta<br \/>\n\u00c7orap \u00c7ama\u015f\u0131r<br \/>\nTuhafiyeciler<br \/>\nSpor Giyim ve Malzemeleri<\/h1>\n<p><img decoding=\"async\" loading=\"lazy\" class=\"alignnone\" src=\"http:\/\/www.vegayazilim.com.tr\/wp-content\/uploads\/2012\/08\/yeldivider.png\" alt=\"Vega Yaz\u0131l\u0131m Muhasebe Program\u0131\" width=\"365\" height=\"9\" \/><\/p>\n<p>Giyim Sekt\u00f6r\u00fc, Vega Yaz\u0131l\u0131m\u2019\u0131n ilk \u00e7\u00f6z\u00fcm geli\u015ftirdi\u011fi sekt\u00f6rd\u00fcr. T\u00fcrkiye\u2019de giyim sekt\u00f6r\u00fcnde i\u015f yapan binlerce firmada kullan\u0131lan i\u015fletme programlar\u0131m\u0131z\u0131n m\u00fc\u015fterilerimize getirmi\u015f olduklar\u0131 kolayl\u0131klara bir g\u00f6z at\u0131n.<\/p>\n<div class=\"ezcol ezcol-one-half\">\n<div>\n<ul>\n<li>S\u0131n\u0131rs\u0131z say\u0131da \u00fcr\u00fcn takibi<\/li>\n<li>Renk\/beden seviyesinde \u00fcr\u00fcn izleme<\/li>\n<li>Barkod ile sat\u0131\u015f i\u015flemleri<\/li>\n<li>Say\u0131m i\u015flemleri<\/li>\n<li>Depo transfer ve depo kabul i\u015flemleri<\/li>\n<li>\u00dcretici firmalar\u0131n barkod sistemlerinin ma\u011faza stok sistemine entegrasyonu<\/li>\n<li>Dokunmatik ekranl\u0131 kiosk ile reyon fi\u015fi d\u00fczenleme<\/li>\n<li>Dokunmatik ekranl\u0131 kiosk ile tadilat fi\u015fi d\u00fczenleme<\/li>\n<li>\u015eubeler aras\u0131 stok envanter-fiyat sorgulama<\/li>\n<li>Ma\u011faza g\u00fcnl\u00fck ciro takibi<\/li>\n<li>Ma\u011faza g\u00fcnl\u00fck kasa i\u015flemleri<\/li>\n<li>Sat\u0131\u015flar\u0131n nakit-kredi kart\u0131 ve al\u0131\u015fveri\u015f \u00e7eki\/hediye \u00e7ekleri ile yap\u0131lmas\u0131<\/li>\n<li>Taksitli sat\u0131\u015f i\u015flemleri<\/li>\n<li>Borcunu geciktiren m\u00fc\u015fteriler listelerinin haz\u0131rlanmas\u0131<\/li>\n<li>SMS ile m\u00fc\u015fteri bilgilendirme<\/li>\n<li>M\u00fc\u015fteri CRM bilgilerinin otomatik izlenmesi<\/li>\n<li>M\u00fc\u015fteri puan takibi yap\u0131lmas\u0131<\/li>\n<li>M\u00fc\u015fteri club card ve smart card ( chipli ak\u0131ll\u0131 kart ) uygulamalar\u0131<\/li>\n<li>Club card ya da smart card ile puan uygulamalar\u0131<\/li>\n<li>Kredi kart\u0131 taksit i\u015flemlerinin banka program\u0131 ile entegrasyon ( tahsilat zamanlar\u0131 ve komisyonlar\u0131n otomatik izlenmesi )<\/li>\n<li>Anla\u015fmal\u0131 bankalar ile Vega Program\u0131 banka i\u015flemlerinin otomasyonu<\/li>\n<li>Firmalara \u00f6demelerde kredi kart\u0131 kullan\u0131m\u0131 ve kredi kart\u0131 harcamalar\u0131n\u0131n hesap kesim tarihi ve \u00f6deme g\u00fcnlerinin otomatik izlenmesi<\/li>\n<li>Businness Score<\/li>\n<li>Anl\u0131k Patron Raporlar\u0131<\/li>\n<li>Birden fazla \u015fube anl\u0131k ciro izleme<\/li>\n<li>Anl\u0131k sat\u0131\u015f top 10 ,top 100 listelerinin izlenmesi<\/li>\n<li>En iyi satan marka, en iyi satan model raporlamas\u0131<\/li>\n<li>En iyi satan renk, en iyi satan beden raporlamas\u0131<\/li>\n<li>Hat kopma riski olan ma\u011fazalar i\u00e7in offline \u00e7al\u0131\u015fma se\u00e7ene\u011fi ( ba\u011flant\u0131 olmasa bile sat\u0131\u015f yapabilme )<\/li>\n<li>PC kullan\u0131m\u0131 ya da maliye onayl\u0131 yazar kasa\/pos kullan\u0131m\u0131<\/li>\n<\/ul>\n<\/div>\n<\/div>\n<div class=\"ezcol ezcol-one-half ezcol-last\"><a href=\"http:\/\/www.vegayazilim.com.tr\/wp-content\/uploads\/2012\/08\/jacket.jpg\" rel=\"wp-prettyPhoto[181]\"><img decoding=\"async\" loading=\"lazy\" title=\"Vega Yaz\u0131l\u0131m\" src=\"http:\/\/www.vegayazilim.com.tr\/wp-content\/uploads\/2012\/08\/jacket-300x214.jpg\" alt=\"Vega Yaz\u0131l\u0131m Muhasebe Program\u0131\" width=\"300\" height=\"214\" \/><\/a><\/div>\n<div class=\"ezcol-divider\"><\/div>\n<p>&nbsp;<\/p>\n<p><em><strong><a title=\"Vega Win Pro+\" href=\"http:\/\/veribilgisayar.com\/web\/urun\/fatura-stok-cari-programi\/\">Vega Winpro+<\/a><\/strong><\/em><span class=\"Apple-converted-space\">\u00a0<\/span>,<span class=\"Apple-converted-space\">\u00a0<\/span><a title=\"Vega ShopStar\" href=\"http:\/\/veribilgisayar.com\/web\/urun\/taksitli-pesin-satis-programi\/\"><em><strong>Shopstar<\/strong><\/em><\/a><span class=\"Apple-converted-space\">\u00a0<\/span>,<span class=\"Apple-converted-space\">\u00a0<\/span><em><strong>Faster<span class=\"Apple-converted-space\">\u00a0<\/span><\/strong><\/em>ve<span class=\"Apple-converted-space\">\u00a0<\/span><a title=\"onE ve onE+\" href=\"http:\/\/veribilgisayar.com\/web\/urun\/barkod-terazi-hizli-satis-programi\/\"><em><strong>Vega One<\/strong><\/em><\/a><span class=\"Apple-converted-space\">\u00a0<\/span>bu Sekt\u00f6rde hizmet veren firmalar i\u00e7in \u00f6nerilen \u00e7\u00f6z\u00fcmlerdir.\u00a0Daha fazla bilgi almak ve demo talebinde bulunmak i\u00e7in l\u00fctfen temasa ge\u00e7iniz. <a href=\"http:\/\/veribilgisayar.com\/web\/iletisim\/\">\u0130leti\u015fim i\u00e7in\u00a0T\u0131klay\u0131n<\/a><\/p>\n","protected":false},"excerpt":{"rendered":"<p>Konfeksiyon ve Haz\u0131r Giyim Ayakkab\u0131 ve \u00c7anta \u00c7orap \u00c7ama\u015f\u0131r Tuhafiyeciler Spor Giyim ve Malzemeleri Giyim Sekt\u00f6r\u00fc, Vega Yaz\u0131l\u0131m\u2019\u0131n ilk \u00e7\u00f6z\u00fcm geli\u015ftirdi\u011fi sekt\u00f6rd\u00fcr. T\u00fcrkiye\u2019de giyim sekt\u00f6r\u00fcnde i\u015f yapan binlerce firmada kullan\u0131lan i\u015fletme programlar\u0131m\u0131z\u0131n m\u00fc\u015fterilerimize getirmi\u015f olduklar\u0131&#8230;<\/p>\n","protected":false},"author":1,"featured_media":0,"parent":0,"menu_order":0,"comment_status":"closed","ping_status":"closed","template":"page-template-full.php","meta":[],"_links":{"self":[{"href":"https:\/\/www.veribilgisayar.com\/web\/wp-json\/wp\/v2\/pages\/230"}],"collection":[{"href":"https:\/\/www.veribilgisayar.com\/web\/wp-json\/wp\/v2\/pages"}],"about":[{"href":"https:\/\/www.veribilgisayar.com\/web\/wp-json\/wp\/v2\/types\/page"}],"author":[{"embeddable":true,"href":"https:\/\/www.veribilgisayar.com\/web\/wp-json\/wp\/v2\/users\/1"}],"replies":[{"embeddable":true,"href":"https:\/\/www.veribilgisayar.com\/web\/wp-json\/wp\/v2\/comments?post=230"}],"version-history":[{"count":5,"href":"https:\/\/www.veribilgisayar.com\/web\/wp-json\/wp\/v2\/pages\/230\/revisions"}],"predecessor-version":[{"id":317,"href":"https:\/\/www.veribilgisayar.com\/web\/wp-json\/wp\/v2\/pages\/230\/revisions\/317"}],"wp:attachment":[{"href":"https:\/\/www.veribilgisayar.com\/web\/wp-json\/wp\/v2\/media?parent=230"}],"curies":[{"name":"wp","href":"https:\/\/api.w.org\/{rel}","templated":true}]}}