{"id":220,"date":"2016-03-22T07:50:50","date_gmt":"2016-03-22T07:50:50","guid":{"rendered":"http:\/\/veribilgisayar.com\/web\/?page_id=220"},"modified":"2016-03-22T14:08:49","modified_gmt":"2016-03-22T14:08:49","slug":"manav-uygulamasi","status":"publish","type":"page","link":"https:\/\/www.veribilgisayar.com\/web\/manav-uygulamasi\/","title":{"rendered":"Manav Uygulamas\u0131"},"content":{"rendered":"<p>Veri Bilgisayar\u00a0Manavlara;<br \/>\nOffline ve online \u00e7al\u0131\u015fabilme \u00f6zelli\u011fine sahip, g\u00fcn\u00fcm\u00fcz teknolojilerine entegre, pe\u015fin ve cari hesaba h\u0131zl\u0131 sat\u0131\u015f yapabilmeyi sa\u011flayan \u00fcr\u00fcn\u00fc ile kar\u015f\u0131n\u0131zda\u2026 Bu \u00fcr\u00fcn\u00fcm\u00fcz Sat\u0131\u015f fi\u015fi veya fatura kesimini kolayla\u015ft\u0131r\u0131r. Normal ve dokunmatik ekran\u00a0bilgisayar kullan\u0131labilir. Digital m\u00fc\u015fteri g\u00f6stergesi ve m\u00fc\u015fteri fi\u015fi verebilme, Barkodlu veya direk ba\u011fl\u0131 terazilerle ba\u011flant\u0131 \u00f6zelli\u011fine sahiptir.<br \/>\nK\u0131sacas\u0131; \u0130\u015fletmenizin ihtiyac\u0131 olan her \u015feyi size sunmaktad\u0131r.<\/p>\n<p><a href=\"http:\/\/www.vegayazilim.com.tr\/wp-content\/uploads\/2013\/12\/fastermanav.png\" rel=\"wp-prettyPhoto[2557]\"><img decoding=\"async\" loading=\"lazy\" class=\"aligncenter wp-image-2558\" title=\"fastermanav\" src=\"http:\/\/www.vegayazilim.com.tr\/wp-content\/uploads\/2013\/12\/fastermanav-1024x626.png\" alt=\"\" width=\"666\" height=\"407\" \/><\/a><\/p>\n","protected":false},"excerpt":{"rendered":"<p>Veri Bilgisayar\u00a0Manavlara; Offline ve online \u00e7al\u0131\u015fabilme \u00f6zelli\u011fine sahip, g\u00fcn\u00fcm\u00fcz teknolojilerine entegre, pe\u015fin ve cari hesaba h\u0131zl\u0131 sat\u0131\u015f yapabilmeyi sa\u011flayan \u00fcr\u00fcn\u00fc ile kar\u015f\u0131n\u0131zda\u2026 Bu \u00fcr\u00fcn\u00fcm\u00fcz Sat\u0131\u015f fi\u015fi veya fatura kesimini kolayla\u015ft\u0131r\u0131r. Normal ve dokunmatik ekran\u00a0bilgisayar kullan\u0131labilir&#8230;.<\/p>\n","protected":false},"author":1,"featured_media":0,"parent":0,"menu_order":0,"comment_status":"closed","ping_status":"closed","template":"","meta":[],"_links":{"self":[{"href":"https:\/\/www.veribilgisayar.com\/web\/wp-json\/wp\/v2\/pages\/220"}],"collection":[{"href":"https:\/\/www.veribilgisayar.com\/web\/wp-json\/wp\/v2\/pages"}],"about":[{"href":"https:\/\/www.veribilgisayar.com\/web\/wp-json\/wp\/v2\/types\/page"}],"author":[{"embeddable":true,"href":"https:\/\/www.veribilgisayar.com\/web\/wp-json\/wp\/v2\/users\/1"}],"replies":[{"embeddable":true,"href":"https:\/\/www.veribilgisayar.com\/web\/wp-json\/wp\/v2\/comments?post=220"}],"version-history":[{"count":2,"href":"https:\/\/www.veribilgisayar.com\/web\/wp-json\/wp\/v2\/pages\/220\/revisions"}],"predecessor-version":[{"id":223,"href":"https:\/\/www.veribilgisayar.com\/web\/wp-json\/wp\/v2\/pages\/220\/revisions\/223"}],"wp:attachment":[{"href":"https:\/\/www.veribilgisayar.com\/web\/wp-json\/wp\/v2\/media?parent=220"}],"curies":[{"name":"wp","href":"https:\/\/api.w.org\/{rel}","templated":true}]}}