{"id":218,"date":"2016-03-22T07:43:46","date_gmt":"2016-03-22T07:43:46","guid":{"rendered":"http:\/\/veribilgisayar.com\/web\/?page_id=218"},"modified":"2017-03-18T16:04:16","modified_gmt":"2017-03-18T16:04:16","slug":"gida-sektoru-manav-pastane-kuruyemis-market-aktar-sarkuteri-yazilimi-programi-cozumlerimiz","status":"publish","type":"page","link":"https:\/\/www.veribilgisayar.com\/web\/gida-sektoru-manav-pastane-kuruyemis-market-aktar-sarkuteri-yazilimi-programi-cozumlerimiz\/","title":{"rendered":"G\u0131da Sekt\u00f6r\u00fc \u00c7\u00f6z\u00fcmlerimiz"},"content":{"rendered":"<h1><a href=\"http:\/\/veribilgisayar.com\/web\/manav-uygulamasi\/\">Manavlar<\/a><br \/>\n<a href=\"http:\/\/veribilgisayar.com\/web\/pastane-uygulamasi\/\">Pastaneler<\/a><br \/>\n<a href=\"http:\/\/veribilgisayar.com\/web\/kuruyemis-aktar-yazilimi-programi-uygulamasi\/\">Kuruyemi\u015f ve Aktarlar<\/a><br \/>\nMarket ve \u015eark\u00fcteri<br \/>\n\u0130htiya\u00e7 Maddesi Da\u011f\u0131t\u0131c\u0131lar\u0131<br \/>\nGazete Tekel Bayileri<\/h1>\n<p><img decoding=\"async\" loading=\"lazy\" class=\"alignnone\" title=\"Vega Yaz\u0131l\u0131m Muhasebe Program\u0131\" src=\"http:\/\/www.vegayazilim.com.tr\/wp-content\/uploads\/2012\/08\/yeldivider.png\" alt=\"Vega Yaz\u0131l\u0131m Muhasebe Program\u0131\" width=\"281\" height=\"9\" \/><\/p>\n<p>1998\u2032den beri g\u0131da sekt\u00f6r\u00fcne \u00e7\u00f6z\u00fcmler \u00fcreten firmam\u0131z, bu konuda T\u00fcrkiye\u2019de ve \u00e7evre \u00fclkelerde kendisine \u00f6nemli bir yer edinmi\u015ftir. G\u0131da firmalar\u0131 ile bire bir ili\u015fkiler le geli\u015ftirdi\u011fimiz otomasyon sistemlerimiz G\u0131da sekt\u00f6r\u00fcnde hizmet veren b\u00fct\u00fcn firmalarda kullanabilir.G\u0131da sekt\u00f6r\u00fcnde faaliyet g\u00f6steren firmalar\u0131n ortak talepleri do\u011frultusunda geli\u015ftirilen programlar\u0131m\u0131zda;<\/p>\n<div class=\"ezcol ezcol-three-fifth\">\n<div>\n<ul>\n<li>S\u0131n\u0131rs\u0131z say\u0131da \u00fcr\u00fcn takibi<\/li>\n<li>Barkod ile sat\u0131\u015f i\u015flemleri<\/li>\n<li>Tart\u0131l\u0131 ( gramajl\u0131 ) \u00fcr\u00fcnler<\/li>\n<li>Muadil \u00fcr\u00fcnler<\/li>\n<li>Alternatif \u00fcr\u00fcnler<\/li>\n<li>Promosyon \u00fcr\u00fcnler<\/li>\n<li>Kampanyal\u0131 \u00fcr\u00fcnler<\/li>\n<li>Mal fazlas\u0131<\/li>\n<li>Say\u0131m i\u015flemleri<\/li>\n<li>Depo transfer ve depo kabul i\u015flemleri<\/li>\n<li>Depo kabul ve transfer i\u015flemlerinde ve say\u0131mlarda<\/li>\n<li>El terminali kullan\u0131m\u0131<\/li>\n<li>\u00dcretici firmalar\u0131n barkod sistemlerinin ma\u011faza stok sistemine entegrasyonu<\/li>\n<li>Fiyat g\u00f6r<\/li>\n<li>Ma\u011faza g\u00fcnl\u00fck ciro<\/li>\n<li>Ma\u011faza g\u00fcnl\u00fck kasa i\u015flemleri<\/li>\n<li>Sat\u0131\u015flar\u0131n nakit-kredi kart\u0131 ve al\u0131\u015fveri\u015f \u00e7eki\/hediye \u00e7ekleri ile yap\u0131lmas\u0131<\/li>\n<li>Fatural\u0131 sat\u0131\u015f i\u015flemleri<\/li>\n<li>Y.kasa fi\u015fi ile sat\u0131\u015flar<\/li>\n<li>A\u00e7\u0131k hesap sat\u0131\u015f i\u015flemleri<\/li>\n<li>Farkl\u0131 saatlerde farkl\u0131 fiyattan sat\u0131\u015f i\u015flemleri<\/li>\n<li>Farkl\u0131 \u015fubelerde farkl\u0131 fiyattan sat\u0131\u015f i\u015flemleri<\/li>\n<li>SMS ile m\u00fc\u015fteri bilgilendirme<\/li>\n<li>M\u00fc\u015fteri CRM bilgilerinin otomatik izlenmesi<\/li>\n<li>M\u00fc\u015fteri puan takibi yap\u0131lmas\u0131<\/li>\n<li>M\u00fc\u015fteri club card ve smart card ( chipli ak\u0131ll\u0131 kart ) uygulamalar\u0131<\/li>\n<li>Club card ya da smart card ile puan uygulamalar\u0131<\/li>\n<li>Kredi kart\u0131 taksit i\u015flemlerinin banka program\u0131 ile entegrasyon ( tahsilat zamanlar\u0131 ve komisyonlar\u0131n otomatik izlenmesi )<\/li>\n<li>Anla\u015fmal\u0131 bankalar ile Vega program\u0131 banka i\u015flemlerinin otomasyonu<\/li>\n<li>Firmalara \u00f6demelerde kredi kart\u0131 kullan\u0131m\u0131 ve kredi kart\u0131 harcamalar\u0131n\u0131n hesap kesim tarihi ve \u00f6deme g\u00fcnlerinin otomatik izlenmesi<\/li>\n<li>Businness Score<\/li>\n<li>Anl\u0131k patron raporlar\u0131<\/li>\n<li>Birden fazla \u015fube anl\u0131k ciro izleme<\/li>\n<li>Anl\u0131k sat\u0131\u015f top 10 ,top 100 listelerinin izlenmesi<\/li>\n<li>En iyi satan marka, en iyi satan \u00fcr\u00fcn raporlamas\u0131<\/li>\n<li>Stok devir h\u0131zlar\u0131n\u0131n izlenmesi<\/li>\n<li>Et karkas takibi ve fire takipleri<\/li>\n<li>Market al\u0131\u015f anla\u015fmalar\u0131n\u0131n haz\u0131rlanmas\u0131<\/li>\n<li>Hizmet bedeli-insert bedeli-gondol bedeli ve benzeri anla\u015fmalar\u0131n haz\u0131rlanmas\u0131<\/li>\n<li>Fiyat fark\u0131 faturalar\u0131n\u0131n haz\u0131rlanmas\u0131<\/li>\n<li>D\u00f6nem sonu fiyat fark\u0131 bedellerinin maliyetlere yans\u0131t\u0131lmas\u0131<\/li>\n<li>Ve pek \u00e7ok raporlama<\/li>\n<li>Hat kopma riski olan ma\u011fazalar i\u00e7in offline \u00e7al\u0131\u015fma se\u00e7ene\u011fi ( ba\u011flant\u0131 olmasa bile sat\u0131\u015f yapabilme )<\/li>\n<li>PC kullan\u0131m\u0131 ya da maliye onayl\u0131 yazar kasa\/pos kullan\u0131m\u0131<\/li>\n<li>Her marka y.kasa-pos ve terazi ile haberle\u015febilme m\u00fcmk\u00fcnd\u00fcr.<\/li>\n<\/ul>\n<\/div>\n<\/div>\n<div class=\"ezcol ezcol-two-fifth ezcol-last\">\n<p><a href=\"http:\/\/www.vegayazilim.com.tr\/wp-content\/uploads\/2012\/08\/grocery.jpg\" rel=\"wp-prettyPhoto[125]\"><img decoding=\"async\" loading=\"lazy\" class=\"alignnone wp-image-1845\" title=\"grocery\" src=\"http:\/\/www.vegayazilim.com.tr\/wp-content\/uploads\/2012\/08\/grocery-300x199.jpg\" alt=\"Vega Yaz\u0131l\u0131m Muhasebe Program\u0131\" width=\"300\" height=\"199\" \/><\/a><\/p>\n<p><em><strong><a title=\"Vega Win Pro+\" href=\"http:\/\/veribilgisayar.com\/web\/urun\/fatura-stok-cari-programi\/\">Vega Winpro+<\/a><\/strong><\/em><span class=\"Apple-converted-space\">\u00a0<\/span>,<span class=\"Apple-converted-space\">\u00a0<\/span><a title=\"Vega ShopStar\" href=\"http:\/\/veribilgisayar.com\/web\/urun\/taksitli-pesin-satis-programi\/\"><em><strong>Shopstar<\/strong><\/em><\/a><span class=\"Apple-converted-space\">\u00a0<\/span>,<span class=\"Apple-converted-space\">\u00a0<\/span><a title=\"onE ve onE+\" href=\"http:\/\/veribilgisayar.com\/web\/urun\/barkod-terazi-hizli-satis-programi\/\"><em><strong>Vega One<\/strong><\/em><\/a><span class=\"Apple-converted-space\">\u00a0<\/span>ve<span class=\"Apple-converted-space\">\u00a0<\/span><em><strong><a title=\"Armada\" href=\"http:\/\/veribilgisayar.com\/web\/urun\/el-terminali-ile-aracta-satis\/\">Armada<span class=\"Apple-converted-space\">\u00a0<\/span><\/a><\/strong><\/em>bu Sekt\u00f6rde hizmet veren firmalar i\u00e7in \u00f6nerilen \u00e7\u00f6z\u00fcmlerdir. Winpro+ detayl\u0131 paket olup y\u00fcksek hacimde i\u00e7 yapan firmalar i\u00e7in, Shopstar orta \u00f6l\u00e7ek hacmine sahip firmalar i\u00e7in ve One ise k\u00fc\u00e7\u00fck hacime sahip firmalar i\u00e7in tasarlanm\u0131\u015ft\u0131r. Armada ise el terminali ile sat\u0131\u015f otomasyonudur. Toptan G\u0131da da\u011f\u0131t\u0131m\u0131 yapan ve depolama yapan firmalar i\u00e7in tasarlanm\u0131\u015ft\u0131r. Daha fazla bilgi almak ve demo talebinde bulunmak i\u00e7in l\u00fctfen temasa ge\u00e7iniz. <a href=\"http:\/\/veribilgisayar.com\/web\/iletisim\/\">\u0130leti\u015fim i\u00e7in\u00a0T\u0131klay\u0131n<\/a><\/p>\n<\/div>\n<div class=\"ezcol-divider\"><\/div>\n<p>&nbsp;<\/p>\n","protected":false},"excerpt":{"rendered":"<p>Manavlar Pastaneler Kuruyemi\u015f ve Aktarlar Market ve \u015eark\u00fcteri \u0130htiya\u00e7 Maddesi Da\u011f\u0131t\u0131c\u0131lar\u0131 Gazete Tekel Bayileri 1998\u2032den beri g\u0131da sekt\u00f6r\u00fcne \u00e7\u00f6z\u00fcmler \u00fcreten firmam\u0131z, bu konuda T\u00fcrkiye\u2019de ve \u00e7evre \u00fclkelerde kendisine \u00f6nemli bir yer edinmi\u015ftir. G\u0131da firmalar\u0131 ile&#8230;<\/p>\n","protected":false},"author":1,"featured_media":0,"parent":0,"menu_order":0,"comment_status":"closed","ping_status":"closed","template":"page-template-full.php","meta":[],"_links":{"self":[{"href":"https:\/\/www.veribilgisayar.com\/web\/wp-json\/wp\/v2\/pages\/218"}],"collection":[{"href":"https:\/\/www.veribilgisayar.com\/web\/wp-json\/wp\/v2\/pages"}],"about":[{"href":"https:\/\/www.veribilgisayar.com\/web\/wp-json\/wp\/v2\/types\/page"}],"author":[{"embeddable":true,"href":"https:\/\/www.veribilgisayar.com\/web\/wp-json\/wp\/v2\/users\/1"}],"replies":[{"embeddable":true,"href":"https:\/\/www.veribilgisayar.com\/web\/wp-json\/wp\/v2\/comments?post=218"}],"version-history":[{"count":5,"href":"https:\/\/www.veribilgisayar.com\/web\/wp-json\/wp\/v2\/pages\/218\/revisions"}],"predecessor-version":[{"id":315,"href":"https:\/\/www.veribilgisayar.com\/web\/wp-json\/wp\/v2\/pages\/218\/revisions\/315"}],"wp:attachment":[{"href":"https:\/\/www.veribilgisayar.com\/web\/wp-json\/wp\/v2\/media?parent=218"}],"curies":[{"name":"wp","href":"https:\/\/api.w.org\/{rel}","templated":true}]}}