{"id":216,"date":"2016-03-22T07:36:38","date_gmt":"2016-03-22T07:36:38","guid":{"rendered":"http:\/\/veribilgisayar.com\/web\/?page_id=216"},"modified":"2019-02-27T13:10:29","modified_gmt":"2019-02-27T13:10:29","slug":"elektronik-sektoru-yazilim-program-cozumlerimiz","status":"publish","type":"page","link":"https:\/\/www.veribilgisayar.com\/web\/elektronik-sektoru-yazilim-program-cozumlerimiz\/","title":{"rendered":"Elektronik Sekt\u00f6r\u00fc \u00c7\u00f6z\u00fcmlerimiz"},"content":{"rendered":"<h1>Elektronik E\u015fya<br \/>\nGsm Ma\u011fazalar\u0131<br \/>\nBeyaz E\u015fya Ma\u011fazalar\u0131<\/h1>\n<p><img decoding=\"async\" loading=\"lazy\" class=\"alignnone wp-image-947\" title=\"yeldivider\" src=\"http:\/\/www.vegayazilim.com.tr\/wp-content\/uploads\/2012\/08\/yeldivider.png\" alt=\"Vega Yaz\u0131l\u0131m Muhasebe Program\u0131\" width=\"281\" height=\"9\"><\/p>\n<p>Elektronik, GSM ve Beyaz E\u015fya satan firmalar i\u00e7in geli\u015ftirmi\u015f oldu\u011fumuz programlar\u0131m\u0131zda bulunan ortak \u00f6zellikler a\u015fa\u011f\u0131da listelenmi\u015ftir. Firman\u0131z\u0131n ihtiya\u00e7lar\u0131na ve i\u015flem hacmine bak\u0131larak en uygun se\u00e7imi yapman\u0131zda Vega Yaz\u0131l\u0131m\u2019\u0131n uzman kardosu sizlere yard\u0131mc\u0131 olacaklard\u0131r. Bu sekt\u00f6rde faaliyet g\u00f6steren firmalar\u0131n ortak talepleri do\u011frultusunda haz\u0131rlanan programlar\u0131m\u0131zda;<\/p>\n<div class=\"ezcol ezcol-one-half\">\n<div>\n<ul>\n<li>Sinirsiz sayida \u00fcr\u00fcn takibi<\/li>\n<li>Marka-model seviyesinde \u00fcr\u00fcn izleme<\/li>\n<li>Seri numarasi takibi<\/li>\n<li>Gsm Magazalarinda (IMEI) numarasi ile takip<\/li>\n<li>Barkod ile satis islemleri<\/li>\n<li>Sayim islemleri<\/li>\n<li>Depo transfer ve depo kabul islemleri<\/li>\n<li>\u00dcretici firmalarin barkod sistemlerinin magaza stok sistemine entegrasyonu<\/li>\n<li>Dokunmatik ekranli kiosk ile reyon fisi d\u00fczenleme<\/li>\n<li>Subeler arasi stok envanter-fiyat sorgulama<\/li>\n<li>Magaza g\u00fcnl\u00fck ciro<\/li>\n<li>Magaza g\u00fcnl\u00fck kasa islemleri<\/li>\n<li>Satislarin nakit-kredi karti ve alisveris \u00e7eki\/hediye \u00e7ekleri ile yapilmasi<\/li>\n<li>Taksitli satis islemleri<\/li>\n<li>Borcunu geciktiren m\u00fcsteriler listelerinin hazirlanmasi<\/li>\n<li>SMS ile m\u00fcsteri bilgilendirme<\/li>\n<li>M\u00fcsteri CRM bilgilerinin otomatik izlenmesi<\/li>\n<li>M\u00fcsteri puan takibi yapilmasi<\/li>\n<li>M\u00fcsteri club card ve smart card ( chipli akilli kart ) uygulamalari<\/li>\n<li>Club card ya da smart card ile puan uygulamalari<\/li>\n<li>Kredi karti taksit islemlerinin banka programi ile entegrasyon ( tahsilat zamanlari ve komisyonlarin otomatik izlenmesi )<\/li>\n<li>Anlasmali bankalar ile Vega programi banka islemlerinin otomasyonu<\/li>\n<li>Firmalara \u00f6demelerde kredi karti kullanimi ve kredi karti harcamalarinin hesap kesim tarihi ve \u00f6deme g\u00fcnlerinin otomatik izlenmesi<\/li>\n<li>Businness Score<\/li>\n<li>Anlik patron raporlari<\/li>\n<li>Birden fazla sube anlik ciro izleme<\/li>\n<li>Anlik satis top 10 ,top 100 listelerinin izlenmesi<\/li>\n<li>En iyi satan marka, en iyi satan model raporlamasi<\/li>\n<li>En iyi satan \u00fcr\u00fcn raporlamasi<\/li>\n<li>Hat kopma riski olan magazalar i\u00e7in offline \u00e7alisma se\u00e7enegi ( baglanti olmasa bile satis yapabilme )<\/li>\n<li>PC kullanimi ya da maliye onayli yazar kasa\/pos kullanimi m\u00fcmk\u00fcnd\u00fcr<\/li>\n<\/ul>\n<\/div>\n<\/div>\n<div class=\"ezcol ezcol-one-quarter\">\n<p>&nbsp;<\/p>\n<p><span class=\"alignnone size-medium wp-image-1824\"><img decoding=\"async\" loading=\"lazy\" class=\"alignnone size-medium wp-image-1824\" title=\"instore\" src=\"http:\/\/www.vegayazilim.com.tr\/wp-content\/uploads\/2012\/08\/instore-300x225.jpg\" alt=\"Vega Yaz\u0131l\u0131m Muhasebe Program\u0131\" width=\"300\" height=\"225\"><\/span><\/p>\n<p>&nbsp;<\/p>\n<\/div>\n<div class=\"ezcol ezcol-one-quarter ezcol-last\"><\/div>\n<div class=\"ezcol-divider\"><\/div>\n<p title=\"Vega Win Pro+\"><em><strong><a title=\"Vega Win Pro+\" href=\"http:\/\/veribilgisayar.com\/web\/urun\/fatura-stok-cari-programi\/\">Vega Winpro+<\/a><\/strong><\/em><span class=\"Apple-converted-space\">&nbsp;<\/span>,<span class=\"Apple-converted-space\">&nbsp;<\/span><a title=\"Vega ShopStar\" href=\"http:\/\/veribilgisayar.com\/web\/urun\/taksitli-pesin-satis-programi\/\"><em><strong>Shopstar<\/strong><\/em><\/a><span class=\"Apple-converted-space\">&nbsp;<\/span>ve<span class=\"Apple-converted-space\">&nbsp;<\/span><a title=\"onE ve onE+\" href=\"http:\/\/veribilgisayar.com\/web\/urun\/barkod-terazi-hizli-satis-programi\/\"><em><strong>Vega One<\/strong><\/em><\/a><span class=\"Apple-converted-space\">&nbsp;<\/span>bu Sekt\u00f6rde hizmet veren firmalar i\u00e7in \u00f6nerilen \u00e7\u00f6z\u00fcmlerdir. Winpro+ detayl\u0131 paket olup y\u00fcksek hacimde i\u00e7 yapan firmalar i\u00e7in, Shopstar orta \u00f6l\u00e7ek hacmine sahip firmalar i\u00e7in ve One ise k\u00fc\u00e7\u00fck hacime sahip firmalar i\u00e7in tasarlanm\u0131\u015ft\u0131r. Daha fazla bilgi almak ve demo talebinde bulunmak i\u00e7in l\u00fctfen temasa ge\u00e7iniz. <a href=\"http:\/\/veribilgisayar.com\/web\/iletisim\/\">\u0130leti\u015fim i\u00e7in&nbsp;T\u0131klay\u0131n<\/a><\/p>\n","protected":false},"excerpt":{"rendered":"<p>Elektronik E\u015fya Gsm Ma\u011fazalar\u0131 Beyaz E\u015fya Ma\u011fazalar\u0131 Elektronik, GSM ve Beyaz E\u015fya satan firmalar i\u00e7in geli\u015ftirmi\u015f oldu\u011fumuz programlar\u0131m\u0131zda bulunan ortak \u00f6zellikler a\u015fa\u011f\u0131da listelenmi\u015ftir. Firman\u0131z\u0131n ihtiya\u00e7lar\u0131na ve i\u015flem hacmine bak\u0131larak en uygun se\u00e7imi yapman\u0131zda Vega Yaz\u0131l\u0131m\u2019\u0131n&#8230;<\/p>\n","protected":false},"author":1,"featured_media":543,"parent":0,"menu_order":0,"comment_status":"closed","ping_status":"closed","template":"page-template-full.php","meta":[],"_links":{"self":[{"href":"https:\/\/www.veribilgisayar.com\/web\/wp-json\/wp\/v2\/pages\/216"}],"collection":[{"href":"https:\/\/www.veribilgisayar.com\/web\/wp-json\/wp\/v2\/pages"}],"about":[{"href":"https:\/\/www.veribilgisayar.com\/web\/wp-json\/wp\/v2\/types\/page"}],"author":[{"embeddable":true,"href":"https:\/\/www.veribilgisayar.com\/web\/wp-json\/wp\/v2\/users\/1"}],"replies":[{"embeddable":true,"href":"https:\/\/www.veribilgisayar.com\/web\/wp-json\/wp\/v2\/comments?post=216"}],"version-history":[{"count":7,"href":"https:\/\/www.veribilgisayar.com\/web\/wp-json\/wp\/v2\/pages\/216\/revisions"}],"predecessor-version":[{"id":563,"href":"https:\/\/www.veribilgisayar.com\/web\/wp-json\/wp\/v2\/pages\/216\/revisions\/563"}],"wp:featuredmedia":[{"embeddable":true,"href":"https:\/\/www.veribilgisayar.com\/web\/wp-json\/wp\/v2\/media\/543"}],"wp:attachment":[{"href":"https:\/\/www.veribilgisayar.com\/web\/wp-json\/wp\/v2\/media?parent=216"}],"curies":[{"name":"wp","href":"https:\/\/api.w.org\/{rel}","templated":true}]}}