{"id":213,"date":"2016-03-22T07:33:57","date_gmt":"2016-03-22T07:33:57","guid":{"rendered":"http:\/\/veribilgisayar.com\/web\/?page_id=213"},"modified":"2017-02-25T10:10:35","modified_gmt":"2017-02-25T10:10:35","slug":"cozumlerimiz","status":"publish","type":"page","link":"https:\/\/www.veribilgisayar.com\/web\/cozumlerimiz\/","title":{"rendered":"\u00c7\u00f6z\u00fcmlerimiz"},"content":{"rendered":"<ul>\n<li><a href=\"http:\/\/veribilgisayar.com\/web\/elektronik-sektoru-yazilim-program-cozumlerimiz\/\">Elektronik Sekt\u00f6r\u00fc \u00c7\u00f6z\u00fcmlerimiz<\/a><\/li>\n<li><a href=\"http:\/\/veribilgisayar.com\/web\/gida-sektoru-manav-pastane-kuruyemis-market-aktar-sarkuteri-yazilimi-programi-cozumlerimiz\/\">G\u0131da Sekt\u00f6r\u00fc \u00c7\u00f6z\u00fcmlerimiz<\/a><\/li>\n<li><a href=\"http:\/\/veribilgisayar.com\/web\/giyim-sektoru-icin-yazilim-program-cozumleri\/\">Giyim Sekt\u00f6r\u00fc i\u00e7in Yaz\u0131l\u0131m \u00c7\u00f6z\u00fcmleri<\/a><\/li>\n<li><a href=\"http:\/\/veribilgisayar.com\/web\/restaurant-sektoru-cozumleri\/\">Restaurant Sekt\u00f6r\u00fc \u00c7\u00f6z\u00fcmleri<\/a><\/li>\n<li><a href=\"http:\/\/veribilgisayar.com\/web\/otomotiv-oto-yedek-parca-servis-yazilimi-programi-cozumleri\/\">Otomotiv Sekt\u00f6r\u00fc \u00c7\u00f6z\u00fcmleri<\/a><\/li>\n<li><a href=\"http:\/\/veribilgisayar.com\/web\/uretim-fabrika-yazilimi-programi-uygulamasi\/\">\u00dcretim Fabrika Uygulamas\u0131<\/a><\/li>\n<li><a href=\"http:\/\/veribilgisayar.com\/web\/otel-on-ofis-ve-pazarlama-uygulamasi\/\">Otel \u00d6n Ofis ve Pazarlama Uygulamas\u0131<\/a><\/li>\n<li><a href=\"http:\/\/veribilgisayar.com\/web\/diger-sektor-uygulamalari\/\">Di\u011fer Sekt\u00f6r Uygulamalar\u0131<\/a><\/li>\n<\/ul>\n","protected":false},"excerpt":{"rendered":"<p>Elektronik Sekt\u00f6r\u00fc \u00c7\u00f6z\u00fcmlerimiz G\u0131da Sekt\u00f6r\u00fc \u00c7\u00f6z\u00fcmlerimiz Giyim Sekt\u00f6r\u00fc i\u00e7in Yaz\u0131l\u0131m \u00c7\u00f6z\u00fcmleri Restaurant Sekt\u00f6r\u00fc \u00c7\u00f6z\u00fcmleri Otomotiv Sekt\u00f6r\u00fc \u00c7\u00f6z\u00fcmleri \u00dcretim Fabrika Uygulamas\u0131 Otel \u00d6n Ofis ve Pazarlama Uygulamas\u0131 Di\u011fer Sekt\u00f6r Uygulamalar\u0131<\/p>\n","protected":false},"author":1,"featured_media":0,"parent":0,"menu_order":0,"comment_status":"closed","ping_status":"closed","template":"","meta":[],"_links":{"self":[{"href":"https:\/\/www.veribilgisayar.com\/web\/wp-json\/wp\/v2\/pages\/213"}],"collection":[{"href":"https:\/\/www.veribilgisayar.com\/web\/wp-json\/wp\/v2\/pages"}],"about":[{"href":"https:\/\/www.veribilgisayar.com\/web\/wp-json\/wp\/v2\/types\/page"}],"author":[{"embeddable":true,"href":"https:\/\/www.veribilgisayar.com\/web\/wp-json\/wp\/v2\/users\/1"}],"replies":[{"embeddable":true,"href":"https:\/\/www.veribilgisayar.com\/web\/wp-json\/wp\/v2\/comments?post=213"}],"version-history":[{"count":3,"href":"https:\/\/www.veribilgisayar.com\/web\/wp-json\/wp\/v2\/pages\/213\/revisions"}],"predecessor-version":[{"id":310,"href":"https:\/\/www.veribilgisayar.com\/web\/wp-json\/wp\/v2\/pages\/213\/revisions\/310"}],"wp:attachment":[{"href":"https:\/\/www.veribilgisayar.com\/web\/wp-json\/wp\/v2\/media?parent=213"}],"curies":[{"name":"wp","href":"https:\/\/api.w.org\/{rel}","templated":true}]}}