{"id":1207,"date":"2021-02-08T16:32:57","date_gmt":"2021-02-08T16:32:57","guid":{"rendered":"http:\/\/veribilgisayar.com\/web\/?page_id=1207"},"modified":"2021-02-28T19:05:51","modified_gmt":"2021-02-28T19:05:51","slug":"bulut-yedekleme-yazilimi-sql-yedekleme-yazilimi","status":"publish","type":"page","link":"https:\/\/www.veribilgisayar.com\/web\/bulut-yedekleme-yazilimi-sql-yedekleme-yazilimi\/","title":{"rendered":"Bulut Yedekleme Yaz\u0131l\u0131m\u0131"},"content":{"rendered":"\n<div class=\"wp-block-image\"><figure class=\"aligncenter size-large\"><img decoding=\"async\" loading=\"lazy\" width=\"750\" height=\"400\" src=\"http:\/\/veribilgisayar.com\/web\/wp-content\/uploads\/2021\/02\/bulut-yedekleme.png\" alt=\"\" class=\"wp-image-1210\" srcset=\"https:\/\/www.veribilgisayar.com\/web\/wp-content\/uploads\/2021\/02\/bulut-yedekleme.png 750w, https:\/\/www.veribilgisayar.com\/web\/wp-content\/uploads\/2021\/02\/bulut-yedekleme-300x160.png 300w, https:\/\/www.veribilgisayar.com\/web\/wp-content\/uploads\/2021\/02\/bulut-yedekleme-655x349.png 655w, https:\/\/www.veribilgisayar.com\/web\/wp-content\/uploads\/2021\/02\/bulut-yedekleme-600x320.png 600w\" sizes=\"(max-width: 750px) 100vw, 750px\" \/><\/figure><\/div>\n\n\n\n<p>\u015eirketiniz i\u00e7in hayati \u00f6neme sahip olan dijital bilgilerinizi, \u00e7al\u0131nmaya, bozulmaya ya da siber sald\u0131r\u0131lara kar\u015f\u0131 koruyor musunuz?<br>Bulut yedekleme program\u0131 sayesinde bilgileriniz g\u00fcvende olsun.<br>Bulut depolama program\u0131 sayesinde dijital verileriniz g\u00fcnl\u00fck olarak Cloud depolama sistemimize yedeklenerek olas\u0131 bir sistem ar\u0131zas\u0131, HDD bozulmas\u0131 ya da siber sald\u0131r\u0131lar sonucu olu\u015fabilecek veri kay\u0131plar\u0131n\u0131 \u00f6n\u00fcne ge\u00e7er.<br>Bulut yedekleme depolama sistemi sizin verilerinizi \u015fifreleyerek Cloud sunucular\u0131m\u0131za yedekler ve ihtiyac\u0131n\u0131z oldu\u011funda sunuculardan indirebilirsiniz.<\/p>\n\n\n\n<h4 class=\"wp-block-heading\">Kolay Kullan\u0131m<\/h4>\n\n\n\n<p>Bulut hesab\u0131n\u0131za giri\u015f yaparak, Bulut veri yedekleme program\u0131 ile ilgili b\u00fct\u00fcn ayarlar\u0131n\u0131z\u0131 web sayfas\u0131 \u00fczerinden kolayl\u0131kla yapabilirsiniz. Bulut yedekleme arka planda \u00e7al\u0131\u015f\u0131rken herhangi bir sistem yava\u015flamas\u0131na sebebiyet vermez. Bu sayede i\u015fleriniz yava\u015flamadan verilerinizin yede\u011fi al\u0131nm\u0131\u015f olur<\/p>\n\n\n\n<h4 class=\"wp-block-heading\">Kullan\u0131c\u0131 Dostu Aray\u00fcz<\/h4>\n\n\n\n<p>Web sayfas\u0131 \u00fczerinden bulut hesab\u0131n\u0131z ile her veri yedekleme i\u015flemi i\u00e7in ayr\u0131 ayr\u0131 g\u00f6revler tan\u0131mlayabilir, hangi yede\u011finizde hata olu\u015ftu\u011funu g\u00f6rebilir ve bu yedeklerinize m\u00fcdahalede bulunabilirsiniz<\/p>\n\n\n\n<h4 class=\"wp-block-heading\">\u00c7oklu Kullan\u0131m<\/h4>\n\n\n\n<p>Bulut depolama ile ayn\u0131 anda birden fazla bilgisayar\u0131n\u0131zdaki verileri yedekleyebilirsiniz. Bilgisayarlar\u0131n\u0131zda tek bulut hesab\u0131 \u00fczerinden takip edebilir, m\u00fcdahale edebilirsiniz. B\u00f6ylelikle \u00e7oklu sistemlerde hesap karma\u015fas\u0131 ya\u015famazs\u0131n\u0131z.<\/p>\n\n\n\n<h4 class=\"wp-block-heading\">5\/8 \u00c7a\u011fr\u0131 Merkezi Eri\u015fimi<\/h4>\n\n\n\n<p>Bulut veri yedekleme ve kurtarma sistemi taraf\u0131m\u0131zca 7\/24 takip edilmektedir. Kullan\u0131c\u0131lar\u0131m\u0131z cloud yedekleme i\u015flemi ile ilgili olu\u015fabilecek hatalarda veya destek almak istedikleri konularda bizlere 0850 346 94 94 numaram\u0131zdan ula\u015fabilmektedir.<\/p>\n\n\n\n<h4 class=\"wp-block-heading\">7\/24 Sms Bilgilendirmesi:<\/h4>\n\n\n\n<p>Tercihiniz do\u011frultusunda veri yedekleme program\u0131 sizlere SMS yolu ile bilgilendirme yapmaktad\u0131r. B\u00f6ylelikle veri yedekleme i\u015fleminizin biti\u015f zaman\u0131n\u0131 g\u00f6rebilir, al\u0131namayan yedeklerinize kendiniz m\u00fcdahale edebilirsiniz.<\/p>\n\n\n\n<h4 class=\"wp-block-heading\">Uzaktan Yedek Alma<\/h4>\n\n\n\n<p>Yedek alma i\u015fleminizi web sayfas\u0131 veya mobil uygulama \u00fczerinden bulut hesab\u0131n\u0131z ile ba\u015flatabilir ya da daha \u00f6nceden kay\u0131tl\u0131 olan yedekleme g\u00f6revlerinde de\u011fi\u015fiklikler yapabilirsiniz. B\u00f6ylelikle yedekleme sisteminizi istedi\u011finiz her an kontrol edebilirsiniz.<\/p>\n","protected":false},"excerpt":{"rendered":"<p>\u015eirketiniz i\u00e7in hayati \u00f6neme sahip olan dijital bilgilerinizi, \u00e7al\u0131nmaya, bozulmaya ya da siber sald\u0131r\u0131lara kar\u015f\u0131 koruyor musunuz?Bulut yedekleme program\u0131 sayesinde bilgileriniz g\u00fcvende olsun.Bulut depolama program\u0131 sayesinde dijital verileriniz g\u00fcnl\u00fck olarak Cloud depolama sistemimize yedeklenerek olas\u0131&#8230;<\/p>\n","protected":false},"author":1,"featured_media":1254,"parent":0,"menu_order":0,"comment_status":"closed","ping_status":"closed","template":"","meta":[],"_links":{"self":[{"href":"https:\/\/www.veribilgisayar.com\/web\/wp-json\/wp\/v2\/pages\/1207"}],"collection":[{"href":"https:\/\/www.veribilgisayar.com\/web\/wp-json\/wp\/v2\/pages"}],"about":[{"href":"https:\/\/www.veribilgisayar.com\/web\/wp-json\/wp\/v2\/types\/page"}],"author":[{"embeddable":true,"href":"https:\/\/www.veribilgisayar.com\/web\/wp-json\/wp\/v2\/users\/1"}],"replies":[{"embeddable":true,"href":"https:\/\/www.veribilgisayar.com\/web\/wp-json\/wp\/v2\/comments?post=1207"}],"version-history":[{"count":4,"href":"https:\/\/www.veribilgisayar.com\/web\/wp-json\/wp\/v2\/pages\/1207\/revisions"}],"predecessor-version":[{"id":1212,"href":"https:\/\/www.veribilgisayar.com\/web\/wp-json\/wp\/v2\/pages\/1207\/revisions\/1212"}],"wp:featuredmedia":[{"embeddable":true,"href":"https:\/\/www.veribilgisayar.com\/web\/wp-json\/wp\/v2\/media\/1254"}],"wp:attachment":[{"href":"https:\/\/www.veribilgisayar.com\/web\/wp-json\/wp\/v2\/media?parent=1207"}],"curies":[{"name":"wp","href":"https:\/\/api.w.org\/{rel}","templated":true}]}}